{"id":6641,"date":"2021-07-06T14:03:46","date_gmt":"2021-07-06T12:03:46","guid":{"rendered":"https:\/\/fintecnic.eu\/?page_id=6641"},"modified":"2024-03-29T07:17:20","modified_gmt":"2024-03-29T06:17:20","slug":"fenetres-coulissantes-psk","status":"publish","type":"page","link":"https:\/\/fintecnic.eu\/fr\/fenetres\/fenetres-coulissantes-en-pvc\/fenetres-coulissantes-psk\/","title":{"rendered":"Fen\u00eatres coulissantes PSK"},"content":{"rendered":"<section id=\"\" class=\"side_image acf-block  acf-block-id-block_b5c4301602177f796a73857874a6865e acf-block--mb acf-block--mt\">\n        <div class=\"container\">\n        <div class=\"row side_image__row\">\n            <div class=\"col-12 col-lg-10 offset-lg-1\">\n                <div class=\"row\">\n                    <div class=\"col-12 col-md-4 \">\n                        <img decoding=\"async\" class=\"side_image__img\" src=\"https:\/\/fintecnic.eu\/app\/uploads\/2021\/07\/psk-patio.webp\" alt=\"\" loading=\"lazy\">\n                    <\/div>\n                    <div class=\"col-12 col-md-8 \">\n                        <div class=\"side_image__description description\"><p>Les portes coulissantes PSK sont la solution id\u00e9ale pour exploiter au maximum l&#8217;espace pr\u00e8s des entr\u00e9es menant \u00e0 la terrasse et au jardin, tout en \u00e9conomisant un pr\u00e9cieux espace. Elles combinent une utilisation optimale de la luminosit\u00e9 avec d&#8217;excellentes valeurs d&#8217;isolation thermique.<\/p>\n<p>Le syst\u00e8me innovant de quincaillerie \u00e0 translation et basculante permet de d\u00e9placer m\u00eame de grandes portes avec une facilit\u00e9 remarquable et avec un effort minimal.<\/p>\n<\/div>\n                    <\/div>\n                <\/div>\n            <\/div>\n        <\/div>\n    <\/div>\n\n<\/section>\n\n\n\n<section id=\"\" class=\"title_description_image acf-block  acf-block-id-block_0d8d2f573dd060a1f4dd00222ed68f02 acf-block--mb acf-block--mt\">\n\n        \n    <div class=\"container\">\n        <div class=\"row\">\n            <div class=\"col-12 col-md-10 offset-md-1\">\n\n                <div class=\"title_description_image__heading\">\n                    <div class=\"title_description_image__heading__left\">\n\n                                \n\n\n                    <\/div>\n\n                                            <a href=\"#block_0d8d2f573dd060a1f4dd00222ed68f02\" class=\"title_description_image__heading__btn btn-oval-gray\"><i class=\"fal fa-arrow-down\"><\/i><\/a>\n                                    <\/div>\n\n            <\/div>\n        <\/div>\n\n                    <div class=\"row\">\n                <div class=\"col-12\">\n                    <div class=\"title_description_image__img\" id=\"block_0d8d2f573dd060a1f4dd00222ed68f02\">\n                                                <img decoding=\"async\" src=\"https:\/\/fintecnic.eu\/app\/uploads\/2023\/11\/pvc-alluminio-fintecnic-lodz-italia-finestre-finestre-dalla-polonia-finestre-scorrevoli-PSK-patio-implementazione-1460x820-c-default.webp\" alt=\"\" loading=\"lazy\"\n                             srcset=\"\n                                    https:\/\/fintecnic.eu\/app\/uploads\/2023\/11\/pvc-alluminio-fintecnic-lodz-italia-finestre-finestre-dalla-polonia-finestre-scorrevoli-PSK-patio-implementazione-365x205-c-default.webp 365w,\n                                    https:\/\/fintecnic.eu\/app\/uploads\/2023\/11\/pvc-alluminio-fintecnic-lodz-italia-finestre-finestre-dalla-polonia-finestre-scorrevoli-PSK-patio-implementazione-730x410-c-default.webp 730w,\n                                    https:\/\/fintecnic.eu\/app\/uploads\/2023\/11\/pvc-alluminio-fintecnic-lodz-italia-finestre-finestre-dalla-polonia-finestre-scorrevoli-PSK-patio-implementazione-1460x820-c-default.webp 1460w,\n                                    https:\/\/fintecnic.eu\/app\/uploads\/2023\/11\/pvc-alluminio-fintecnic-lodz-italia-finestre-finestre-dalla-polonia-finestre-scorrevoli-PSK-patio-implementazione-2920x1640-c-default.webp 2920w\"\n                        >\n                    <\/div>\n                <\/div>\n            <\/div>\n            <\/div>\n\n<\/section>\n\n","protected":false},"excerpt":{"rendered":"","protected":false},"author":3,"featured_media":1348,"parent":6618,"menu_order":0,"comment_status":"closed","ping_status":"closed","template":"pages\/product-single.php","meta":[],"acf":[],"_links":{"self":[{"href":"https:\/\/fintecnic.eu\/fr\/wp-json\/wp\/v2\/pages\/6641"}],"collection":[{"href":"https:\/\/fintecnic.eu\/fr\/wp-json\/wp\/v2\/pages"}],"about":[{"href":"https:\/\/fintecnic.eu\/fr\/wp-json\/wp\/v2\/types\/page"}],"author":[{"embeddable":true,"href":"https:\/\/fintecnic.eu\/fr\/wp-json\/wp\/v2\/users\/3"}],"replies":[{"embeddable":true,"href":"https:\/\/fintecnic.eu\/fr\/wp-json\/wp\/v2\/comments?post=6641"}],"version-history":[{"count":3,"href":"https:\/\/fintecnic.eu\/fr\/wp-json\/wp\/v2\/pages\/6641\/revisions"}],"predecessor-version":[{"id":6644,"href":"https:\/\/fintecnic.eu\/fr\/wp-json\/wp\/v2\/pages\/6641\/revisions\/6644"}],"up":[{"embeddable":true,"href":"https:\/\/fintecnic.eu\/fr\/wp-json\/wp\/v2\/pages\/6618"}],"wp:featuredmedia":[{"embeddable":true,"href":"https:\/\/fintecnic.eu\/fr\/wp-json\/wp\/v2\/media\/1348"}],"wp:attachment":[{"href":"https:\/\/fintecnic.eu\/fr\/wp-json\/wp\/v2\/media?parent=6641"}],"curies":[{"name":"wp","href":"https:\/\/api.w.org\/{rel}","templated":true}]}}