{"id":6624,"date":"2023-10-30T15:09:11","date_gmt":"2023-10-30T14:09:11","guid":{"rendered":"https:\/\/fintecnic.eu\/?page_id=6624"},"modified":"2024-03-29T07:08:09","modified_gmt":"2024-03-29T06:08:09","slug":"yawal-systeme-dp-180-primeview-standard","status":"publish","type":"page","link":"https:\/\/fintecnic.eu\/fr\/fenetres\/fenetres-coulissantes-en-pvc\/fenetres-coulissantes-hst\/yawal-systeme-dp-180-primeview-standard\/","title":{"rendered":"Yawal Syst\u00e8me DP 180 Primeview standard"},"content":{"rendered":"<section id=\"\" class=\"side_image acf-block  acf-block-id-block_464108f6fa0fc1208444de65d160f2d0 acf-block--mb acf-block--mt\">\n        <div class=\"container\">\n        <div class=\"row side_image__row\">\n            <div class=\"col-12 col-lg-10 offset-lg-1\">\n                <div class=\"row\">\n                    <div class=\"col-12 col-md-4 \">\n                        <img decoding=\"async\" class=\"side_image__img\" src=\"https:\/\/fintecnic.eu\/app\/uploads\/2023\/10\/pvc-alluminio-fintecnic-lodz-italia-finestre-finestre-dalla-polonia-yawal_DP_180_Primeview_standard_sistema_scorrevole.webp\" alt=\"\" loading=\"lazy\">\n                    <\/div>\n                    <div class=\"col-12 col-md-8 \">\n                        <div class=\"side_image__description description\"><p>DP 180 est un syst\u00e8me de fen\u00eatres et de portes coulissantes pour une installation ext\u00e9rieure.<\/p>\n<p>Ce syst\u00e8me moderne repose sur des profils en aluminium avec une barri\u00e8re thermique. La conception du syst\u00e8me DP 180 contribue \u00e0 r\u00e9duire les pertes d&#8217;\u00e9nergie thermique et, par cons\u00e9quent, les co\u00fbts d&#8217;exploitation des b\u00e2timents pr\u00e9vus.<\/p>\n<p>Le produit est destin\u00e9 \u00e0 \u00eatre utilis\u00e9 dans des b\u00e2timents r\u00e9sidentiels et publics.<\/p>\n<p>CLIPS DE MONTAGE POUR MOUSTIQUAIRES<\/p>\n<p>Les grandes baies vitr\u00e9es coulissantes n\u00e9cessitent une protection contre les insectes. Habituellement, l&#8217;installation de moustiquaires se fait au d\u00e9triment de la transparence ou en cr\u00e9ant des seuils. C&#8217;est pourquoi la soci\u00e9t\u00e9 Yawal a d\u00e9velopp\u00e9 de nouveaux clips de masquage permettant le montage des moustiquaires pliss\u00e9es les plus populaires sur le march\u00e9 dans un seul cadre, \u00e9liminant ainsi le probl\u00e8me de l&#8217;obstruction. De plus, ce type de montage r\u00e9sout le probl\u00e8me des seuils dangereux pour les utilisateurs.<\/p>\n<p>DP 180 PRIMEVIEW GLASS<\/p>\n<p>Une solution impressionnante \u00e9liminant les \u00e9l\u00e9ments en aluminium visibles de l&#8217;ext\u00e9rieur de la structure. La version GLASS permet \u00e9galement de dissimuler compl\u00e8tement les cadres des portes coulissantes dans le sol, le plafond et la couche isolante.<\/p>\n<p>INT\u00c9GRATION DU DP 180 PRIMEVIEW AVEC LA FA\u00c7ADE<\/p>\n<p>Nouvelle fonctionnalit\u00e9 introduite en 2021, permettant une int\u00e9gration fluide de la structure DP180 PRIMEVIEW avec la fa\u00e7ade \u00e0 montants et traverses FA 50N ou FA 50N SL, tout en conservant une largeur similaire des \u00e9l\u00e9ments en aluminium visibles dans les portes HS et la fa\u00e7ade.<\/p>\n<p>DP 180 PRIMEVIEW GALENDAGE<\/p>\n<p>Une solution populaire en Europe occidentale pour dissimuler les vantaux des portes coulissantes dans des &#8220;&#8221;poches&#8221;&#8221; sp\u00e9cialement am\u00e9nag\u00e9es dans le mur du b\u00e2timent. Cette option est disponible non seulement pour les ch\u00e2ssis complexes, mais \u00e9galement pour les ch\u00e2ssis simples. Cette solution offre une transparence pratiquement totale et un effet visuel unique d&#8217;un mur compl\u00e8tement &#8220;&#8221;ouvert&#8221;&#8221;.<\/p>\n<p>AUTRES SOLUTIONS DU SYST\u00c8ME DP 180 PRIMEVIEW<\/p>\n<p>Nouvelle baguette d\u00e9corative HPVC mont\u00e9e \u00e0 l&#8217;avant de la porte &#8211; dissimule tous les \u00e9l\u00e9ments structurels, laissant une surface uniforme et facile \u00e0 nettoyer.<br \/>\nLe DP180 PRIMEVIEW peut \u00eatre fabriqu\u00e9 avec un montant \u00e9troit de classe de r\u00e9sistance \u00e0 l&#8217;effraction RC2.<\/p>\n<ul>\n<li>Peut \u00eatre r\u00e9alis\u00e9 avec une structure \u00e9troite de classe RC2<\/li>\n<li>Possibilit\u00e9 d&#8217;utiliser de tr\u00e8s grandes portes<\/li>\n<li>Possibilit\u00e9 de combiner un angle tout vitr\u00e9 \u00e0 90\u00b0 et un montant mobile<\/li>\n<li>Possibilit\u00e9 d&#8217;utiliser un seuil encastr\u00e9 &#8211; absence de barri\u00e8res architecturales<\/li>\n<li>Divis\u00e9 en barri\u00e8res thermiques pour augmenter la r\u00e9sistance \u00e0 la d\u00e9formation thermique des vantaux<\/li>\n<li>Possibilit\u00e9 d&#8217;installer un syst\u00e8me d&#8217;ouverture et de fermeture automatique des portes<\/li>\n<li>Microventilation standard<\/li>\n<li>Possibilit\u00e9 d&#8217;installer un remplissage ext\u00e9rieur<\/li>\n<li>Possibilit\u00e9 de jointer le verre sans raccords<\/li>\n<li>Solution de drainage lin\u00e9aire<\/li>\n<li>Possibilit\u00e9 d&#8217;utiliser des moustiquaires pliss\u00e9es dans un seul cadre<\/li>\n<\/ul>\n<\/div>\n                    <\/div>\n                <\/div>\n            <\/div>\n        <\/div>\n    <\/div>\n\n<\/section>\n\n\n\n<section id=\"\" class=\"title_description acf-block  acf-block-id-block_3089173bcb51ec4337f10ce4acdf08cd acf-block--mb acf-block--mt\">\n\n            <div class=\"container\">\n    <div class=\"row\">\n        <div class=\"col-12 col-lg-10 offset-lg-1\">\n                        \n    <h2 class=\"title_description__title title\">Caract\u00e9ristiques techniques<\/h2>\n\n    <div class=\"description title_description__description\"><div class=\"\"overTable\"\">\n<table border=\"\"1\"\" cellspacing=\"\"0\"\" cellpadding=\"\"0\"\">\n<tbody>\n<tr>\n<td><span style=\"\"font-size: x-small; padding: 9px;\"\">Isolation termique EN 10077-2<\/span><\/td>\n<td><span style=\"\"font-size: x-small; padding: 9px;\"\">Uw de 0,7 W\/m<sup>2<\/sup>K<\/span><\/td>\n<\/tr>\n<tr>\n<td><span style=\"\"font-size: x-small; padding: 9px;\"\">Isolation aqustique EN ISO 140-3<\/span><\/td>\n<td><span style=\"\"font-size: x-small; padding: 9px;\"\">Rw = 47 dB<\/span><\/td>\n<\/tr>\n<tr>\n<td><span style=\"\"font-size: x-small; padding: 9px;\"\">Perm\u00e9abilit\u00e9 \u00e0 l&#8217;air EN 12207<\/span><\/td>\n<td><span style=\"\"font-size: x-small; padding: 9px;\"\">Classe 4<\/span><\/td>\n<\/tr>\n<tr>\n<td><span style=\"\"font-size: x-small; padding: 9px;\"\">\u00c9tanch\u00e9it\u00e9 EN 12208<\/span><\/td>\n<td><span style=\"\"font-size: x-small; padding: 9px;\"\">E1350<\/span><\/td>\n<\/tr>\n<tr>\n<td><span style=\"\"font-size: x-small; padding: 9px;\"\">R\u00e9sistance \u00e0 la charge du vent EN 12210<\/span><\/td>\n<td><span style=\"\"font-size: x-small; padding: 9px;\"\">Classe C3<\/span><\/td>\n<\/tr>\n<tr>\n<td><span style=\"\"font-size: x-small; padding: 9px;\"\">R\u00e9sistance au cambriolage EN 1627<\/span><\/td>\n<td><span style=\"\"font-size: x-small; padding: 9px;\"\">RC2<\/span><\/td>\n<\/tr>\n<\/tbody>\n<\/table>\n<\/div>\n<\/div>\n        <\/div>\n    <\/div>\n<\/div>    \n<\/section>\n\n\n\n<section id=\"\" class=\"title_description acf-block  acf-block-id-block_1b7e38ee0303a7585d7594545ddcb599 acf-block--mb acf-block--mt\">\n\n            <div class=\"container\">\n    <div class=\"row\">\n        <div class=\"col-12 col-lg-10 offset-lg-1\">\n                        \n    <h2 class=\"title_description__title title\">Caract\u00e9ristiques du syst\u00e8me<\/h2>\n\n    <div class=\"description title_description__description\"><div class=\"\"overTable\"\">\n<table border=\"\"1\"\" cellspacing=\"\"0\"\" cellpadding=\"\"0\"\">\n<tbody>\n<tr>\n<td><span style=\"\"font-size: x-small; padding: 9px;\"\">Profondeur de construction du cadre<\/span><\/td>\n<td><span style=\"\"font-size: x-small; padding: 9px;\"\">180 mm extensible<\/span><\/td>\n<\/tr>\n<tr>\n<td><span style=\"\"font-size: x-small; padding: 9px;\"\">Profondeur structurelle du vantail<\/span><\/td>\n<td><span style=\"\"font-size: x-small; padding: 9px;\"\">81 mm<\/span><\/td>\n<\/tr>\n<tr>\n<td><span style=\"\"font-size: x-small; padding: 9px;\"\">\u00c9paisseur de la garniture<\/span><\/td>\n<td><span style=\"\"font-size: x-small; padding: 9px;\"\">29 \u00f7 63 mm<\/span><\/td>\n<\/tr>\n<tr>\n<td><span style=\"\"font-size: x-small; padding: 9px;\"\">Dimensions maximales du vantail L x H<\/span><\/td>\n<td><span style=\"\"font-size: x-small; padding: 9px;\"\">anta 3300 x 3300 mm<\/span><\/td>\n<\/tr>\n<tr>\n<td><span style=\"\"font-size: x-small; padding: 9px;\"\">Poids maximal du vantail<\/span><\/td>\n<td><span style=\"\"font-size: x-small; padding: 9px;\"\">440 kg<\/span><\/td>\n<\/tr>\n<tr>\n<td><span style=\"\"font-size: x-small; padding: 9px;\"\">Poids maximal du vantail<\/span><\/td>\n<td><span style=\"\"font-size: x-small; padding: 9px;\"\">600 kg<\/span><\/td>\n<\/tr>\n<tr>\n<td><span style=\"\"font-size: x-small; padding: 9px;\"\">Masse maximale de mati\u00e8res solides<\/span><\/td>\n<td><span style=\"\"font-size: x-small; padding: 9px;\"\">1200 kg<\/span><\/td>\n<\/tr>\n<tr>\n<td><span style=\"\"font-size: x-small; padding: 9px;\"\">Type de construction \/ diagrammes de vantaux<\/span><\/td>\n<td><span style=\"\"font-size: x-small; padding: 9px;\"\">Sch\u00e9mas: A, C, D, F, G, K, Galendage, angles 90\u00b0<\/span><\/td>\n<\/tr>\n<\/tbody>\n<\/table>\n<\/div>\n<\/div>\n        <\/div>\n    <\/div>\n<\/div>    \n<\/section>\n\n\n\n<section id=\"\" class=\"files_block image_tabs acf-block  acf-block-id-block_ddc97ed60113b9bbbd82b57883b8acd6 acf-block--mb acf-block--mt\">\n\n    <div class=\"container\">\n        <div class=\"row\">\n            <div class=\"col-12 col-md-10 offset-md-1\">\n\n                            \n\n\n\n                                    <div data-tabs class=\"files_block__tabs\">\n                        <div data-tabs-container class=\"files_block__tabs__buttons\"><\/div>\n                        \n                            <div data-tab=\"Sections\" class=\"image_tabs__content\">\n\n                                <div class=\"row\">\n\n                                                                            \n                                                                                    <a href=\"https:\/\/fintecnic.eu\/app\/uploads\/2023\/10\/pvc-alluminio-fintecnic-lodz-italia-finestre-finestre-dalla-polonia-yawal_DP_180_Primeview_standard_sistema_scorrevole_sezione-slim.jpg\" data-fancybox=\"tab-0\" data-caption=\"\" class=\"col-12 image_tabs__content__item\">\n                                                <figure>\n                                                    <img decoding=\"async\" src=\"https:\/\/fintecnic.eu\/app\/uploads\/2023\/10\/pvc-alluminio-fintecnic-lodz-italia-finestre-finestre-dalla-polonia-yawal_DP_180_Primeview_standard_sistema_scorrevole_sezione-slim.jpg\" alt=\"\">\n                                                    <figcaption><\/figcaption>\n                                                <\/figure>\n                                            <\/a>\n                                        \n                                                                            \n                                                                                    <a href=\"https:\/\/fintecnic.eu\/app\/uploads\/2023\/10\/pvc-alluminio-fintecnic-lodz-italia-finestre-finestre-dalla-polonia-yawal_DP_180_Primeview_standard_sistema_scorrevole_sezione.jpg\" data-fancybox=\"tab-0\" data-caption=\"\" class=\"col-12 image_tabs__content__item\">\n                                                <figure>\n                                                    <img decoding=\"async\" src=\"https:\/\/fintecnic.eu\/app\/uploads\/2023\/10\/pvc-alluminio-fintecnic-lodz-italia-finestre-finestre-dalla-polonia-yawal_DP_180_Primeview_standard_sistema_scorrevole_sezione.jpg\" alt=\"\">\n                                                    <figcaption><\/figcaption>\n                                                <\/figure>\n                                            <\/a>\n                                        \n                                    \n                                    \n                                                                    <\/div>\n\n\n                            <\/div>\n\n                        \n                            <div data-tab=\"Fichiers\" class=\"image_tabs__content\">\n\n                                <div class=\"row\">\n\n                                                                            \n                                        \n                                            <a href=\"https:\/\/fintecnic.eu\/app\/uploads\/2023\/10\/pvc-alluminio-fintecnic-lodz-italia-finestre-finestre-dalla-polonia-yawal_DP_180_Primeview_standard_sistema_scorrevole_volantino_dp_180_primeview.pdf\" data-fancybox=\"tab-1\" data-caption=\"\" class=\"col-12 col-sm-6 col-md-4 image_tabs__content__item\">\n                                                <figure>\n                                                    <img decoding=\"async\" src=\"https:\/\/fintecnic.eu\/app\/uploads\/2023\/10\/pvc-alluminio-fintecnic-lodz-italia-finestre-finestre-dalla-polonia-yawal_DP_180_Primeview_standard_sistema_scorrevole_volantino_dp_180_primeview-500x259-c-default.pdf\" alt=\"\">\n                                                    <figcaption><\/figcaption>\n                                                <\/figure>\n                                            <\/a>\n                                        \n                                                                            \n                                        \n                                            <a href=\"https:\/\/fintecnic.eu\/app\/uploads\/2023\/10\/pvc-alluminio-fintecnic-lodz-italia-finestre-finestre-dalla-polonia-yawal_DP_180_Primeview_standard_sistema_scorrevole_volantino_folder_primeview.pdf\" data-fancybox=\"tab-1\" data-caption=\"\" class=\"col-12 col-sm-6 col-md-4 image_tabs__content__item\">\n                                                <figure>\n                                                    <img decoding=\"async\" src=\"https:\/\/fintecnic.eu\/app\/uploads\/2023\/10\/pvc-alluminio-fintecnic-lodz-italia-finestre-finestre-dalla-polonia-yawal_DP_180_Primeview_standard_sistema_scorrevole_volantino_folder_primeview-500x259-c-default.pdf\" alt=\"\">\n                                                    <figcaption><\/figcaption>\n                                                <\/figure>\n                                            <\/a>\n                                        \n                                    \n                                    \n                                                                    <\/div>\n\n\n                            <\/div>\n\n                                            <\/div>\n                \n\n            <\/div>\n        <\/div>\n    <\/div>\n\n<\/section>\n\n","protected":false},"excerpt":{"rendered":"","protected":false},"author":3,"featured_media":5250,"parent":6614,"menu_order":0,"comment_status":"closed","ping_status":"closed","template":"pages\/product-single.php","meta":[],"acf":[],"_links":{"self":[{"href":"https:\/\/fintecnic.eu\/fr\/wp-json\/wp\/v2\/pages\/6624"}],"collection":[{"href":"https:\/\/fintecnic.eu\/fr\/wp-json\/wp\/v2\/pages"}],"about":[{"href":"https:\/\/fintecnic.eu\/fr\/wp-json\/wp\/v2\/types\/page"}],"author":[{"embeddable":true,"href":"https:\/\/fintecnic.eu\/fr\/wp-json\/wp\/v2\/users\/3"}],"replies":[{"embeddable":true,"href":"https:\/\/fintecnic.eu\/fr\/wp-json\/wp\/v2\/comments?post=6624"}],"version-history":[{"count":3,"href":"https:\/\/fintecnic.eu\/fr\/wp-json\/wp\/v2\/pages\/6624\/revisions"}],"predecessor-version":[{"id":6627,"href":"https:\/\/fintecnic.eu\/fr\/wp-json\/wp\/v2\/pages\/6624\/revisions\/6627"}],"up":[{"embeddable":true,"href":"https:\/\/fintecnic.eu\/fr\/wp-json\/wp\/v2\/pages\/6614"}],"wp:featuredmedia":[{"embeddable":true,"href":"https:\/\/fintecnic.eu\/fr\/wp-json\/wp\/v2\/media\/5250"}],"wp:attachment":[{"href":"https:\/\/fintecnic.eu\/fr\/wp-json\/wp\/v2\/media?parent=6624"}],"curies":[{"name":"wp","href":"https:\/\/api.w.org\/{rel}","templated":true}]}}