{"id":6620,"date":"2023-10-30T15:35:49","date_gmt":"2023-10-30T14:35:49","guid":{"rendered":"https:\/\/fintecnic.eu\/?page_id=6620"},"modified":"2024-03-29T07:04:05","modified_gmt":"2024-03-29T06:04:05","slug":"yawal-system-dp-180-primeview-bas-seuil","status":"publish","type":"page","link":"https:\/\/fintecnic.eu\/fr\/fenetres\/fenetres-coulissantes-en-pvc\/fenetres-coulissantes-hst\/yawal-system-dp-180-primeview-bas-seuil\/","title":{"rendered":"Yawal System DP 180 Primeview bas seuil"},"content":{"rendered":"<section id=\"\" class=\"side_image acf-block  acf-block-id-block_aab9e1d789e0cf82547313ff137c5c2b acf-block--mb acf-block--mt\">\n        <div class=\"container\">\n        <div class=\"row side_image__row\">\n            <div class=\"col-12 col-lg-10 offset-lg-1\">\n                <div class=\"row\">\n                    <div class=\"col-12 col-md-4 \">\n                        <img decoding=\"async\" class=\"side_image__img\" src=\"https:\/\/fintecnic.eu\/app\/uploads\/2023\/10\/pvc-alluminio-fintecnic-lodz-italia-finestre-finestre-dalla-polonia-yawal_DP_180_Primeview_soglia-bassa_sistema_scorrevole_dp_180-primeview.webp\" alt=\"\" loading=\"lazy\">\n                    <\/div>\n                    <div class=\"col-12 col-md-8 \">\n                        <div class=\"side_image__description description\"><p>Syst\u00e8me DP 180 PRIMEVIEW Yawal est utilis\u00e9 pour la construction de grandes portes coulissantes et d&#8217;ascenseurs, et constitue une solution de premier plan sur le march\u00e9 polonais.<\/p>\n<p>Gr\u00e2ce \u00e0 sa fonctionnalit\u00e9 et sa conception r\u00e9fl\u00e9chie, il est capable de r\u00e9pondre de mani\u00e8re exhaustive aux exigences des clients en termes de sch\u00e9mas de construction planifi\u00e9s, de param\u00e8tres techniques ou de dimensions maximales de la structure.<\/p>\n<p>Avantages du syst\u00e8me<\/p>\n<p>DP 180 Primeview bas seuil<\/p>\n<ul>\n<li>Une performance \u00e9nerg\u00e9tique exceptionnelle qui permet d&#8217;importantes \u00e9conomies d&#8217;\u00e9nergie<\/li>\n<li>Le syst\u00e8me permet une manipulation facile et offre une grande fonctionnalit\u00e9, y compris la possibilit\u00e9 de construire un bas seuil avec une terrasse<\/li>\n<li>Le m\u00e9canisme de fermeture des portes garantit une utilisation s\u00fbre m\u00eame avec des vantaux grands et lourds<\/li>\n<li>Facilit\u00e9 de montage et simplification du processus de production gr\u00e2ce \u00e0 l&#8217;utilisation de corni\u00e8res viss\u00e9es<\/li>\n<\/ul>\n<p>DP 180 Primeview Slim<\/p>\n<ul>\n<li>Une solution innovante avec un montant \u00e9troit au point de jonction des vantaux, seulement 47 mm d&#8217;\u00e9paisseur<\/li>\n<li>Garantit des \u00e9conomies d&#8217;\u00e9nergie \u00e9lev\u00e9es<\/li>\n<li>Le syst\u00e8me assure un niveau \u00e9lev\u00e9 de s\u00e9curit\u00e9 et une isolation acoustique exceptionnelle<\/li>\n<li>Montage simple et pratique ainsi que simplification du processus de production gr\u00e2ce \u00e0 l&#8217;utilisation de corni\u00e8res pour vis<\/li>\n<\/ul>\n<\/div>\n                    <\/div>\n                <\/div>\n            <\/div>\n        <\/div>\n    <\/div>\n\n<\/section>\n\n\n\n<section id=\"\" class=\"title_description acf-block  acf-block-id-block_6cc56edbe548be23c82e3060f65853be acf-block--mb acf-block--mt\">\n\n            <div class=\"container\">\n    <div class=\"row\">\n        <div class=\"col-12 col-lg-10 offset-lg-1\">\n                        \n    <h2 class=\"title_description__title title\">Sp\u00e9cifications techniques<\/h2>\n\n    <div class=\"description title_description__description\"><div class=\"\"overTable\"\">\n<table border=\"\"1\"\" cellspacing=\"\"0\"\" cellpadding=\"\"0\"\">\n<tbody>\n<tr class=\"\"overTable__TH\"\">\n<td><span style=\"\"font-size: x-small; padding: 9px;\"\"><\/span><\/td>\n<td><span style=\"\"font-size: x-small; padding: 9px;\"\">Bas seuil<\/span><\/td>\n<td><span style=\"\"font-size: x-small; padding: 9px;\"\">Slim<\/span><\/td>\n<\/tr>\n<tr>\n<td><span style=\"\"font-size: x-small; padding: 9px;\"\">Isolation thermique selon EN 10077-2<\/span><\/td>\n<td><span style=\"\"font-size: x-small; padding: 9px;\"\">Uw \u00e0 partir de 0,7 W\/m<sup>2<\/sup>K<\/span><\/td>\n<td><span style=\"\"font-size: x-small; padding: 9px;\"\">Uw \u00e0 partir de 0,7 W\/m<sup>2<\/sup>K<\/span><\/td>\n<\/tr>\n<tr>\n<td><span style=\"\"font-size: x-small; padding: 9px;\"\">Perm\u00e9abilit\u00e9 \u00e0 l&#8217;air selon EN 12207<\/span><\/td>\n<td><span style=\"\"font-size: x-small; padding: 9px;\"\">Classe 3<\/span><\/td>\n<td><span style=\"\"font-size: x-small; padding: 9px;\"\">Classe 4<\/span><\/td>\n<\/tr>\n<tr>\n<td><span style=\"\"font-size: x-small; padding: 9px;\"\">\u00c9tanch\u00e9it\u00e9 \u00e0 l&#8217;eau selon EN 12208<\/span><\/td>\n<td><span style=\"\"font-size: x-small; padding: 9px;\"\">Classe 8A<\/span><\/td>\n<td><span style=\"\"font-size: x-small; padding: 9px;\"\">Classe 9A<\/span><\/td>\n<\/tr>\n<tr>\n<td><span style=\"\"font-size: x-small; padding: 9px;\"\">R\u00e9sistance \u00e0 la charge du vent selon EN 12210<\/span><\/td>\n<td><span style=\"\"font-size: x-small; padding: 9px;\"\">Classe C2<\/span><\/td>\n<td><span style=\"\"font-size: x-small; padding: 9px;\"\">Classe C4<\/span><\/td>\n<\/tr>\n<\/tbody>\n<\/table>\n<\/div>\n<\/div>\n        <\/div>\n    <\/div>\n<\/div>    \n<\/section>\n\n\n\n<section id=\"\" class=\"title_description acf-block  acf-block-id-block_f1ce2a58cc647ed2d9edd7f2e49f7e71 acf-block--mb acf-block--mt\">\n\n            <div class=\"container\">\n    <div class=\"row\">\n        <div class=\"col-12 col-lg-10 offset-lg-1\">\n                        \n    <h2 class=\"title_description__title title\">Caract\u00e9ristiques du syst\u00e8me<\/h2>\n\n    <div class=\"description title_description__description\"><div class=\"\"overTable\"\">\n<table border=\"\"1\"\" cellspacing=\"\"0\"\" cellpadding=\"\"0\"\">\n<tbody>\n<tr class=\"\"overTable__TH\"\">\n<td><span style=\"\"font-size: x-small; padding: 9px;\"\"><\/span><\/td>\n<td><span style=\"\"font-size: x-small; padding: 9px;\"\">Bas seuil<\/span><\/td>\n<td><span style=\"\"font-size: x-small; padding: 9px;\"\">Slim<\/span><\/td>\n<\/tr>\n<tr>\n<td><span style=\"\"font-size: x-small; padding: 9px;\"\">Profondeur de cadre<\/span><\/td>\n<td><span style=\"\"font-size: x-small; padding: 9px;\"\">180 mm extensible<\/span><\/td>\n<td><span style=\"\"font-size: x-small; padding: 9px;\"\">180 mm extensible<\/span><\/td>\n<\/tr>\n<tr>\n<td><span style=\"\"font-size: x-small; padding: 9px;\"\">Profondeur de vantail<\/span><\/td>\n<td><span style=\"\"font-size: x-small; padding: 9px;\"\">81 mm<\/span><\/td>\n<td><span style=\"\"font-size: x-small; padding: 9px;\"\">81 mm<\/span><\/td>\n<\/tr>\n<tr>\n<td><span style=\"\"font-size: x-small; padding: 9px;\"\">\u00c9paisseur du remplissage<\/span><\/td>\n<td><span style=\"\"font-size: x-small; padding: 9px;\"\">29 \u00f7 63 mm<\/span><\/td>\n<td><span style=\"\"font-size: x-small; padding: 9px;\"\">29 \u00f7 63 mm<\/span><\/td>\n<\/tr>\n<tr>\n<td><span style=\"\"font-size: x-small; padding: 9px;\"\">Dimensions maximales L x H<\/span><\/td>\n<td><span style=\"\"font-size: x-small; padding: 9px;\"\">vantail 3300 x 3300 mm<\/span><\/td>\n<td><span style=\"\"font-size: x-small; padding: 9px;\"\">vantail 3300 x 3300 mm<\/span><\/td>\n<\/tr>\n<tr>\n<td><span style=\"\"font-size: x-small; padding: 9px;\"\">Poids maximal du vantail manuel<\/span><\/td>\n<td><span style=\"\"font-size: x-small; padding: 9px;\"\">440 kg<\/span><\/td>\n<td><span style=\"\"font-size: x-small; padding: 9px;\"\">440 kg<\/span><\/td>\n<\/tr>\n<tr>\n<td><span style=\"\"font-size: x-small; padding: 9px;\"\">Poids maximal du vantail automatique<\/span><\/td>\n<td><span style=\"\"font-size: x-small; padding: 9px;\"\">600 kg<\/span><\/td>\n<td><span style=\"\"font-size: x-small; padding: 9px;\"\">600 kg<\/span><\/td>\n<\/tr>\n<tr>\n<td><span style=\"\"font-size: x-small; padding: 9px;\"\">Poids maximal des parties fixes<\/span><\/td>\n<td><span style=\"\"font-size: x-small; padding: 9px;\"\">1200 kg<\/span><\/td>\n<td><span style=\"\"font-size: x-small; padding: 9px;\"\">1200 kg<\/span><\/td>\n<\/tr>\n<tr>\n<td><span style=\"\"font-size: x-small; padding: 9px;\"\">Type de construction \/ Sch\u00e9mas de vantaux<\/span><\/td>\n<td><span style=\"\"font-size: x-small; padding: 9px;\"\">Sch\u00e9mas : A, C, D, G<\/span><\/td>\n<td><span style=\"\"font-size: x-small; padding: 9px;\"\">Sch\u00e9mas : A, C, D, G, K<\/span><\/td>\n<\/tr>\n<\/tbody>\n<\/table>\n<\/div>\n<\/div>\n        <\/div>\n    <\/div>\n<\/div>    \n<\/section>\n\n\n\n<section id=\"\" class=\"files_block image_tabs acf-block  acf-block-id-block_2c6264f9e6733d7f42ed5f7be86a3464 acf-block--mb acf-block--mt\">\n\n    <div class=\"container\">\n        <div class=\"row\">\n            <div class=\"col-12 col-md-10 offset-md-1\">\n\n                            \n\n\n\n                                    <div data-tabs class=\"files_block__tabs\">\n                        <div data-tabs-container class=\"files_block__tabs__buttons\"><\/div>\n                        \n                            <div data-tab=\"Section\" class=\"image_tabs__content\">\n\n                                <div class=\"row\">\n\n                                                                            \n                                                                                    <a href=\"https:\/\/fintecnic.eu\/app\/uploads\/2023\/10\/pvc-alluminio-fintecnic-lodz-italia-finestre-finestre-dalla-polonia-yawal_DP_180_Primeview_soglia_bassa_sistema_scorrevole_facade.jpg\" data-fancybox=\"tab-0\" data-caption=\"\" class=\"col-12 image_tabs__content__item\">\n                                                <figure>\n                                                    <img decoding=\"async\" src=\"https:\/\/fintecnic.eu\/app\/uploads\/2023\/10\/pvc-alluminio-fintecnic-lodz-italia-finestre-finestre-dalla-polonia-yawal_DP_180_Primeview_soglia_bassa_sistema_scorrevole_facade.jpg\" alt=\"\">\n                                                    <figcaption><\/figcaption>\n                                                <\/figure>\n                                            <\/a>\n                                        \n                                                                            \n                                                                                    <a href=\"https:\/\/fintecnic.eu\/app\/uploads\/2023\/10\/pvc-alluminio-fintecnic-lodz-italia-finestre-finestre-dalla-polonia-yawal_DP_180_Primeview_soglia_bassa_sistema_scorrevole_anta-scorrevole.jpg\" data-fancybox=\"tab-0\" data-caption=\"\" class=\"col-12 image_tabs__content__item\">\n                                                <figure>\n                                                    <img decoding=\"async\" src=\"https:\/\/fintecnic.eu\/app\/uploads\/2023\/10\/pvc-alluminio-fintecnic-lodz-italia-finestre-finestre-dalla-polonia-yawal_DP_180_Primeview_soglia_bassa_sistema_scorrevole_anta-scorrevole.jpg\" alt=\"\">\n                                                    <figcaption><\/figcaption>\n                                                <\/figure>\n                                            <\/a>\n                                        \n                                    \n                                    \n                                                                    <\/div>\n\n\n                            <\/div>\n\n                        \n                            <div data-tab=\"Fichiers\" class=\"image_tabs__content\">\n\n                                <div class=\"row\">\n\n                                                                            \n                                        \n                                            <a href=\"https:\/\/fintecnic.eu\/app\/uploads\/2023\/10\/pvc-alluminio-fintecnic-lodz-italia-finestre-finestre-dalla-polonia-yawal_DP_180_Primeview_soglia_bassa_sistema_scorrevole_volantino_dp_180_primeview_soglia_bassa.pdf\" data-fancybox=\"tab-1\" data-caption=\"\" class=\"col-12 col-sm-6 col-md-4 image_tabs__content__item\">\n                                                <figure>\n                                                    <img decoding=\"async\" src=\"https:\/\/fintecnic.eu\/app\/uploads\/2023\/10\/pvc-alluminio-fintecnic-lodz-italia-finestre-finestre-dalla-polonia-yawal_DP_180_Primeview_soglia_bassa_sistema_scorrevole_volantino_dp_180_primeview_soglia_bassa-500x259-c-default.pdf\" alt=\"\">\n                                                    <figcaption><\/figcaption>\n                                                <\/figure>\n                                            <\/a>\n                                        \n                                    \n                                    \n                                                                    <\/div>\n\n\n                            <\/div>\n\n                                            <\/div>\n                \n\n            <\/div>\n        <\/div>\n    <\/div>\n\n<\/section>\n\n","protected":false},"excerpt":{"rendered":"","protected":false},"author":3,"featured_media":5268,"parent":6614,"menu_order":0,"comment_status":"closed","ping_status":"closed","template":"pages\/product-single.php","meta":[],"acf":[],"_links":{"self":[{"href":"https:\/\/fintecnic.eu\/fr\/wp-json\/wp\/v2\/pages\/6620"}],"collection":[{"href":"https:\/\/fintecnic.eu\/fr\/wp-json\/wp\/v2\/pages"}],"about":[{"href":"https:\/\/fintecnic.eu\/fr\/wp-json\/wp\/v2\/types\/page"}],"author":[{"embeddable":true,"href":"https:\/\/fintecnic.eu\/fr\/wp-json\/wp\/v2\/users\/3"}],"replies":[{"embeddable":true,"href":"https:\/\/fintecnic.eu\/fr\/wp-json\/wp\/v2\/comments?post=6620"}],"version-history":[{"count":3,"href":"https:\/\/fintecnic.eu\/fr\/wp-json\/wp\/v2\/pages\/6620\/revisions"}],"predecessor-version":[{"id":6623,"href":"https:\/\/fintecnic.eu\/fr\/wp-json\/wp\/v2\/pages\/6620\/revisions\/6623"}],"up":[{"embeddable":true,"href":"https:\/\/fintecnic.eu\/fr\/wp-json\/wp\/v2\/pages\/6614"}],"wp:featuredmedia":[{"embeddable":true,"href":"https:\/\/fintecnic.eu\/fr\/wp-json\/wp\/v2\/media\/5268"}],"wp:attachment":[{"href":"https:\/\/fintecnic.eu\/fr\/wp-json\/wp\/v2\/media?parent=6620"}],"curies":[{"name":"wp","href":"https:\/\/api.w.org\/{rel}","templated":true}]}}