{"id":6614,"date":"2021-07-06T14:04:51","date_gmt":"2021-07-06T12:04:51","guid":{"rendered":"https:\/\/fintecnic.eu\/?page_id=6614"},"modified":"2024-03-29T06:59:24","modified_gmt":"2024-03-29T05:59:24","slug":"fenetres-coulissantes-hst","status":"publish","type":"page","link":"https:\/\/fintecnic.eu\/fr\/fenetres\/fenetres-coulissantes-en-pvc\/fenetres-coulissantes-hst\/","title":{"rendered":"Fen\u00eatres coulissantes HST"},"content":{"rendered":"<section id=\"\" class=\"side_image acf-block  acf-block-id-block_ed01b1d4960fbec945956131baac1ea5 acf-block--mb acf-block--mt\">\n        <div class=\"container\">\n        <div class=\"row side_image__row\">\n            <div class=\"col-12 col-lg-10 offset-lg-1\">\n                <div class=\"row\">\n                    <div class=\"col-12 col-md-4 \">\n                        <img decoding=\"async\" class=\"side_image__img\" src=\"https:\/\/fintecnic.eu\/app\/uploads\/2021\/07\/scorrevoli-hst-aluplast.webp\" alt=\"\" loading=\"lazy\">\n                    <\/div>\n                    <div class=\"col-12 col-md-8 \">\n                        <div class=\"side_image__description description\"><p>Portes coulissantes levantes HST sont la solution id\u00e9ale pour ceux qui souhaitent cr\u00e9er de grandes surfaces vitr\u00e9es inondant l&#8217;int\u00e9rieur de lumi\u00e8re et lui donnant un caract\u00e8re unique.<\/p>\n<p>La technologie de levage et de coulissement utilis\u00e9e assure la stabilit\u00e9 et la l\u00e9g\u00e8ret\u00e9 des mouvements des portes, permettant de les faire glisser d&#8217;une simple pression du doigt.<\/p>\n<p>Les portes se d\u00e9placent sur une seuil abaiss\u00e9, qui est hautement isolant thermiquement et parfaitement \u00e9tanche \u00e0 l&#8217;eau.<\/p>\n<\/div>\n                    <\/div>\n                <\/div>\n            <\/div>\n        <\/div>\n    <\/div>\n\n<\/section>\n\n\n\n<section id=\"\" class=\"title_description_image acf-block  acf-block-id-block_83bee39f98a87fa0e5176e53229ec7ff acf-block--mb acf-block--mt\">\n\n        \n    <div class=\"container\">\n        <div class=\"row\">\n            <div class=\"col-12 col-md-10 offset-md-1\">\n\n                <div class=\"title_description_image__heading\">\n                    <div class=\"title_description_image__heading__left\">\n\n                                \n\n\n                    <\/div>\n\n                                            <a href=\"#block_83bee39f98a87fa0e5176e53229ec7ff\" class=\"title_description_image__heading__btn btn-oval-gray\"><i class=\"fal fa-arrow-down\"><\/i><\/a>\n                                    <\/div>\n\n            <\/div>\n        <\/div>\n\n                    <div class=\"row\">\n                <div class=\"col-12\">\n                    <div class=\"title_description_image__img\" id=\"block_83bee39f98a87fa0e5176e53229ec7ff\">\n                                                <img decoding=\"async\" src=\"https:\/\/fintecnic.eu\/app\/uploads\/2023\/11\/pvc-alluminio-fintecnic-lodz-italia-finestre-finestre-dalla-polonia-finestre-scorrevoli-HST-implementazione-scaled-1460x820-c-default.webp\" alt=\"\" loading=\"lazy\"\n                             srcset=\"\n                                    https:\/\/fintecnic.eu\/app\/uploads\/2023\/11\/pvc-alluminio-fintecnic-lodz-italia-finestre-finestre-dalla-polonia-finestre-scorrevoli-HST-implementazione-scaled-365x205-c-default.webp 365w,\n                                    https:\/\/fintecnic.eu\/app\/uploads\/2023\/11\/pvc-alluminio-fintecnic-lodz-italia-finestre-finestre-dalla-polonia-finestre-scorrevoli-HST-implementazione-scaled-730x410-c-default.webp 730w,\n                                    https:\/\/fintecnic.eu\/app\/uploads\/2023\/11\/pvc-alluminio-fintecnic-lodz-italia-finestre-finestre-dalla-polonia-finestre-scorrevoli-HST-implementazione-scaled-1460x820-c-default.webp 1460w,\n                                    https:\/\/fintecnic.eu\/app\/uploads\/2023\/11\/pvc-alluminio-fintecnic-lodz-italia-finestre-finestre-dalla-polonia-finestre-scorrevoli-HST-implementazione-scaled-2920x1640-c-default.webp 2920w\"\n                        >\n                    <\/div>\n                <\/div>\n            <\/div>\n            <\/div>\n\n<\/section>\n\n\n\n<section id=\"\" class=\"files_block image_tabs acf-block  acf-block-id-block_18997ad5c1fabfe0cf0a367d3812d41d acf-block--mb acf-block--mt\">\n\n    <div class=\"container\">\n        <div class=\"row\">\n            <div class=\"col-12 col-md-10 offset-md-1\">\n\n                            \n    <h2 class=\"files_block__title title\">HST Aluplast<\/h2>\n\n\n\n                                    <div data-tabs class=\"files_block__tabs\">\n                        <div data-tabs-container class=\"files_block__tabs__buttons\"><\/div>\n                        \n                            <div data-tab=\"Un vantail\" class=\"image_tabs__content\">\n\n                                <div class=\"row\">\n\n                                                                            \n                                        \n                                            <a href=\"https:\/\/fintecnic.eu\/app\/uploads\/2023\/10\/Aluplast_A_u_nanta_pvc-alluminio-fintecnic-lodz-italia-finestre-finestre-dalla-polonia_A.jpg\" data-fancybox=\"tab-0\" data-caption=\"\" class=\"col-12 col-sm-6 col-md-4 image_tabs__content__item\">\n                                                <figure>\n                                                    <img decoding=\"async\" src=\"https:\/\/fintecnic.eu\/app\/uploads\/2023\/10\/Aluplast_A_u_nanta_pvc-alluminio-fintecnic-lodz-italia-finestre-finestre-dalla-polonia_A-500x259-c-default.jpg\" alt=\"\">\n                                                    <figcaption><\/figcaption>\n                                                <\/figure>\n                                            <\/a>\n                                        \n                                                                            \n                                        \n                                            <a href=\"https:\/\/fintecnic.eu\/app\/uploads\/2023\/10\/Aluplast_A_u_nanta_pvc-alluminio-fintecnic-lodz-italia-finestre-finestre-dalla-polonia_D.jpg\" data-fancybox=\"tab-0\" data-caption=\"\" class=\"col-12 col-sm-6 col-md-4 image_tabs__content__item\">\n                                                <figure>\n                                                    <img decoding=\"async\" src=\"https:\/\/fintecnic.eu\/app\/uploads\/2023\/10\/Aluplast_A_u_nanta_pvc-alluminio-fintecnic-lodz-italia-finestre-finestre-dalla-polonia_D-500x259-c-default.jpg\" alt=\"\">\n                                                    <figcaption><\/figcaption>\n                                                <\/figure>\n                                            <\/a>\n                                        \n                                    \n                                    \n                                                                    <\/div>\n\n\n                            <\/div>\n\n                        \n                            <div data-tab=\"Deux vantaux\" class=\"image_tabs__content\">\n\n                                <div class=\"row\">\n\n                                                                            \n                                        \n                                            <a href=\"https:\/\/fintecnic.eu\/app\/uploads\/2023\/10\/Aluplast_A_doppia_anta_pvc-alluminio-fintecnic-lodz-italia-finestre-finestre-dalla-polonia_F.jpg\" data-fancybox=\"tab-1\" data-caption=\"\" class=\"col-12 col-sm-6 col-md-4 image_tabs__content__item\">\n                                                <figure>\n                                                    <img decoding=\"async\" src=\"https:\/\/fintecnic.eu\/app\/uploads\/2023\/10\/Aluplast_A_doppia_anta_pvc-alluminio-fintecnic-lodz-italia-finestre-finestre-dalla-polonia_F-500x259-c-default.jpg\" alt=\"\">\n                                                    <figcaption><\/figcaption>\n                                                <\/figure>\n                                            <\/a>\n                                        \n                                                                            \n                                        \n                                            <a href=\"https:\/\/fintecnic.eu\/app\/uploads\/2023\/10\/Aluplast_A_doppia_anta_pvc-alluminio-fintecnic-lodz-italia-finestre-finestre-dalla-polonia_C.jpg\" data-fancybox=\"tab-1\" data-caption=\"\" class=\"col-12 col-sm-6 col-md-4 image_tabs__content__item\">\n                                                <figure>\n                                                    <img decoding=\"async\" src=\"https:\/\/fintecnic.eu\/app\/uploads\/2023\/10\/Aluplast_A_doppia_anta_pvc-alluminio-fintecnic-lodz-italia-finestre-finestre-dalla-polonia_C-500x259-c-default.jpg\" alt=\"\">\n                                                    <figcaption><\/figcaption>\n                                                <\/figure>\n                                            <\/a>\n                                        \n                                    \n                                    \n                                                                    <\/div>\n\n\n                            <\/div>\n\n                        \n                            <div data-tab=\"Fichiers\" class=\"image_tabs__content\">\n\n                                <div class=\"row\">\n\n                                    \n                                    \n                                                                            <div class=\"col-12\">\n\n                                            <div class=\"files_block__tabs__content\">\n\n                                                                                                    <a href=\"https:\/\/fintecnic.eu\/app\/uploads\/2023\/10\/folder-8s-ideal-hst-85-mm-pl-2022-03_63a301d5f02725_31620102.pdf\" download class=\"files_block__file\" aria-label=\"Pobierz Brochure sur les portes coulissantes et levantes\">\n                                                        <span class=\"files_block__file__title\">Brochure sur les portes coulissantes et levantes<\/span>\n                                                        <span class=\"files_block__file__download\">T\u00e9l\u00e9charger<\/span>\n                                                    <\/a>\n                                                \n                                            <\/div>\n\n                                        <\/div>\n                                                                    <\/div>\n\n\n                            <\/div>\n\n                                            <\/div>\n                \n\n            <\/div>\n        <\/div>\n    <\/div>\n\n<\/section>\n\n\n\n<section id=\"\" class=\"files_block image_tabs acf-block  acf-block-id-block_41ce0877872df1e0436f5a584c3adf17 acf-block--mb acf-block--mt\">\n\n    <div class=\"container\">\n        <div class=\"row\">\n            <div class=\"col-12 col-md-10 offset-md-1\">\n\n                            \n    <h2 class=\"files_block__title title\">HST Salamander<\/h2>\n\n\n\n                                    <div data-tabs class=\"files_block__tabs\">\n                        <div data-tabs-container class=\"files_block__tabs__buttons\"><\/div>\n                        \n                            <div data-tab=\"Un vantail\" class=\"image_tabs__content\">\n\n                                <div class=\"row\">\n\n                                                                            \n                                        \n                                            <a href=\"https:\/\/fintecnic.eu\/app\/uploads\/2023\/10\/Salamander_A_u_nanta_pvc-alluminio-fintecnic-lodz-italia-finestre-finestre-dalla-polonia_A.jpg\" data-fancybox=\"tab-0\" data-caption=\"\" class=\"col-12 col-sm-6 col-md-4 image_tabs__content__item\">\n                                                <figure>\n                                                    <img decoding=\"async\" src=\"https:\/\/fintecnic.eu\/app\/uploads\/2023\/10\/Salamander_A_u_nanta_pvc-alluminio-fintecnic-lodz-italia-finestre-finestre-dalla-polonia_A-500x259-c-default.jpg\" alt=\"\">\n                                                    <figcaption><\/figcaption>\n                                                <\/figure>\n                                            <\/a>\n                                        \n                                    \n                                    \n                                                                    <\/div>\n\n\n                            <\/div>\n\n                        \n                            <div data-tab=\"Deux vantaux\" class=\"image_tabs__content\">\n\n                                <div class=\"row\">\n\n                                                                            \n                                        \n                                            <a href=\"https:\/\/fintecnic.eu\/app\/uploads\/2023\/10\/Salamander_A_doppia_anta_pvc-alluminio-fintecnic-lodz-italia-finestre-finestre-dalla-polonia_C.jpg\" data-fancybox=\"tab-1\" data-caption=\"\" class=\"col-12 col-sm-6 col-md-4 image_tabs__content__item\">\n                                                <figure>\n                                                    <img decoding=\"async\" src=\"https:\/\/fintecnic.eu\/app\/uploads\/2023\/10\/Salamander_A_doppia_anta_pvc-alluminio-fintecnic-lodz-italia-finestre-finestre-dalla-polonia_C-500x259-c-default.jpg\" alt=\"\">\n                                                    <figcaption><\/figcaption>\n                                                <\/figure>\n                                            <\/a>\n                                        \n                                                                            \n                                        \n                                            <a href=\"https:\/\/fintecnic.eu\/app\/uploads\/2023\/10\/Salamander_A_doppia_anta_pvc-alluminio-fintecnic-lodz-italia-finestre-finestre-dalla-polonia_G.jpg\" data-fancybox=\"tab-1\" data-caption=\"\" class=\"col-12 col-sm-6 col-md-4 image_tabs__content__item\">\n                                                <figure>\n                                                    <img decoding=\"async\" src=\"https:\/\/fintecnic.eu\/app\/uploads\/2023\/10\/Salamander_A_doppia_anta_pvc-alluminio-fintecnic-lodz-italia-finestre-finestre-dalla-polonia_G-500x259-c-default.jpg\" alt=\"\">\n                                                    <figcaption><\/figcaption>\n                                                <\/figure>\n                                            <\/a>\n                                        \n                                    \n                                    \n                                                                    <\/div>\n\n\n                            <\/div>\n\n                        \n                            <div data-tab=\"Fichiers\" class=\"image_tabs__content\">\n\n                                <div class=\"row\">\n\n                                    \n                                    \n                                                                            <div class=\"col-12\">\n\n                                            <div class=\"files_block__tabs__content\">\n\n                                                                                                    <a href=\"https:\/\/fintecnic.eu\/app\/uploads\/2023\/10\/2021_07_05_evolutionDrive_HST_Web_IT.pdf\" download class=\"files_block__file\" aria-label=\"Pobierz T\u00e9l\u00e9charger la brochure\">\n                                                        <span class=\"files_block__file__title\">T\u00e9l\u00e9charger la brochure<\/span>\n                                                        <span class=\"files_block__file__download\">T\u00e9l\u00e9charger<\/span>\n                                                    <\/a>\n                                                \n                                            <\/div>\n\n                                        <\/div>\n                                                                    <\/div>\n\n\n                            <\/div>\n\n                                            <\/div>\n                \n\n            <\/div>\n        <\/div>\n    <\/div>\n\n<\/section>\n\n","protected":false},"excerpt":{"rendered":"","protected":false},"author":3,"featured_media":1337,"parent":6618,"menu_order":0,"comment_status":"closed","ping_status":"closed","template":"pages\/product-single.php","meta":[],"acf":[],"_links":{"self":[{"href":"https:\/\/fintecnic.eu\/fr\/wp-json\/wp\/v2\/pages\/6614"}],"collection":[{"href":"https:\/\/fintecnic.eu\/fr\/wp-json\/wp\/v2\/pages"}],"about":[{"href":"https:\/\/fintecnic.eu\/fr\/wp-json\/wp\/v2\/types\/page"}],"author":[{"embeddable":true,"href":"https:\/\/fintecnic.eu\/fr\/wp-json\/wp\/v2\/users\/3"}],"replies":[{"embeddable":true,"href":"https:\/\/fintecnic.eu\/fr\/wp-json\/wp\/v2\/comments?post=6614"}],"version-history":[{"count":3,"href":"https:\/\/fintecnic.eu\/fr\/wp-json\/wp\/v2\/pages\/6614\/revisions"}],"predecessor-version":[{"id":6617,"href":"https:\/\/fintecnic.eu\/fr\/wp-json\/wp\/v2\/pages\/6614\/revisions\/6617"}],"up":[{"embeddable":true,"href":"https:\/\/fintecnic.eu\/fr\/wp-json\/wp\/v2\/pages\/6618"}],"wp:featuredmedia":[{"embeddable":true,"href":"https:\/\/fintecnic.eu\/fr\/wp-json\/wp\/v2\/media\/1337"}],"wp:attachment":[{"href":"https:\/\/fintecnic.eu\/fr\/wp-json\/wp\/v2\/media?parent=6614"}],"curies":[{"name":"wp","href":"https:\/\/api.w.org\/{rel}","templated":true}]}}