{"id":6350,"date":"2021-07-06T15:19:52","date_gmt":"2021-07-06T13:19:52","guid":{"rendered":"https:\/\/fintecnic.eu\/?page_id=6350"},"modified":"2024-07-31T09:06:14","modified_gmt":"2024-07-31T07:06:14","slug":"paris","status":"publish","type":"page","link":"https:\/\/fintecnic.eu\/fr\/fenetres\/fenetres-en-pvc\/paris\/","title":{"rendered":"Paris"},"content":{"rendered":"<section id=\"\" class=\"title_description acf-block  acf-block-id-block_d385cd2fe792c3198fa5e539c0b1edc5 acf-block--mb acf-block--mt\">\n\n            <div class=\"container\">\n    <div class=\"row\">\n        <div class=\"col-12 col-lg-10 offset-lg-1\">\n                        \n\n    <div class=\"description title_description__description\"><h2>Fen\u00eatres PVC Paris<\/h2>\n<p>En tant qu&#8217;entreprise du secteur verrier polonais (fen\u00eatres de Pologne), nous nous consacrons \u00e0 la vente de fen\u00eatres PVC de haute qualit\u00e9 (fabricants de fen\u00eatres PVC \u00e0 Paris) que nous proposons \u00e0 nos clients.<br \/>\nNotre gamme comprend des fen\u00eatres de marques connues et populaires telles que Salamander ou Aluplast. La collaboration avec ces fabricants de fen\u00eatres PVC (fabricants de fen\u00eatres PVC) nous permet de proposer des fen\u00eatres \u00e9l\u00e9gantes, modernes et d&#8217;une qualit\u00e9 exceptionnelle.<\/p>\n<p>L&#8217;avantage des fen\u00eatres en provenance de Pologne r\u00e9side principalement dans leurs prix comp\u00e9titifs et dans le fait qu&#8217;elles sont sur mesure pour chaque client. De plus, les fen\u00eatres propos\u00e9es par notre entreprise Fintecnic sont fabriqu\u00e9es \u00e0 partir de mat\u00e9riaux de haute qualit\u00e9, ce qui en fait un investissement durable pour de nombreuses ann\u00e9es. Il est tr\u00e8s important que les fen\u00eatres soient durables, bien construites et qu&#8217;elles aient toujours une bonne apparence m\u00eame apr\u00e8s des ann\u00e9es d&#8217;utilisation.<\/p>\n<h2>PVC de Pologne<\/h2>\n<p>Les fen\u00eatres en PVC sont actuellement les plus couramment utilis\u00e9es dans le secteur du b\u00e2timent. Elles sont choisies principalement pour leur fonctionnalit\u00e9 et leur esth\u00e9tique. Elles sont \u00e9galement tr\u00e8s rentables, et leur qualit\u00e9 permet une utilisation des fen\u00eatres PVC pendant de nombreuses ann\u00e9es.<br \/>\nPour ceux qui recherchent des fen\u00eatres dans un style traditionnel, nous recommandons particuli\u00e8rement les fen\u00eatres en bois (fen\u00eatres en bois). Elles sont \u00e9l\u00e9gantes et conviennent aux pi\u00e8ces d\u00e9cor\u00e9es dans un style moins moderniste.<\/p>\n<p>En tant qu&#8217;entreprise professionnelle offrant une large gamme de produits, nous souhaitons r\u00e9pondre aux attentes de chaque client. Nous garantissons non seulement des produits de haute qualit\u00e9, mais \u00e9galement des d\u00e9lais de livraison courts et des conseils professionnels.<\/p>\n<p>Nous proposons nos fen\u00eatres PVC Paris aux clients qui appr\u00e9cient la qualit\u00e9, la durabilit\u00e9 et les investissements r\u00e9fl\u00e9chis. Les fen\u00eatres d&#8217;Aluplast, Salamander sont avant tout esth\u00e9tiques, modernes et con\u00e7ues pour s&#8217;adapter \u00e0 tout environnement.<\/p>\n<p>Les fen\u00eatres sont consid\u00e9r\u00e9es comme la carte de visite d&#8217;une maison, il est donc important de veiller \u00e0 ce qu&#8217;elles aient la meilleure apparence possible. Il est \u00e9galement essentiel que les fen\u00eatres soient durables et ne se d\u00e9t\u00e9riorent pas rapidement. C&#8217;est pourquoi il est important de r\u00e9fl\u00e9chir au type de fen\u00eatres et \u00e0 la marque qui r\u00e9pondront le mieux \u00e0 nos attentes.<\/p>\n<p>Les fen\u00eatres PVC Roma sont des produits extr\u00eamement fiables qui ont \u00e9t\u00e9 test\u00e9s et approuv\u00e9s par de nombreux clients. Leur satisfaction garantit notre confiance dans les fen\u00eatres que nous vendons.<\/p>\n<p>Des fen\u00eatres fonctionnelles ne doivent pas n\u00e9cessairement \u00eatre simples et sans int\u00e9r\u00eat. Gr\u00e2ce \u00e0 l&#8217;accent mis par les fabricants polonais de fen\u00eatres sur les tendances modernes et la qualit\u00e9, les fen\u00eatres que nous proposons sont certainement une combinaison de qualit\u00e9 et de praticit\u00e9.<\/p>\n<p>En plus des fen\u00eatres PVC de Pologne, nous proposons \u00e9galement des fen\u00eatres et des portes en bois, ainsi que des produits en aluminium. Nous fournissons \u00e9galement \u00e0 nos clients des portes de garage, des volets et des rebords de fen\u00eatre.<\/p>\n<\/div>\n        <\/div>\n    <\/div>\n<\/div>    \n<\/section>\n\n\n\n<section id=\"\" class=\"files_block image_tabs acf-block  acf-block-id-block_6a7ee5e9358a4dd3ec632e555fa3e0ec acf-block--mb acf-block--mt\">\n\n    <div class=\"container\">\n        <div class=\"row\">\n            <div class=\"col-12 col-md-10 offset-md-1\">\n\n                            \n\n\n\n                                    <div data-tabs class=\"files_block__tabs\">\n                        <div data-tabs-container class=\"files_block__tabs__buttons\"><\/div>\n                        \n                            <div data-tab=\"Galeria\" class=\"image_tabs__content\">\n\n                                <div class=\"row\">\n\n                                                                            \n                                        \n                                            <a href=\"https:\/\/fintecnic.eu\/app\/uploads\/2021\/07\/finestre-pvc-roma-fintecnic.jpg\" data-fancybox=\"tab-0\" data-caption=\"\" class=\"col-12 col-sm-6 col-md-4 image_tabs__content__item\">\n                                                <figure>\n                                                    <img decoding=\"async\" src=\"https:\/\/fintecnic.eu\/app\/uploads\/2021\/07\/finestre-pvc-roma-fintecnic-500x259-c-default.jpg\" alt=\"\">\n                                                    <figcaption><\/figcaption>\n                                                <\/figure>\n                                            <\/a>\n                                        \n                                                                            \n                                        \n                                            <a href=\"https:\/\/fintecnic.eu\/app\/uploads\/2021\/07\/pvc-roma.webp\" data-fancybox=\"tab-0\" data-caption=\"\" class=\"col-12 col-sm-6 col-md-4 image_tabs__content__item\">\n                                                <figure>\n                                                    <img decoding=\"async\" src=\"https:\/\/fintecnic.eu\/app\/uploads\/2021\/07\/pvc-roma-500x259-c-default.webp\" alt=\"\">\n                                                    <figcaption><\/figcaption>\n                                                <\/figure>\n                                            <\/a>\n                                        \n                                    \n                                    \n                                                                    <\/div>\n\n\n                            <\/div>\n\n                                            <\/div>\n                \n\n            <\/div>\n        <\/div>\n    <\/div>\n\n<\/section>\n\n","protected":false},"excerpt":{"rendered":"","protected":false},"author":3,"featured_media":1494,"parent":5892,"menu_order":0,"comment_status":"closed","ping_status":"closed","template":"pages\/product-single.php","meta":[],"acf":[],"_links":{"self":[{"href":"https:\/\/fintecnic.eu\/fr\/wp-json\/wp\/v2\/pages\/6350"}],"collection":[{"href":"https:\/\/fintecnic.eu\/fr\/wp-json\/wp\/v2\/pages"}],"about":[{"href":"https:\/\/fintecnic.eu\/fr\/wp-json\/wp\/v2\/types\/page"}],"author":[{"embeddable":true,"href":"https:\/\/fintecnic.eu\/fr\/wp-json\/wp\/v2\/users\/3"}],"replies":[{"embeddable":true,"href":"https:\/\/fintecnic.eu\/fr\/wp-json\/wp\/v2\/comments?post=6350"}],"version-history":[{"count":3,"href":"https:\/\/fintecnic.eu\/fr\/wp-json\/wp\/v2\/pages\/6350\/revisions"}],"predecessor-version":[{"id":7753,"href":"https:\/\/fintecnic.eu\/fr\/wp-json\/wp\/v2\/pages\/6350\/revisions\/7753"}],"up":[{"embeddable":true,"href":"https:\/\/fintecnic.eu\/fr\/wp-json\/wp\/v2\/pages\/5892"}],"wp:featuredmedia":[{"embeddable":true,"href":"https:\/\/fintecnic.eu\/fr\/wp-json\/wp\/v2\/media\/1494"}],"wp:attachment":[{"href":"https:\/\/fintecnic.eu\/fr\/wp-json\/wp\/v2\/media?parent=6350"}],"curies":[{"name":"wp","href":"https:\/\/api.w.org\/{rel}","templated":true}]}}