{"id":6228,"date":"2021-07-06T15:39:47","date_gmt":"2021-07-06T13:39:47","guid":{"rendered":"https:\/\/fintecnic.eu\/?page_id=6228"},"modified":"2024-03-12T14:25:07","modified_gmt":"2024-03-12T13:25:07","slug":"fenetres-gealan-optimal-s9000","status":"publish","type":"page","link":"https:\/\/fintecnic.eu\/fr\/fenetres\/fenetres-en-pvc\/fenetres-gealan-optimal-s9000\/","title":{"rendered":"Fen\u00eatres Gealan Optimal s9000"},"content":{"rendered":"<section id=\"\" class=\"title_description acf-block  acf-block-id-block_9fa567ff11ce08182672efe2dc63f55f acf-block--mb acf-block--mt\">\n\n            <div class=\"container\">\n    <div class=\"row\">\n        <div class=\"col-12 col-lg-10 offset-lg-1\">\n                        \n\n    <div class=\"description title_description__description\"><p>Fen\u00eatres de la s\u00e9rie Gealan Optimal sont produites selon le syst\u00e8me S9000. Leur excellente performance thermique r\u00e9sulte de l&#8217;\u00e9paisseur du cadre et du troisi\u00e8me joint d&#8217;\u00e9tanch\u00e9it\u00e9 \u00e0 un prix abordable, ce qui en fait un produit populaire sur le march\u00e9.<\/p>\n<\/div>\n        <\/div>\n    <\/div>\n<\/div>    \n<\/section>\n\n\n\n<section id=\"\" class=\"image_points acf-block  acf-block-id-block_ef3bbca9229fd043ac69e8d900c19d79 acf-block--mb acf-block--mt\">\n\n    <div class=\"container\">\n        <div class=\"row align-items-center\">\n            <div class=\"col-12 col-md-6 col-lg-5 offset-lg-1\">\n                <div class=\"image_points__img\">\n                    \n                    <picture>\n                        <source media=\"(max-width: 767px)\"\n                                srcset=\"\n                                         315w,\n                                         630w\n                        \">\n                        <source media=\"(min-width: 768px)\"\n                                srcset=\"\n                                         590w,\n                                         1180w\n                        \">\n\n                        <img decoding=\"async\" src=\"\" alt=\"\" loading=\"lazy\"\n                             srcset=\" 590w,\n                                 1180w\n                        \">\n                    <\/picture>\n\n\n\n                <\/div>\n            <\/div>\n            <div class=\"col-12 col-md-6 col-lg-5\">\n                <div class=\"image_points__text\">\n\n                            \n\n\n                                    <\/div>\n            <\/div>\n        <\/div>\n\n                <div class=\"row image_points__row\">\n            <div class=\"col-12 col-md-12 col-lg-10 offset-lg-1 col-xl-8 offset-xl-2\">\n                <div class=\"row\">\n                                            <div class=\"col-12 col-md-6\">\n                            <div class=\"image_points__item\">\n                                <i class=\"fal fa-check-circle image_points__item__icon\"><\/i>\n                                <h3 class=\"image_points__item__title\">Profil:<\/h3>\n                                <p class=\"image_points__item__description\">Cadre \u00e0 6 chambres 83 mm<\/p>\n                            <\/div>\n                        <\/div>\n                                            <div class=\"col-12 col-md-6\">\n                            <div class=\"image_points__item\">\n                                <i class=\"fal fa-check-circle image_points__item__icon\"><\/i>\n                                <h3 class=\"image_points__item__title\">Vitrage:<\/h3>\n                                <p class=\"image_points__item__description\">4x16x4 Ar Ug=1,0 W\/m2K, PILKINGTON<\/p>\n                            <\/div>\n                        <\/div>\n                                            <div class=\"col-12 col-md-6\">\n                            <div class=\"image_points__item\">\n                                <i class=\"fal fa-check-circle image_points__item__icon\"><\/i>\n                                <h3 class=\"image_points__item__title\">Quincaillerie:<\/h3>\n                                <p class=\"image_points__item__description\">Siegienia<\/p>\n                            <\/div>\n                        <\/div>\n                                            <div class=\"col-12 col-md-6\">\n                            <div class=\"image_points__item\">\n                                <i class=\"fal fa-check-circle image_points__item__icon\"><\/i>\n                                <h3 class=\"image_points__item__title\">Cadre thermique:<\/h3>\n                                <p class=\"image_points__item__description\">acier\/aluminium<\/p>\n                            <\/div>\n                        <\/div>\n                                            <div class=\"col-12 col-md-6\">\n                            <div class=\"image_points__item\">\n                                <i class=\"fal fa-check-circle image_points__item__icon\"><\/i>\n                                <h3 class=\"image_points__item__title\">Poign\u00e9es:<\/h3>\n                                <p class=\"image_points__item__description\">standard<\/p>\n                            <\/div>\n                        <\/div>\n                                            <div class=\"col-12 col-md-6\">\n                            <div class=\"image_points__item\">\n                                <i class=\"fal fa-check-circle image_points__item__icon\"><\/i>\n                                <h3 class=\"image_points__item__title\">Joints:<\/h3>\n                                <p class=\"image_points__item__description\">deux joints en EPDM<\/p>\n                            <\/div>\n                        <\/div>\n                                            <div class=\"col-12 col-md-6\">\n                            <div class=\"image_points__item\">\n                                <i class=\"fal fa-check-circle image_points__item__icon\"><\/i>\n                                <h3 class=\"image_points__item__title\">Isolation thermique:<\/h3>\n                                <p class=\"image_points__item__description\">Uw=[W\/(m^(2)K)] 0,84<\/p>\n                            <\/div>\n                        <\/div>\n                                            <div class=\"col-12 col-md-6\">\n                            <div class=\"image_points__item\">\n                                <i class=\"fal fa-check-circle image_points__item__icon\"><\/i>\n                                <h3 class=\"image_points__item__title\">Isolation aqustique:<\/h3>\n                                <p class=\"image_points__item__description\">Rw [dB] = 34<\/p>\n                            <\/div>\n                        <\/div>\n                                    <\/div>\n                <div class=\"row\">\n                    <div class=\"col-12\">\n                        <div class=\"image_points__foot\">\n                                                    <\/div>\n                    <\/div>\n                <\/div>\n\n            <\/div>\n        <\/div>\n            <\/div>\n\n<\/section>\n\n\n\n<section id=\"\" class=\"files_block image_tabs acf-block  acf-block-id-block_212c05704879b8924bf1a45ccf2c64e7 acf-block--mb acf-block--mt\">\n\n    <div class=\"container\">\n        <div class=\"row\">\n            <div class=\"col-12 col-md-10 offset-md-1\">\n\n                            \n\n\n\n                                    <div data-tabs class=\"files_block__tabs\">\n                        <div data-tabs-container class=\"files_block__tabs__buttons\"><\/div>\n                        \n                            <div data-tab=\"Coloris Gaelan\" class=\"image_tabs__content\">\n\n                                <div class=\"row\">\n\n                                                                            \n                                        \n                                            <a href=\"https:\/\/fintecnic.eu\/app\/uploads\/2021\/07\/01-colore-gealan-noce-2178007.jpeg\" data-fancybox=\"tab-0\" data-caption=\"\" class=\"col-12 col-sm-6 col-md-4 image_tabs__content__item\">\n                                                <figure>\n                                                    <img decoding=\"async\" src=\"https:\/\/fintecnic.eu\/app\/uploads\/2021\/07\/01-colore-gealan-noce-2178007-500x259-c-default.jpeg\" alt=\"\">\n                                                    <figcaption><\/figcaption>\n                                                <\/figure>\n                                            <\/a>\n                                        \n                                                                            \n                                        \n                                            <a href=\"https:\/\/fintecnic.eu\/app\/uploads\/2021\/07\/02-colore-gealan-rovere-gold-2178001.jpeg\" data-fancybox=\"tab-0\" data-caption=\"\" class=\"col-12 col-sm-6 col-md-4 image_tabs__content__item\">\n                                                <figure>\n                                                    <img decoding=\"async\" src=\"https:\/\/fintecnic.eu\/app\/uploads\/2021\/07\/02-colore-gealan-rovere-gold-2178001-500x259-c-default.jpeg\" alt=\"\">\n                                                    <figcaption><\/figcaption>\n                                                <\/figure>\n                                            <\/a>\n                                        \n                                                                            \n                                        \n                                            <a href=\"https:\/\/fintecnic.eu\/app\/uploads\/2021\/07\/03-colore-gealan-mogano-2065021.jpeg\" data-fancybox=\"tab-0\" data-caption=\"\" class=\"col-12 col-sm-6 col-md-4 image_tabs__content__item\">\n                                                <figure>\n                                                    <img decoding=\"async\" src=\"https:\/\/fintecnic.eu\/app\/uploads\/2021\/07\/03-colore-gealan-mogano-2065021-500x259-c-default.jpeg\" alt=\"\">\n                                                    <figcaption><\/figcaption>\n                                                <\/figure>\n                                            <\/a>\n                                        \n                                                                            \n                                        \n                                            <a href=\"https:\/\/fintecnic.eu\/app\/uploads\/2021\/07\/04-colore-gealan-antracite-701605.jpeg\" data-fancybox=\"tab-0\" data-caption=\"\" class=\"col-12 col-sm-6 col-md-4 image_tabs__content__item\">\n                                                <figure>\n                                                    <img decoding=\"async\" src=\"https:\/\/fintecnic.eu\/app\/uploads\/2021\/07\/04-colore-gealan-antracite-701605-500x259-c-default.jpeg\" alt=\"\">\n                                                    <figcaption><\/figcaption>\n                                                <\/figure>\n                                            <\/a>\n                                        \n                                                                            \n                                        \n                                            <a href=\"https:\/\/fintecnic.eu\/app\/uploads\/2021\/07\/05-colore-gealan-rovere-pallude-3167004.jpeg\" data-fancybox=\"tab-0\" data-caption=\"\" class=\"col-12 col-sm-6 col-md-4 image_tabs__content__item\">\n                                                <figure>\n                                                    <img decoding=\"async\" src=\"https:\/\/fintecnic.eu\/app\/uploads\/2021\/07\/05-colore-gealan-rovere-pallude-3167004-500x259-c-default.jpeg\" alt=\"\">\n                                                    <figcaption><\/figcaption>\n                                                <\/figure>\n                                            <\/a>\n                                        \n                                                                            \n                                        \n                                            <a href=\"https:\/\/fintecnic.eu\/app\/uploads\/2021\/07\/13-colore-gealan-winchester-49240.jpeg\" data-fancybox=\"tab-0\" data-caption=\"\" class=\"col-12 col-sm-6 col-md-4 image_tabs__content__item\">\n                                                <figure>\n                                                    <img decoding=\"async\" src=\"https:\/\/fintecnic.eu\/app\/uploads\/2021\/07\/13-colore-gealan-winchester-49240-500x259-c-default.jpeg\" alt=\"\">\n                                                    <figcaption><\/figcaption>\n                                                <\/figure>\n                                            <\/a>\n                                        \n                                    \n                                    \n                                                                    <\/div>\n\n\n                            <\/div>\n\n                        \n                            <div data-tab=\"Galerie\" class=\"image_tabs__content\">\n\n                                <div class=\"row\">\n\n                                                                            \n                                        \n                                            <a href=\"https:\/\/fintecnic.eu\/app\/uploads\/2021\/07\/finestre-optimal-s9000-fintecnic.jpg\" data-fancybox=\"tab-1\" data-caption=\"\" class=\"col-12 col-sm-6 col-md-4 image_tabs__content__item\">\n                                                <figure>\n                                                    <img decoding=\"async\" src=\"https:\/\/fintecnic.eu\/app\/uploads\/2021\/07\/finestre-optimal-s9000-fintecnic-500x259-c-default.jpg\" alt=\"\">\n                                                    <figcaption><\/figcaption>\n                                                <\/figure>\n                                            <\/a>\n                                        \n                                                                            \n                                        \n                                            <a href=\"https:\/\/fintecnic.eu\/app\/uploads\/2021\/07\/campionari-gealan.jpeg\" data-fancybox=\"tab-1\" data-caption=\"\" class=\"col-12 col-sm-6 col-md-4 image_tabs__content__item\">\n                                                <figure>\n                                                    <img decoding=\"async\" src=\"https:\/\/fintecnic.eu\/app\/uploads\/2021\/07\/campionari-gealan-500x259-c-default.jpeg\" alt=\"\">\n                                                    <figcaption><\/figcaption>\n                                                <\/figure>\n                                            <\/a>\n                                        \n                                    \n                                    \n                                                                    <\/div>\n\n\n                            <\/div>\n\n                        \n                            <div data-tab=\"Section\" class=\"image_tabs__content\">\n\n                                <div class=\"row\">\n\n                                                                            \n                                                                                    <a href=\"https:\/\/fintecnic.eu\/app\/uploads\/2021\/07\/sezione-gealan-s9000.png\" data-fancybox=\"tab-2\" data-caption=\"\" class=\"col-12 image_tabs__content__item\">\n                                                <figure>\n                                                    <img decoding=\"async\" src=\"https:\/\/fintecnic.eu\/app\/uploads\/2021\/07\/sezione-gealan-s9000.png\" alt=\"\">\n                                                    <figcaption><\/figcaption>\n                                                <\/figure>\n                                            <\/a>\n                                        \n                                    \n                                    \n                                                                    <\/div>\n\n\n                            <\/div>\n\n                        \n                            <div data-tab=\"Fichiers\" class=\"image_tabs__content\">\n\n                                <div class=\"row\">\n\n                                    \n                                    \n                                                                            <div class=\"col-12\">\n\n                                            <div class=\"files_block__tabs__content\">\n\n                                                                                                    <a href=\"https:\/\/fintecnic.eu\/app\/uploads\/2021\/07\/listino-prezzi-gealan.pdf\" download class=\"files_block__file\" aria-label=\"Pobierz Tarifs Gealan\">\n                                                        <span class=\"files_block__file__title\">Tarifs Gealan<\/span>\n                                                        <span class=\"files_block__file__download\">T\u00e9l\u00e9charger<\/span>\n                                                    <\/a>\n                                                                                                    <a href=\"https:\/\/fintecnic.eu\/app\/uploads\/2021\/07\/volantino-prodotti-gealan.pdf\" download class=\"files_block__file\" aria-label=\"Pobierz Catalogue des produits Gealan\">\n                                                        <span class=\"files_block__file__title\">Catalogue des produits Gealan<\/span>\n                                                        <span class=\"files_block__file__download\">T\u00e9l\u00e9charger<\/span>\n                                                    <\/a>\n                                                \n                                            <\/div>\n\n                                        <\/div>\n                                                                    <\/div>\n\n\n                            <\/div>\n\n                                            <\/div>\n                \n\n            <\/div>\n        <\/div>\n    <\/div>\n\n<\/section>\n\n","protected":false},"excerpt":{"rendered":"","protected":false},"author":3,"featured_media":3336,"parent":5892,"menu_order":0,"comment_status":"closed","ping_status":"closed","template":"pages\/product-single.php","meta":[],"acf":[],"_links":{"self":[{"href":"https:\/\/fintecnic.eu\/fr\/wp-json\/wp\/v2\/pages\/6228"}],"collection":[{"href":"https:\/\/fintecnic.eu\/fr\/wp-json\/wp\/v2\/pages"}],"about":[{"href":"https:\/\/fintecnic.eu\/fr\/wp-json\/wp\/v2\/types\/page"}],"author":[{"embeddable":true,"href":"https:\/\/fintecnic.eu\/fr\/wp-json\/wp\/v2\/users\/3"}],"replies":[{"embeddable":true,"href":"https:\/\/fintecnic.eu\/fr\/wp-json\/wp\/v2\/comments?post=6228"}],"version-history":[{"count":4,"href":"https:\/\/fintecnic.eu\/fr\/wp-json\/wp\/v2\/pages\/6228\/revisions"}],"predecessor-version":[{"id":6232,"href":"https:\/\/fintecnic.eu\/fr\/wp-json\/wp\/v2\/pages\/6228\/revisions\/6232"}],"up":[{"embeddable":true,"href":"https:\/\/fintecnic.eu\/fr\/wp-json\/wp\/v2\/pages\/5892"}],"wp:featuredmedia":[{"embeddable":true,"href":"https:\/\/fintecnic.eu\/fr\/wp-json\/wp\/v2\/media\/3336"}],"wp:attachment":[{"href":"https:\/\/fintecnic.eu\/fr\/wp-json\/wp\/v2\/media?parent=6228"}],"curies":[{"name":"wp","href":"https:\/\/api.w.org\/{rel}","templated":true}]}}