{"id":6220,"date":"2021-07-06T15:10:17","date_gmt":"2021-07-06T13:10:17","guid":{"rendered":"https:\/\/fintecnic.eu\/?page_id=6220"},"modified":"2024-03-12T14:13:52","modified_gmt":"2024-03-12T13:13:52","slug":"fenetres-pliantes-en-pvc","status":"publish","type":"page","link":"https:\/\/fintecnic.eu\/fr\/fenetres\/fenetres-en-pvc\/fenetres-pliantes-en-pvc\/","title":{"rendered":"Fen\u00eatres pliantes en PVC"},"content":{"rendered":"<section id=\"\" class=\"side_image acf-block  acf-block-id-block_d1640800212da085fee2d854ad792cf8 acf-block--mb acf-block--mt\">\n        <div class=\"container\">\n        <div class=\"row side_image__row\">\n            <div class=\"col-12 col-lg-10 offset-lg-1\">\n                <div class=\"row\">\n                    <div class=\"col-12 col-md-4 \">\n                        <img decoding=\"async\" class=\"side_image__img\" src=\"https:\/\/fintecnic.eu\/app\/uploads\/2021\/07\/con-apetura-a-libro.webp\" alt=\"\" loading=\"lazy\">\n                    <\/div>\n                    <div class=\"col-12 col-md-8 \">\n                        <div class=\"side_image__description description\"><p>Le syst\u00e8me de portes pliantes est l&#8217;un des meilleurs moyens de relier l&#8217;int\u00e9rieur avec le jardin, la terrasse ou le balcon. Gr\u00e2ce \u00e0 de telles solutions, il est possible d&#8217;\u00e9conomiser de l&#8217;espace sans compromettre l&#8217;attrait esth\u00e9tique du b\u00e2timent.<\/p>\n<\/div>\n                    <\/div>\n                <\/div>\n            <\/div>\n        <\/div>\n    <\/div>\n\n<\/section>\n\n\n\n<section id=\"\" class=\"image_points acf-block  acf-block-id-block_8e8e3db2536615827c7586f16aafcbc8 acf-block--mb acf-block--mt\">\n\n    <div class=\"container\">\n        <div class=\"row align-items-center\">\n            <div class=\"col-12 col-md-6 col-lg-5 offset-lg-1\">\n                <div class=\"image_points__img\">\n                    \n                    <picture>\n                        <source media=\"(max-width: 767px)\"\n                                srcset=\"\n                                         315w,\n                                         630w\n                        \">\n                        <source media=\"(min-width: 768px)\"\n                                srcset=\"\n                                         590w,\n                                         1180w\n                        \">\n\n                        <img decoding=\"async\" src=\"\" alt=\"\" loading=\"lazy\"\n                             srcset=\" 590w,\n                                 1180w\n                        \">\n                    <\/picture>\n\n\n\n                <\/div>\n            <\/div>\n            <div class=\"col-12 col-md-6 col-lg-5\">\n                <div class=\"image_points__text\">\n\n                            \n\n\n                                    <\/div>\n            <\/div>\n        <\/div>\n\n                <div class=\"row image_points__row\">\n            <div class=\"col-12 col-md-12 col-lg-10 offset-lg-1 col-xl-8 offset-xl-2\">\n                <div class=\"row\">\n                                            <div class=\"col-12 col-md-6\">\n                            <div class=\"image_points__item\">\n                                <i class=\"fal fa-check-circle image_points__item__icon\"><\/i>\n                                <h3 class=\"image_points__item__title\">Des structures compos\u00e9es de 3 \u00e0 6 vantaux<\/h3>\n                                <p class=\"image_points__item__description\"><\/p>\n                            <\/div>\n                        <\/div>\n                                            <div class=\"col-12 col-md-6\">\n                            <div class=\"image_points__item\">\n                                <i class=\"fal fa-check-circle image_points__item__icon\"><\/i>\n                                <h3 class=\"image_points__item__title\">Le poids maximal du vantail est de 130 kg<\/h3>\n                                <p class=\"image_points__item__description\"><\/p>\n                            <\/div>\n                        <\/div>\n                                            <div class=\"col-12 col-md-6\">\n                            <div class=\"image_points__item\">\n                                <i class=\"fal fa-check-circle image_points__item__icon\"><\/i>\n                                <h3 class=\"image_points__item__title\">6 roulettes de glissement<\/h3>\n                                <p class=\"image_points__item__description\"><\/p>\n                            <\/div>\n                        <\/div>\n                                            <div class=\"col-12 col-md-6\">\n                            <div class=\"image_points__item\">\n                                <i class=\"fal fa-check-circle image_points__item__icon\"><\/i>\n                                <h3 class=\"image_points__item__title\">La construction est bas\u00e9e sur le profil de fen\u00eatre Ideal 4000<\/h3>\n                                <p class=\"image_points__item__description\"><\/p>\n                            <\/div>\n                        <\/div>\n                                            <div class=\"col-12 col-md-6\">\n                            <div class=\"image_points__item\">\n                                <i class=\"fal fa-check-circle image_points__item__icon\"><\/i>\n                                <h3 class=\"image_points__item__title\">La longueur maximale de la structure est de 5300 mm<\/h3>\n                                <p class=\"image_points__item__description\"><\/p>\n                            <\/div>\n                        <\/div>\n                                            <div class=\"col-12 col-md-6\">\n                            <div class=\"image_points__item\">\n                                <i class=\"fal fa-check-circle image_points__item__icon\"><\/i>\n                                <h3 class=\"image_points__item__title\">Possibilit\u00e9 d&#8217;ouvrir et d&#8217;incliner chaque vantail individuellement<\/h3>\n                                <p class=\"image_points__item__description\"><\/p>\n                            <\/div>\n                        <\/div>\n                                    <\/div>\n                <div class=\"row\">\n                    <div class=\"col-12\">\n                        <div class=\"image_points__foot\">\n                                                    <\/div>\n                    <\/div>\n                <\/div>\n\n            <\/div>\n        <\/div>\n            <\/div>\n\n<\/section>\n\n\n\n<section id=\"\" class=\"files_block image_tabs acf-block  acf-block-id-block_832f2d9c1b0713c8a3042ba6952f1bec acf-block--mb acf-block--mt\">\n\n    <div class=\"container\">\n        <div class=\"row\">\n            <div class=\"col-12 col-md-10 offset-md-1\">\n\n                            \n\n\n\n                                    <div data-tabs class=\"files_block__tabs\">\n                        <div data-tabs-container class=\"files_block__tabs__buttons\"><\/div>\n                        \n                            <div data-tab=\"Galerie\" class=\"image_tabs__content\">\n\n                                <div class=\"row\">\n\n                                                                            \n                                                                                    <a href=\"https:\/\/fintecnic.eu\/app\/uploads\/2021\/07\/con-apetura-a-libro.jpeg\" data-fancybox=\"tab-0\" data-caption=\"\" class=\"col-12 image_tabs__content__item\">\n                                                <figure>\n                                                    <img decoding=\"async\" src=\"https:\/\/fintecnic.eu\/app\/uploads\/2021\/07\/con-apetura-a-libro.jpeg\" alt=\"\">\n                                                    <figcaption><\/figcaption>\n                                                <\/figure>\n                                            <\/a>\n                                        \n                                    \n                                    \n                                                                    <\/div>\n\n\n                            <\/div>\n\n                                            <\/div>\n                \n\n            <\/div>\n        <\/div>\n    <\/div>\n\n<\/section>\n\n\n\n\n<p><\/p>\n","protected":false},"excerpt":{"rendered":"","protected":false},"author":3,"featured_media":1511,"parent":5892,"menu_order":0,"comment_status":"closed","ping_status":"closed","template":"pages\/product-single.php","meta":[],"acf":[],"_links":{"self":[{"href":"https:\/\/fintecnic.eu\/fr\/wp-json\/wp\/v2\/pages\/6220"}],"collection":[{"href":"https:\/\/fintecnic.eu\/fr\/wp-json\/wp\/v2\/pages"}],"about":[{"href":"https:\/\/fintecnic.eu\/fr\/wp-json\/wp\/v2\/types\/page"}],"author":[{"embeddable":true,"href":"https:\/\/fintecnic.eu\/fr\/wp-json\/wp\/v2\/users\/3"}],"replies":[{"embeddable":true,"href":"https:\/\/fintecnic.eu\/fr\/wp-json\/wp\/v2\/comments?post=6220"}],"version-history":[{"count":3,"href":"https:\/\/fintecnic.eu\/fr\/wp-json\/wp\/v2\/pages\/6220\/revisions"}],"predecessor-version":[{"id":6223,"href":"https:\/\/fintecnic.eu\/fr\/wp-json\/wp\/v2\/pages\/6220\/revisions\/6223"}],"up":[{"embeddable":true,"href":"https:\/\/fintecnic.eu\/fr\/wp-json\/wp\/v2\/pages\/5892"}],"wp:featuredmedia":[{"embeddable":true,"href":"https:\/\/fintecnic.eu\/fr\/wp-json\/wp\/v2\/media\/1511"}],"wp:attachment":[{"href":"https:\/\/fintecnic.eu\/fr\/wp-json\/wp\/v2\/media?parent=6220"}],"curies":[{"name":"wp","href":"https:\/\/api.w.org\/{rel}","templated":true}]}}