{"id":6107,"date":"2021-04-09T13:25:58","date_gmt":"2021-04-09T11:25:58","guid":{"rendered":"https:\/\/fintecnic.eu\/?page_id=6107"},"modified":"2025-03-20T13:28:32","modified_gmt":"2025-03-20T12:28:32","slug":"contact","status":"publish","type":"page","link":"https:\/\/fintecnic.eu\/fr\/contact\/","title":{"rendered":"Contact"},"content":{"rendered":"<section id=\"\" class=\"title_description acf-block  acf-block-id-block_3e6dfe6abdd7365668f10dc6c146b06d acf-block--mb acf-block--mt\">\n\n            <div class=\"container\">\n    <div class=\"row\">\n        <div class=\"col-12 col-lg-10 offset-lg-1\">\n                        \n    <span class=\"title_description__title_small title-small\">Contacter Fintecnic<\/span>\n    <h2 class=\"title_description__title title\">Contactez nos sp\u00e9cialistes<\/h2>\n\n        <\/div>\n    <\/div>\n<\/div>    \n<\/section>\n\n\n\n<section id=\"\" class=\"title_description acf-block  acf-block-id-block_36c058b79885b69e91dd9a57c7cf07d1 acf-block--mb acf-block--mt\">\n\n            <div class=\"container\">\n    <div class=\"row\">\n        <div class=\"col-12 col-lg-10 offset-lg-1\">\n                        \n    <span class=\"title_description__title_small title-small\">Donn\u00e9es de l&#8217;entreprise<\/span>\n\n    <div class=\"description title_description__description\"><p>FinTecnic<br \/>\nrue. Brukowa 8 Entr\u00e9e A, II e\u00e9tage<br \/>\n(zone industrielle)<br \/>\n91-341 \u0141\u00f3d\u017a, Pologne<\/p>\n<p>NIP (Num\u00e9ro de TVA) &#8211; PL 7322207070<\/p>\n<p>Compte courant: 02 2490 0005 0000 4600 7687 5121 (EURO)<\/p>\n<p>e-mail: <a href=\"mailto:j.grzesinska@fintecnic.eu\">j.grzesinska@fintecnic.eu<\/a><\/p>\n<\/div>\n        <\/div>\n    <\/div>\n<\/div>    \n<\/section>\n\n\n\n<section id=\"\" class=\"title_description acf-block  acf-block-id-block_04c8deb23899ba126665e93a1010c404 acf-block--mb acf-block--mt\">\n\n            <div class=\"container\">\n    <div class=\"row\">\n        <div class=\"col-12 col-lg-10 offset-lg-1\">\n                        \n    <span class=\"title_description__title_small title-small\">Citations<\/span>\n\n    <div class=\"description title_description__description\"><p>e-mail: <a href=\"mailto:collaborazione@fintecnic.eu\">collaborazione@fintecnic.eu<\/a><\/p>\n<\/div>\n        <\/div>\n    <\/div>\n<\/div>    \n<\/section>\n\n\n\n<section id=\"\" class=\"title_description acf-block  acf-block-id-block_44cf735fc23f9eaa8da49b78996d0a53 acf-block--mb acf-block--mt\">\n\n            <div class=\"container\">\n    <div class=\"row\">\n        <div class=\"col-12 col-lg-10 offset-lg-1\">\n                        \n    <span class=\"title_description__title_small title-small\">Commandes<\/span>\n\n    <div class=\"description title_description__description\"><p>e-mail: <a href=\"mailto:ordini@fintecnic.eu\">ordini@fintecnic.eu<\/a><\/p>\n<\/div>\n        <\/div>\n    <\/div>\n<\/div>    \n<\/section>\n\n\n\n<section id=\"\" class=\"title_description acf-block  acf-block-id-block_5a69eab2eddddac466ac49b7be42a153 acf-block--mb acf-block--mt\">\n\n            <div class=\"container\">\n    <div class=\"row\">\n        <div class=\"col-12 col-lg-10 offset-lg-1\">\n                        \n    <span class=\"title_description__title_small title-small\">Comptabilit\u00e9<\/span>\n\n    <div class=\"description title_description__description\"><p>e-mail: <a href=\"mailto:contabilita@fintecnic.eu\">contabilita@fintecnic.eu<\/a><\/p>\n<\/div>\n        <\/div>\n    <\/div>\n<\/div>    \n<\/section>\n\n\n\n<section id=\"\" class=\"title_description acf-block  acf-block-id-block_0bcf54f453a6315230576438e8dba107 acf-block--mb acf-block--mt\">\n\n            <div class=\"container\">\n    <div class=\"row\">\n        <div class=\"col-12 col-lg-10 offset-lg-1\">\n                        \n    <span class=\"title_description__title_small title-small\">Service client\u00e8le<\/span>\n\n    <div class=\"description title_description__description\"><p>e-mail: <a href=\"mailto:italia@fintecnic.eu\">office@fintecnic.eu<\/a><\/p>\n<\/div>\n        <\/div>\n    <\/div>\n<\/div>    \n<\/section>\n\n\n\n<section id=\"\" class=\"title_description acf-block  acf-block-id-block_1343491fb30ffc0a3b50817120c9aed7 acf-block--mb acf-block--mt\">\n\n            <div class=\"container\">\n    <div class=\"row\">\n        <div class=\"col-12 col-lg-10 offset-lg-1\">\n                        \n    <span class=\"title_description__title_small title-small\">Heures de travail<\/span>\n\n    <div class=\"description title_description__description\"><p>9.00 &#8211; 17.00<\/p>\n<\/div>\n        <\/div>\n    <\/div>\n<\/div>    \n<\/section>\n\n\n\n<section id=\"\" class=\"files_block acf-block  acf-block-id-block_fe3c89d8b949977397810e2c9c7fab7d acf-block--mb acf-block--mt\">\n\n    <div class=\"container\">\n        <div class=\"row\">\n            <div class=\"col-12 col-md-10 offset-md-1\">\n\n                            \n\n\n                                <div data-tabs class=\"files_block__tabs\">\n                    <div data-tabs-container class=\"files_block__tabs__buttons files_block__tabs__buttons--hidden\"><\/div>\n                    \n                        <div data-tab=\"\" class=\"files_block__tabs__content\">\n\n                                                            <a href=\"https:\/\/fintecnic.eu\/app\/uploads\/2021\/07\/modulo_di_richiesta.pdf\" download class=\"files_block__file\" aria-label=\"Pobierz Formulaire de demande FinTecnic\">\n                                    <span class=\"files_block__file__title\">Formulaire de demande FinTecnic<\/span>\n                                    <span class=\"files_block__file__download\">T\u00e9l\u00e9charger<\/span>\n                                <\/a>\n                            \n                        <\/div>\n                                    <\/div>\n                            <\/div>\n        <\/div>\n    <\/div>\n\n<\/section>\n\n","protected":false},"excerpt":{"rendered":"","protected":false},"author":3,"featured_media":0,"parent":0,"menu_order":0,"comment_status":"closed","ping_status":"closed","template":"","meta":[],"acf":[],"_links":{"self":[{"href":"https:\/\/fintecnic.eu\/fr\/wp-json\/wp\/v2\/pages\/6107"}],"collection":[{"href":"https:\/\/fintecnic.eu\/fr\/wp-json\/wp\/v2\/pages"}],"about":[{"href":"https:\/\/fintecnic.eu\/fr\/wp-json\/wp\/v2\/types\/page"}],"author":[{"embeddable":true,"href":"https:\/\/fintecnic.eu\/fr\/wp-json\/wp\/v2\/users\/3"}],"replies":[{"embeddable":true,"href":"https:\/\/fintecnic.eu\/fr\/wp-json\/wp\/v2\/comments?post=6107"}],"version-history":[{"count":3,"href":"https:\/\/fintecnic.eu\/fr\/wp-json\/wp\/v2\/pages\/6107\/revisions"}],"predecessor-version":[{"id":10103,"href":"https:\/\/fintecnic.eu\/fr\/wp-json\/wp\/v2\/pages\/6107\/revisions\/10103"}],"wp:attachment":[{"href":"https:\/\/fintecnic.eu\/fr\/wp-json\/wp\/v2\/media?parent=6107"}],"curies":[{"name":"wp","href":"https:\/\/api.w.org\/{rel}","templated":true}]}}