{"id":5881,"date":"2021-04-09T13:25:48","date_gmt":"2021-04-09T11:25:48","guid":{"rendered":"https:\/\/fintecnic.eu\/?page_id=5881"},"modified":"2024-09-04T14:05:35","modified_gmt":"2024-09-04T12:05:35","slug":"telecharger","status":"publish","type":"page","link":"https:\/\/fintecnic.eu\/fr\/telecharger\/","title":{"rendered":"T\u00e9l\u00e9charger"},"content":{"rendered":"<section id=\"\" class=\"files_block acf-block  acf-block-id-block_d0e63e1960623429a8e5a574f3612be7 acf-block--mb acf-block--mt\">\n\n    <div class=\"container\">\n        <div class=\"row\">\n            <div class=\"col-12 col-md-10 offset-md-1\">\n\n                            \n    <span class=\"files_block__title_small title-small\">T\u00e9l\u00e9charger<\/span>\n    <h2 class=\"files_block__title title\">T\u00e9l\u00e9charger Fintecnic<\/h2>\n\n\n                                <div data-tabs class=\"files_block__tabs\">\n                    <div data-tabs-container class=\"files_block__tabs__buttons files_block__tabs__buttons--hidden\"><\/div>\n                    \n                        <div data-tab=\"\" class=\"files_block__tabs__content\">\n\n                                                            <a href=\"https:\/\/fintecnic.eu\/app\/uploads\/2024\/09\/Instructions-de-Montage-des-Menuiseries-PVC-et-Aluminium.pdf\" download class=\"files_block__file\" aria-label=\"Pobierz Instructions de Montage des Menuiseries PVC et Aluminium\">\n                                    <span class=\"files_block__file__title\">Instructions de Montage des Menuiseries PVC et Aluminium<\/span>\n                                    <span class=\"files_block__file__download\">T\u00e9l\u00e9charger<\/span>\n                                <\/a>\n                                                            <a href=\"https:\/\/fintecnic.eu\/app\/uploads\/2024\/09\/CONDITIONS-GENERALES-DE-VENTE.pdf\" download class=\"files_block__file\" aria-label=\"Pobierz Conditions g\u00e9n\u00e9rales de vente\">\n                                    <span class=\"files_block__file__title\">Conditions g\u00e9n\u00e9rales de vente<\/span>\n                                    <span class=\"files_block__file__download\">T\u00e9l\u00e9charger<\/span>\n                                <\/a>\n                                                            <a href=\"https:\/\/fintecnic.eu\/app\/uploads\/2023\/11\/Catalogo_dei_prodotti_pvc-alluminio-fintecnic-lodz-italia-finestre-finestre-dalla-polonia.pdf\" download class=\"files_block__file\" aria-label=\"Pobierz Catalogue des produits en PVC - Aluminium 2023 Fintecnic\">\n                                    <span class=\"files_block__file__title\">Catalogue des produits en PVC &#8211; Aluminium 2023 Fintecnic<\/span>\n                                    <span class=\"files_block__file__download\">T\u00e9l\u00e9charger<\/span>\n                                <\/a>\n                                                            <a href=\"https:\/\/fintecnic.eu\/app\/uploads\/2021\/07\/attestato-igenico-gealan-8000iq.pdf\" download class=\"files_block__file\" aria-label=\"Pobierz Attestation d'hygi\u00e8ne Gealan 8000\">\n                                    <span class=\"files_block__file__title\">Attestation d&#8217;hygi\u00e8ne Gealan 8000<\/span>\n                                    <span class=\"files_block__file__download\">T\u00e9l\u00e9charger<\/span>\n                                <\/a>\n                                                            <a href=\"https:\/\/fintecnic.eu\/app\/uploads\/2023\/11\/2022-05-epd-kunststofffenster-mit-2-scheiben-isolierglas-englisch-plastic-window-with-double-insulating-gass-unit1.pdf\" download class=\"files_block__file\" aria-label=\"Pobierz Certificat environnemental niveau 2\">\n                                    <span class=\"files_block__file__title\">Certificat environnemental niveau 2<\/span>\n                                    <span class=\"files_block__file__download\">T\u00e9l\u00e9charger<\/span>\n                                <\/a>\n                                                            <a href=\"https:\/\/fintecnic.eu\/app\/uploads\/2023\/11\/2022-04-epd-kunststofffenster-mit-3-scheiben-isolierglas-englisch-plastic-window-with-double-insulating-gass-unit1.pdf\" download class=\"files_block__file\" aria-label=\"Pobierz Certificat environnemental niveau 3\">\n                                    <span class=\"files_block__file__title\">Certificat environnemental niveau 3<\/span>\n                                    <span class=\"files_block__file__download\">T\u00e9l\u00e9charger<\/span>\n                                <\/a>\n                                                            <a href=\"https:\/\/fintecnic.eu\/app\/uploads\/2021\/07\/certificato-gealan-pn-en-iso-9001-2009.pdf\" download class=\"files_block__file\" aria-label=\"Pobierz Certificat Gealan PN EN ISO 9001-2009\">\n                                    <span class=\"files_block__file__title\">Certificat Gealan PN EN ISO 9001-2009<\/span>\n                                    <span class=\"files_block__file__download\">T\u00e9l\u00e9charger<\/span>\n                                <\/a>\n                                                            <a href=\"https:\/\/fintecnic.eu\/app\/uploads\/2021\/07\/condizioni-generali-di-vendita-fintecnic-produttore-di-finestre-dalla-polonia.pdf\" download class=\"files_block__file\" aria-label=\"Pobierz Conditions g\u00e9n\u00e9rales de vente du fabricant de fen\u00eatres polonais Fintecnic\">\n                                    <span class=\"files_block__file__title\">Conditions g\u00e9n\u00e9rales de vente du fabricant de fen\u00eatres polonais Fintecnic<\/span>\n                                    <span class=\"files_block__file__download\">T\u00e9l\u00e9charger<\/span>\n                                <\/a>\n                                                            <a href=\"https:\/\/fintecnic.eu\/app\/uploads\/2021\/07\/dichiarazione-di-prestazione-produttore-di-finestre-ideal-4000-fintecnic-1.pdf\" download class=\"files_block__file\" aria-label=\"Pobierz D\u00e9claration de performance du fabricant de fen\u00eatres Ideal 4000 Fintecnic\">\n                                    <span class=\"files_block__file__title\">D\u00e9claration de performance du fabricant de fen\u00eatres Ideal 4000 Fintecnic<\/span>\n                                    <span class=\"files_block__file__download\">T\u00e9l\u00e9charger<\/span>\n                                <\/a>\n                                                            <a href=\"https:\/\/fintecnic.eu\/app\/uploads\/2021\/07\/garanzia-fintecnic-produttore-di-finestre-dalla-polonia.pdf\" download class=\"files_block__file\" aria-label=\"Pobierz Garantie du fabricant de fen\u00eatres Fintecnic de Pologne\">\n                                    <span class=\"files_block__file__title\">Garantie du fabricant de fen\u00eatres Fintecnic de Pologne<\/span>\n                                    <span class=\"files_block__file__download\">T\u00e9l\u00e9charger<\/span>\n                                <\/a>\n                                                            <a href=\"https:\/\/fintecnic.eu\/app\/uploads\/2021\/07\/istruzioni-di-montaggio-del-portone-sezionale_it-fintecnic.pdf\" download class=\"files_block__file\" aria-label=\"Pobierz Instructions de montage pour les portes sectionnelles PL Fintecnic\">\n                                    <span class=\"files_block__file__title\">Instructions de montage pour les portes sectionnelles PL Fintecnic<\/span>\n                                    <span class=\"files_block__file__download\">T\u00e9l\u00e9charger<\/span>\n                                <\/a>\n                                                            <a href=\"https:\/\/fintecnic.eu\/app\/uploads\/2021\/07\/la-mappatura-dei-processi-gestionali-degli-ordini.pdf\" download class=\"files_block__file\" aria-label=\"Pobierz Cartographie des processus de gestion des commandes\">\n                                    <span class=\"files_block__file__title\">Cartographie des processus de gestion des commandes<\/span>\n                                    <span class=\"files_block__file__download\">T\u00e9l\u00e9charger<\/span>\n                                <\/a>\n                                                            <a href=\"https:\/\/fintecnic.eu\/app\/uploads\/2023\/02\/logo2x.png\" download class=\"files_block__file\" aria-label=\"Pobierz Logo Fintecnic\">\n                                    <span class=\"files_block__file__title\">Logo Fintecnic<\/span>\n                                    <span class=\"files_block__file__download\">T\u00e9l\u00e9charger<\/span>\n                                <\/a>\n                                                            <a href=\"https:\/\/fintecnic.eu\/app\/uploads\/2021\/07\/modulo_di_richiesta.pdf\" download class=\"files_block__file\" aria-label=\"Pobierz Formulaire de commande\">\n                                    <span class=\"files_block__file__title\">Formulaire de commande<\/span>\n                                    <span class=\"files_block__file__download\">T\u00e9l\u00e9charger<\/span>\n                                <\/a>\n                                                            <a href=\"https:\/\/fintecnic.eu\/app\/uploads\/2024\/08\/aluplast-folder-12s-fr-02-2022.pdf\" download class=\"files_block__file\" aria-label=\"Pobierz Aluplast folder\">\n                                    <span class=\"files_block__file__title\">Aluplast folder<\/span>\n                                    <span class=\"files_block__file__download\">T\u00e9l\u00e9charger<\/span>\n                                <\/a>\n                                                            <a href=\"https:\/\/fintecnic.eu\/app\/uploads\/2024\/08\/Folder_IDEAL_4000_12s_FR_2024-06.pdf\" download class=\"files_block__file\" aria-label=\"Pobierz Aluplast Ideal 4000\">\n                                    <span class=\"files_block__file__title\">Aluplast Ideal 4000<\/span>\n                                    <span class=\"files_block__file__download\">T\u00e9l\u00e9charger<\/span>\n                                <\/a>\n                                                            <a href=\"https:\/\/fintecnic.eu\/app\/uploads\/2024\/08\/Folder_IDEAL_7000_12s_FR_2024-06.pdf\" download class=\"files_block__file\" aria-label=\"Pobierz Aluplast Ideal 7000\">\n                                    <span class=\"files_block__file__title\">Aluplast Ideal 7000<\/span>\n                                    <span class=\"files_block__file__download\">T\u00e9l\u00e9charger<\/span>\n                                <\/a>\n                                                            <a href=\"https:\/\/fintecnic.eu\/app\/uploads\/2024\/08\/Folder_IDEAL_8000_12s_FR_2024-06.pdf\" download class=\"files_block__file\" aria-label=\"Pobierz Aluplast Ideal 8000\">\n                                    <span class=\"files_block__file__title\">Aluplast Ideal 8000<\/span>\n                                    <span class=\"files_block__file__download\">T\u00e9l\u00e9charger<\/span>\n                                <\/a>\n                                                            <a href=\"https:\/\/fintecnic.eu\/app\/uploads\/2024\/08\/Brochure_portes_levantes_coulissantes_HST_85MM_16s_FR_2024-06.pdf\" download class=\"files_block__file\" aria-label=\"Pobierz Aluplast HST\">\n                                    <span class=\"files_block__file__title\">Aluplast HST<\/span>\n                                    <span class=\"files_block__file__download\">T\u00e9l\u00e9charger<\/span>\n                                <\/a>\n                            \n                        <\/div>\n                                    <\/div>\n                            <\/div>\n        <\/div>\n    <\/div>\n\n<\/section>\n\n\n\n\n<p><\/p>\n","protected":false},"excerpt":{"rendered":"","protected":false},"author":3,"featured_media":0,"parent":0,"menu_order":0,"comment_status":"closed","ping_status":"closed","template":"","meta":[],"acf":[],"_links":{"self":[{"href":"https:\/\/fintecnic.eu\/fr\/wp-json\/wp\/v2\/pages\/5881"}],"collection":[{"href":"https:\/\/fintecnic.eu\/fr\/wp-json\/wp\/v2\/pages"}],"about":[{"href":"https:\/\/fintecnic.eu\/fr\/wp-json\/wp\/v2\/types\/page"}],"author":[{"embeddable":true,"href":"https:\/\/fintecnic.eu\/fr\/wp-json\/wp\/v2\/users\/3"}],"replies":[{"embeddable":true,"href":"https:\/\/fintecnic.eu\/fr\/wp-json\/wp\/v2\/comments?post=5881"}],"version-history":[{"count":3,"href":"https:\/\/fintecnic.eu\/fr\/wp-json\/wp\/v2\/pages\/5881\/revisions"}],"predecessor-version":[{"id":8378,"href":"https:\/\/fintecnic.eu\/fr\/wp-json\/wp\/v2\/pages\/5881\/revisions\/8378"}],"wp:attachment":[{"href":"https:\/\/fintecnic.eu\/fr\/wp-json\/wp\/v2\/media?parent=5881"}],"curies":[{"name":"wp","href":"https:\/\/api.w.org\/{rel}","templated":true}]}}