{"id":5874,"date":"2021-04-16T09:06:27","date_gmt":"2021-04-16T07:06:27","guid":{"rendered":"https:\/\/fintecnic.eu\/?page_id=5874"},"modified":"2024-01-06T23:20:58","modified_gmt":"2024-01-06T22:20:58","slug":"cooperation","status":"publish","type":"page","link":"https:\/\/fintecnic.eu\/fr\/cooperation\/","title":{"rendered":"Coop\u00e9ration"},"content":{"rendered":"<section id=\"\" class=\"title_description_image acf-block  acf-block-id-block_b34253e6932ec954cb0f51dfa7edc3a5 acf-block--mb acf-block--mt\">\n\n        \n    <div class=\"container\">\n        <div class=\"row\">\n            <div class=\"col-12 col-md-10 offset-md-1\">\n\n                <div class=\"title_description_image__heading\">\n                    <div class=\"title_description_image__heading__left\">\n\n                                \n    <h2 class=\"title_description_image__title title\">Coop\u00e9ration<\/h2>\n\n    <div class=\"paragraph title_description_image__description\">Commencez \u00e0 collaborer avec notre entreprise.<br \/>\r\n<br \/>\r\n\u00c9tablir de nouveaux r\u00e9seaux de vente est l&#8217;un des objectifs principaux de notre entreprise. Nous recherchons constamment des entreprises int\u00e9ress\u00e9es par une collaboration \u00e9troite avec nous. Notre personnel hautement qualifi\u00e9 en Pologne vous conseillera sur la mani\u00e8re de commencer une collaboration avec notre entreprise.<\/div>\n\n                    <\/div>\n\n                                            <a href=\"#block_b34253e6932ec954cb0f51dfa7edc3a5\" class=\"title_description_image__heading__btn btn-oval-gray\"><i class=\"fal fa-arrow-down\"><\/i><\/a>\n                                    <\/div>\n\n            <\/div>\n        <\/div>\n\n                    <div class=\"row\">\n                <div class=\"col-12\">\n                    <div class=\"title_description_image__img\" id=\"block_b34253e6932ec954cb0f51dfa7edc3a5\">\n                                                <img decoding=\"async\" src=\"https:\/\/fintecnic.eu\/app\/uploads\/2021\/04\/architekt-scaled-1460x820-c-default.webp\" alt=\"\" loading=\"lazy\"\n                             srcset=\"\n                                    https:\/\/fintecnic.eu\/app\/uploads\/2021\/04\/architekt-scaled-365x205-c-default.webp 365w,\n                                    https:\/\/fintecnic.eu\/app\/uploads\/2021\/04\/architekt-scaled-730x410-c-default.webp 730w,\n                                    https:\/\/fintecnic.eu\/app\/uploads\/2021\/04\/architekt-scaled-1460x820-c-default.webp 1460w,\n                                    https:\/\/fintecnic.eu\/app\/uploads\/2021\/04\/architekt-scaled-2920x1640-c-default.webp 2920w\"\n                        >\n                    <\/div>\n                <\/div>\n            <\/div>\n            <\/div>\n\n<\/section>\n\n","protected":false},"excerpt":{"rendered":"","protected":false},"author":3,"featured_media":0,"parent":0,"menu_order":0,"comment_status":"closed","ping_status":"closed","template":"","meta":[],"acf":[],"_links":{"self":[{"href":"https:\/\/fintecnic.eu\/fr\/wp-json\/wp\/v2\/pages\/5874"}],"collection":[{"href":"https:\/\/fintecnic.eu\/fr\/wp-json\/wp\/v2\/pages"}],"about":[{"href":"https:\/\/fintecnic.eu\/fr\/wp-json\/wp\/v2\/types\/page"}],"author":[{"embeddable":true,"href":"https:\/\/fintecnic.eu\/fr\/wp-json\/wp\/v2\/users\/3"}],"replies":[{"embeddable":true,"href":"https:\/\/fintecnic.eu\/fr\/wp-json\/wp\/v2\/comments?post=5874"}],"version-history":[{"count":3,"href":"https:\/\/fintecnic.eu\/fr\/wp-json\/wp\/v2\/pages\/5874\/revisions"}],"predecessor-version":[{"id":5879,"href":"https:\/\/fintecnic.eu\/fr\/wp-json\/wp\/v2\/pages\/5874\/revisions\/5879"}],"wp:attachment":[{"href":"https:\/\/fintecnic.eu\/fr\/wp-json\/wp\/v2\/media?parent=5874"}],"curies":[{"name":"wp","href":"https:\/\/api.w.org\/{rel}","templated":true}]}}