{"id":5859,"date":"2021-07-06T14:32:36","date_gmt":"2021-07-06T12:32:36","guid":{"rendered":"https:\/\/fintecnic.eu\/?page_id=5859"},"modified":"2024-01-06T23:09:40","modified_gmt":"2024-01-06T22:09:40","slug":"caisson-de-volet-roulant-roka-top-2-ex-fintecnic","status":"publish","type":"page","link":"https:\/\/fintecnic.eu\/fr\/volets\/caisson-de-volet-roulant-roka-top-2-ex-fintecnic\/","title":{"rendered":"Caisson de volet roulant ROKA-TOP 2 EX FINTECNIC"},"content":{"rendered":"<section id=\"\" class=\"side_image acf-block  acf-block-id-block_b465addd7bcb7f028b9941943c2aef93 acf-block--mb acf-block--mt\">\n        <div class=\"container\">\n        <div class=\"row side_image__row\">\n            <div class=\"col-12 col-lg-10 offset-lg-1\">\n                <div class=\"row\">\n                    <div class=\"col-12 col-md-4 \">\n                        <img decoding=\"async\" class=\"side_image__img\" src=\"https:\/\/fintecnic.eu\/app\/uploads\/2021\/07\/avvolgibili-dalla-polonia-2-fintecnic.jpg.pagespeed.ic_.aDQqK4Kma4.webp\" alt=\"\" loading=\"lazy\">\n                    <\/div>\n                    <div class=\"col-12 col-md-8 \">\n                        <div class=\"side_image__description description\"><p>Un nouveau syst\u00e8me techniquement avanc\u00e9 con\u00e7u pour \u00eatre install\u00e9 aussi bien dans les b\u00e2timents existants que dans les nouvelles constructions.<\/p>\n<p>Gr\u00e2ce aux toutes derni\u00e8res solutions, il a \u00e9t\u00e9 possible d&#8217;obtenir une \u00e9tanch\u00e9it\u00e9 accrue et de r\u00e9duire le nombre de ponts thermiques. La conception innovante et le rev\u00eatement sp\u00e9cial r\u00e9alis\u00e9 avec les meilleurs mat\u00e9riaux permettent un montage facile.<\/p>\n<\/div>\n                    <\/div>\n                <\/div>\n            <\/div>\n        <\/div>\n    <\/div>\n\n<\/section>\n\n\n\n<section id=\"\" class=\"image_points acf-block  acf-block-id-block_da4e357a1fc4e8d6dbbc2f7f4680cc8a acf-block--mb acf-block--mt\">\n\n    <div class=\"container\">\n        <div class=\"row align-items-center\">\n            <div class=\"col-12 col-md-6 col-lg-5 offset-lg-1\">\n                <div class=\"image_points__img\">\n                    \n                    <picture>\n                        <source media=\"(max-width: 767px)\"\n                                srcset=\"\n                                         315w,\n                                         630w\n                        \">\n                        <source media=\"(min-width: 768px)\"\n                                srcset=\"\n                                         590w,\n                                         1180w\n                        \">\n\n                        <img decoding=\"async\" src=\"\" alt=\"\" loading=\"lazy\"\n                             srcset=\" 590w,\n                                 1180w\n                        \">\n                    <\/picture>\n\n\n\n                <\/div>\n            <\/div>\n            <div class=\"col-12 col-md-6 col-lg-5\">\n                <div class=\"image_points__text\">\n\n                            \n\n\n                                    <\/div>\n            <\/div>\n        <\/div>\n\n                <div class=\"row image_points__row\">\n            <div class=\"col-12 col-md-12 col-lg-10 offset-lg-1 col-xl-8 offset-xl-2\">\n                <div class=\"row\">\n                                            <div class=\"col-12 col-md-6\">\n                            <div class=\"image_points__item\">\n                                <i class=\"fal fa-check-circle image_points__item__icon\"><\/i>\n                                <h3 class=\"image_points__item__title\">Forme du caisson:<\/h3>\n                                <p class=\"image_points__item__description\">rectangulaire<\/p>\n                            <\/div>\n                        <\/div>\n                                            <div class=\"col-12 col-md-6\">\n                            <div class=\"image_points__item\">\n                                <i class=\"fal fa-check-circle image_points__item__icon\"><\/i>\n                                <h3 class=\"image_points__item__title\">Caisson:<\/h3>\n                                <p class=\"image_points__item__description\">polystyr\u00e8ne<\/p>\n                            <\/div>\n                        <\/div>\n                                            <div class=\"col-12 col-md-6\">\n                            <div class=\"image_points__item\">\n                                <i class=\"fal fa-check-circle image_points__item__icon\"><\/i>\n                                <h3 class=\"image_points__item__title\">Type de tablier:<\/h3>\n                                <p class=\"image_points__item__description\">aluminium<\/p>\n                            <\/div>\n                        <\/div>\n                                            <div class=\"col-12 col-md-6\">\n                            <div class=\"image_points__item\">\n                                <i class=\"fal fa-check-circle image_points__item__icon\"><\/i>\n                                <h3 class=\"image_points__item__title\">Profils:<\/h3>\n                                <p class=\"image_points__item__description\">aluminium rempli de mousse polyur\u00e9thane<\/p>\n                            <\/div>\n                        <\/div>\n                                            <div class=\"col-12 col-md-6\">\n                            <div class=\"image_points__item\">\n                                <i class=\"fal fa-check-circle image_points__item__icon\"><\/i>\n                                <h3 class=\"image_points__item__title\">Trappe de visite: <\/h3>\n                                <p class=\"image_points__item__description\">du bas vers le centre<\/p>\n                            <\/div>\n                        <\/div>\n                                            <div class=\"col-12 col-md-6\">\n                            <div class=\"image_points__item\">\n                                <i class=\"fal fa-check-circle image_points__item__icon\"><\/i>\n                                <h3 class=\"image_points__item__title\">Guides:<\/h3>\n                                <p class=\"image_points__item__description\">aluminium, PVC<\/p>\n                            <\/div>\n                        <\/div>\n                                            <div class=\"col-12 col-md-6\">\n                            <div class=\"image_points__item\">\n                                <i class=\"fal fa-check-circle image_points__item__icon\"><\/i>\n                                <h3 class=\"image_points__item__title\">Ancrages de montage:<\/h3>\n                                <p class=\"image_points__item__description\">oui<\/p>\n                            <\/div>\n                        <\/div>\n                                            <div class=\"col-12 col-md-6\">\n                            <div class=\"image_points__item\">\n                                <i class=\"fal fa-check-circle image_points__item__icon\"><\/i>\n                                <h3 class=\"image_points__item__title\">R\u00e9sistance aux intemp\u00e9ries:<\/h3>\n                                <p class=\"image_points__item__description\">oui<\/p>\n                            <\/div>\n                        <\/div>\n                                            <div class=\"col-12 col-md-6\">\n                            <div class=\"image_points__item\">\n                                <i class=\"fal fa-check-circle image_points__item__icon\"><\/i>\n                                <h3 class=\"image_points__item__title\">isolation acoustique (dans le caisson):<\/h3>\n                                <p class=\"image_points__item__description\">oui<\/p>\n                            <\/div>\n                        <\/div>\n                                            <div class=\"col-12 col-md-6\">\n                            <div class=\"image_points__item\">\n                                <i class=\"fal fa-check-circle image_points__item__icon\"><\/i>\n                                <h3 class=\"image_points__item__title\">isolation termique (dans le caisson):<\/h3>\n                                <p class=\"image_points__item__description\">oui<\/p>\n                            <\/div>\n                        <\/div>\n                                    <\/div>\n                <div class=\"row\">\n                    <div class=\"col-12\">\n                        <div class=\"image_points__foot\">\n                                                    <\/div>\n                    <\/div>\n                <\/div>\n\n            <\/div>\n        <\/div>\n            <\/div>\n\n<\/section>\n\n\n\n<section id=\"\" class=\"title_description acf-block  acf-block-id-block_f963e9a77b5167c24b5936ce6945044e acf-block--mb acf-block--mt\">\n\n            <div class=\"container\">\n    <div class=\"row\">\n        <div class=\"col-12 col-lg-10 offset-lg-1\">\n                        \n    <h2 class=\"title_description__title title\">On peut utiliser l&#8217;une des trois versions de l&#8217;entra\u00eenement: <\/h2>\n\n        <\/div>\n    <\/div>\n<\/div>    \n<\/section>\n\n\n\n<section id=\"\" class=\"icon_list acf-block  acf-block-id-block_b75bf0235859cb88a5c572f8ae34a188 acf-block--mb acf-block--mt\">\n\n    <div class=\"container\">\n        <div class=\"row justify-content-center\">\n                        <div class=\"col-12 col-md-6 col-lg-4\">\n                <div class=\"icon_list__item\">\n                    <div class=\"icon_list__item__icon\">\n                        <i class=\"fal fa-bolt\"><\/i>\n                    <\/div>\n                    <h3 class=\"icon_list__item__title\">\u00e9lectrique<\/h3>\n                    <p class=\"icon_list__item__description\"><\/p>\n                <\/div>\n            <\/div>\n                        <div class=\"col-12 col-md-6 col-lg-4\">\n                <div class=\"icon_list__item\">\n                    <div class=\"icon_list__item__icon\">\n                        <i class=\"fal fa-hand-paper\"><\/i>\n                    <\/div>\n                    <h3 class=\"icon_list__item__title\">manuel<\/h3>\n                    <p class=\"icon_list__item__description\"><\/p>\n                <\/div>\n            <\/div>\n                        <div class=\"col-12 col-md-6 col-lg-4\">\n                <div class=\"icon_list__item\">\n                    <div class=\"icon_list__item__icon\">\n                        <i class=\"fal fa-align-center\"><\/i>\n                    <\/div>\n                    <h3 class=\"icon_list__item__title\">\u00e0 ressorts<\/h3>\n                    <p class=\"icon_list__item__description\"><\/p>\n                <\/div>\n            <\/div>\n                    <\/div>\n\n        <div class=\"row\">\n            <div class=\"col-12 col-md-12 col-lg-8 offset-lg-2 icon_list__line\"><\/div>\n        <\/div>\n    <\/div>\n\n<\/section>\n\n\n\n<section id=\"\" class=\"files_block image_tabs acf-block  acf-block-id-block_eb18a755103ed9e6c085afd55895ee9b acf-block--mb acf-block--mt\">\n\n    <div class=\"container\">\n        <div class=\"row\">\n            <div class=\"col-12 col-md-10 offset-md-1\">\n\n                            \n\n\n\n                                    <div data-tabs class=\"files_block__tabs\">\n                        <div data-tabs-container class=\"files_block__tabs__buttons\"><\/div>\n                        \n                            <div data-tab=\"Galerie\" class=\"image_tabs__content\">\n\n                                <div class=\"row\">\n\n                                                                            \n                                        \n                                            <a href=\"https:\/\/fintecnic.eu\/app\/uploads\/2021\/07\/avvolgibili-dalla-polonia-1-fintecnic.png\" data-fancybox=\"tab-0\" data-caption=\"\" class=\"col-12 col-sm-6 col-md-4 image_tabs__content__item\">\n                                                <figure>\n                                                    <img decoding=\"async\" src=\"https:\/\/fintecnic.eu\/app\/uploads\/2021\/07\/avvolgibili-dalla-polonia-1-fintecnic-500x259-c-default.png\" alt=\"\">\n                                                    <figcaption><\/figcaption>\n                                                <\/figure>\n                                            <\/a>\n                                        \n                                    \n                                    \n                                                                    <\/div>\n\n\n                            <\/div>\n\n                                            <\/div>\n                \n\n            <\/div>\n        <\/div>\n    <\/div>\n\n<\/section>\n\n","protected":false},"excerpt":{"rendered":"","protected":false},"author":3,"featured_media":3240,"parent":5841,"menu_order":0,"comment_status":"closed","ping_status":"closed","template":"pages\/product-single.php","meta":[],"acf":[],"_links":{"self":[{"href":"https:\/\/fintecnic.eu\/fr\/wp-json\/wp\/v2\/pages\/5859"}],"collection":[{"href":"https:\/\/fintecnic.eu\/fr\/wp-json\/wp\/v2\/pages"}],"about":[{"href":"https:\/\/fintecnic.eu\/fr\/wp-json\/wp\/v2\/types\/page"}],"author":[{"embeddable":true,"href":"https:\/\/fintecnic.eu\/fr\/wp-json\/wp\/v2\/users\/3"}],"replies":[{"embeddable":true,"href":"https:\/\/fintecnic.eu\/fr\/wp-json\/wp\/v2\/comments?post=5859"}],"version-history":[{"count":3,"href":"https:\/\/fintecnic.eu\/fr\/wp-json\/wp\/v2\/pages\/5859\/revisions"}],"predecessor-version":[{"id":5862,"href":"https:\/\/fintecnic.eu\/fr\/wp-json\/wp\/v2\/pages\/5859\/revisions\/5862"}],"up":[{"embeddable":true,"href":"https:\/\/fintecnic.eu\/fr\/wp-json\/wp\/v2\/pages\/5841"}],"wp:featuredmedia":[{"embeddable":true,"href":"https:\/\/fintecnic.eu\/fr\/wp-json\/wp\/v2\/media\/3240"}],"wp:attachment":[{"href":"https:\/\/fintecnic.eu\/fr\/wp-json\/wp\/v2\/media?parent=5859"}],"curies":[{"name":"wp","href":"https:\/\/api.w.org\/{rel}","templated":true}]}}