{"id":5855,"date":"2021-07-06T15:55:11","date_gmt":"2021-07-06T13:55:11","guid":{"rendered":"https:\/\/fintecnic.eu\/?page_id=5855"},"modified":"2024-01-06T23:04:10","modified_gmt":"2024-01-06T22:04:10","slug":"volets-roulants-monobloc","status":"publish","type":"page","link":"https:\/\/fintecnic.eu\/fr\/volets\/volets-roulants-monobloc\/","title":{"rendered":"Volets roulants monobloc"},"content":{"rendered":"<section id=\"\" class=\"title_description acf-block  acf-block-id-block_e845395f450ac0966d92f7e56641a63b acf-block--mb acf-block--mt\">\n\n            <div class=\"container\">\n    <div class=\"row\">\n        <div class=\"col-12 col-lg-10 offset-lg-1\">\n                        \n\n    <div class=\"description title_description__description\"><p><strong>Volets roulants monobloc<\/strong> que nous proposons peuvent \u00eatre install\u00e9s aussi bien dans les nouvelles constructions que dans les maisons en r\u00e9novation. Sur le march\u00e9, nous proposons des caissons de volets roulants monoblocs de la marque Aluprof Be Clever, des marques reconnues et appr\u00e9ci\u00e9es dans toute l&#8217;Europe. Nos syst\u00e8mes monoblocs offrent une excellente isolation thermique tout en pr\u00e9servant des qualit\u00e9s esth\u00e9tiques tr\u00e8s \u00e9lev\u00e9es.<\/p>\n<ul>\n<li>Disponibles dans diff\u00e9rentes couleurs<\/li>\n<li>Haute performance thermique<\/li>\n<li>Design moderne<\/li>\n<\/ul>\n<\/div>\n        <\/div>\n    <\/div>\n<\/div>    \n<\/section>\n\n\n\n<section id=\"\" class=\"files_block image_tabs acf-block  acf-block-id-block_83ed9b9a598b3f23f928eef0295baa32 acf-block--mb acf-block--mt\">\n\n    <div class=\"container\">\n        <div class=\"row\">\n            <div class=\"col-12 col-md-10 offset-md-1\">\n\n                            \n\n\n\n                                    <div data-tabs class=\"files_block__tabs\">\n                        <div data-tabs-container class=\"files_block__tabs__buttons\"><\/div>\n                        \n                            <div data-tab=\"Mod\u00e8les\" class=\"image_tabs__content\">\n\n                                <div class=\"row\">\n\n                                                                            \n                                        \n                                            <a href=\"https:\/\/fintecnic.eu\/app\/uploads\/2021\/07\/xmedium_avvolgibili-monoblocco-con-zanzariera.jpg.pagespeed.ic_.-H-xMKUNCt.webp\" data-fancybox=\"tab-0\" data-caption=\"\" class=\"col-12 col-sm-6 col-md-4 image_tabs__content__item\">\n                                                <figure>\n                                                    <img decoding=\"async\" src=\"https:\/\/fintecnic.eu\/app\/uploads\/2021\/07\/xmedium_avvolgibili-monoblocco-con-zanzariera.jpg.pagespeed.ic_.-H-xMKUNCt-500x259-c-default.webp\" alt=\"\">\n                                                    <figcaption><\/figcaption>\n                                                <\/figure>\n                                            <\/a>\n                                        \n                                                                            \n                                        \n                                            <a href=\"https:\/\/fintecnic.eu\/app\/uploads\/2021\/07\/xmedium_avvolgibili-monoblocco1.jpg.pagespeed.ic_.rcaB2zixh0.webp\" data-fancybox=\"tab-0\" data-caption=\"\" class=\"col-12 col-sm-6 col-md-4 image_tabs__content__item\">\n                                                <figure>\n                                                    <img decoding=\"async\" src=\"https:\/\/fintecnic.eu\/app\/uploads\/2021\/07\/xmedium_avvolgibili-monoblocco1.jpg.pagespeed.ic_.rcaB2zixh0-500x259-c-default.webp\" alt=\"\">\n                                                    <figcaption><\/figcaption>\n                                                <\/figure>\n                                            <\/a>\n                                        \n                                    \n                                    \n                                                                    <\/div>\n\n\n                            <\/div>\n\n                        \n                            <div data-tab=\"Fichiers\" class=\"image_tabs__content\">\n\n                                <div class=\"row\">\n\n                                    \n                                    \n                                                                            <div class=\"col-12\">\n\n                                            <div class=\"files_block__tabs__content\">\n\n                                                                                                    <a href=\"https:\/\/fintecnic.eu\/app\/uploads\/2021\/07\/listino-prezzi-avvolgibili-esterni-e-monoblocco.pdf\" download class=\"files_block__file\" aria-label=\"Pobierz Tarif des volets ext\u00e9rieurs et des monobloc\">\n                                                        <span class=\"files_block__file__title\">Tarif des volets ext\u00e9rieurs et des monobloc<\/span>\n                                                        <span class=\"files_block__file__download\">T\u00e9l\u00e9charger<\/span>\n                                                    <\/a>\n                                                \n                                            <\/div>\n\n                                        <\/div>\n                                                                    <\/div>\n\n\n                            <\/div>\n\n                                            <\/div>\n                \n\n            <\/div>\n        <\/div>\n    <\/div>\n\n<\/section>\n\n","protected":false},"excerpt":{"rendered":"","protected":false},"author":3,"featured_media":3362,"parent":5841,"menu_order":0,"comment_status":"closed","ping_status":"closed","template":"pages\/product-single.php","meta":[],"acf":[],"_links":{"self":[{"href":"https:\/\/fintecnic.eu\/fr\/wp-json\/wp\/v2\/pages\/5855"}],"collection":[{"href":"https:\/\/fintecnic.eu\/fr\/wp-json\/wp\/v2\/pages"}],"about":[{"href":"https:\/\/fintecnic.eu\/fr\/wp-json\/wp\/v2\/types\/page"}],"author":[{"embeddable":true,"href":"https:\/\/fintecnic.eu\/fr\/wp-json\/wp\/v2\/users\/3"}],"replies":[{"embeddable":true,"href":"https:\/\/fintecnic.eu\/fr\/wp-json\/wp\/v2\/comments?post=5855"}],"version-history":[{"count":3,"href":"https:\/\/fintecnic.eu\/fr\/wp-json\/wp\/v2\/pages\/5855\/revisions"}],"predecessor-version":[{"id":5858,"href":"https:\/\/fintecnic.eu\/fr\/wp-json\/wp\/v2\/pages\/5855\/revisions\/5858"}],"up":[{"embeddable":true,"href":"https:\/\/fintecnic.eu\/fr\/wp-json\/wp\/v2\/pages\/5841"}],"wp:featuredmedia":[{"embeddable":true,"href":"https:\/\/fintecnic.eu\/fr\/wp-json\/wp\/v2\/media\/3362"}],"wp:attachment":[{"href":"https:\/\/fintecnic.eu\/fr\/wp-json\/wp\/v2\/media?parent=5855"}],"curies":[{"name":"wp","href":"https:\/\/api.w.org\/{rel}","templated":true}]}}