{"id":5851,"date":"2021-07-06T15:48:23","date_gmt":"2021-07-06T13:48:23","guid":{"rendered":"https:\/\/fintecnic.eu\/?page_id=5851"},"modified":"2024-03-04T11:38:13","modified_gmt":"2024-03-04T10:38:13","slug":"volets-adaptatifs","status":"publish","type":"page","link":"https:\/\/fintecnic.eu\/fr\/volets\/volets-adaptatifs\/","title":{"rendered":"Volets adaptatifs"},"content":{"rendered":"<section id=\"\" class=\"title_description acf-block  acf-block-id-block_a056069fb08b4f0c397191b9ca2cf37b acf-block--mb acf-block--mt\">\n\n            <div class=\"container\">\n    <div class=\"row\">\n        <div class=\"col-12 col-lg-10 offset-lg-1\">\n                        \n\n    <div class=\"description title_description__description\"><p><strong>Volets adaptatifs<\/strong> sont fabriqu\u00e9s en aluminium. Les syst\u00e8mes adaptatifs sont con\u00e7us pour des b\u00e2timents d\u00e9j\u00e0 construits. Les volets de ce type comprennent les syst\u00e8mes SK, SKO, SKP. Nous offrons \u00e0 nos collaborateurs diff\u00e9rents types de caissons: ronds, l\u00e9g\u00e8rement arrondis ou de formes classiques.<\/p>\n<ul>\n<li>\u00c9conomie d&#8217;\u00e9nergie<\/li>\n<li>\u00c9l\u00e9ment d\u00e9coratif<\/li>\n<li>Parfaits pour tous les b\u00e2timents<\/li>\n<\/ul>\n<\/div>\n        <\/div>\n    <\/div>\n<\/div>    \n<\/section>\n\n\n\n<section id=\"\" class=\"files_block image_tabs acf-block  acf-block-id-block_9343c98e980697b645c5f09e557a9f6d acf-block--mb acf-block--mt\">\n\n    <div class=\"container\">\n        <div class=\"row\">\n            <div class=\"col-12 col-md-10 offset-md-1\">\n\n                            \n\n\n\n                                    <div data-tabs class=\"files_block__tabs\">\n                        <div data-tabs-container class=\"files_block__tabs__buttons\"><\/div>\n                        \n                            <div data-tab=\"Modele\" class=\"image_tabs__content\">\n\n                                <div class=\"row\">\n\n                                                                            \n                                        \n                                            <a href=\"https:\/\/fintecnic.eu\/app\/uploads\/2021\/07\/xmedium_avvolgibili-adattativo-con-zanzariera.jpg.pagespeed.ic_.pbX2jxTTtn.webp\" data-fancybox=\"tab-0\" data-caption=\"\" class=\"col-12 col-sm-6 col-md-4 image_tabs__content__item\">\n                                                <figure>\n                                                    <img decoding=\"async\" src=\"https:\/\/fintecnic.eu\/app\/uploads\/2021\/07\/xmedium_avvolgibili-adattativo-con-zanzariera.jpg.pagespeed.ic_.pbX2jxTTtn-500x259-c-default.webp\" alt=\"\">\n                                                    <figcaption><\/figcaption>\n                                                <\/figure>\n                                            <\/a>\n                                        \n                                                                            \n                                        \n                                            <a href=\"https:\/\/fintecnic.eu\/app\/uploads\/2021\/07\/xmedium_avvolgibili-adattativo.jpg.pagespeed.ic_.IasuqloTHz.webp\" data-fancybox=\"tab-0\" data-caption=\"\" class=\"col-12 col-sm-6 col-md-4 image_tabs__content__item\">\n                                                <figure>\n                                                    <img decoding=\"async\" src=\"https:\/\/fintecnic.eu\/app\/uploads\/2021\/07\/xmedium_avvolgibili-adattativo.jpg.pagespeed.ic_.IasuqloTHz-500x259-c-default.webp\" alt=\"\">\n                                                    <figcaption><\/figcaption>\n                                                <\/figure>\n                                            <\/a>\n                                        \n                                    \n                                    \n                                                                    <\/div>\n\n\n                            <\/div>\n\n                                            <\/div>\n                \n\n            <\/div>\n        <\/div>\n    <\/div>\n\n<\/section>\n\n","protected":false},"excerpt":{"rendered":"","protected":false},"author":3,"featured_media":3350,"parent":5841,"menu_order":0,"comment_status":"closed","ping_status":"closed","template":"pages\/product-single.php","meta":[],"acf":[],"_links":{"self":[{"href":"https:\/\/fintecnic.eu\/fr\/wp-json\/wp\/v2\/pages\/5851"}],"collection":[{"href":"https:\/\/fintecnic.eu\/fr\/wp-json\/wp\/v2\/pages"}],"about":[{"href":"https:\/\/fintecnic.eu\/fr\/wp-json\/wp\/v2\/types\/page"}],"author":[{"embeddable":true,"href":"https:\/\/fintecnic.eu\/fr\/wp-json\/wp\/v2\/users\/3"}],"replies":[{"embeddable":true,"href":"https:\/\/fintecnic.eu\/fr\/wp-json\/wp\/v2\/comments?post=5851"}],"version-history":[{"count":3,"href":"https:\/\/fintecnic.eu\/fr\/wp-json\/wp\/v2\/pages\/5851\/revisions"}],"predecessor-version":[{"id":6106,"href":"https:\/\/fintecnic.eu\/fr\/wp-json\/wp\/v2\/pages\/5851\/revisions\/6106"}],"up":[{"embeddable":true,"href":"https:\/\/fintecnic.eu\/fr\/wp-json\/wp\/v2\/pages\/5841"}],"wp:featuredmedia":[{"embeddable":true,"href":"https:\/\/fintecnic.eu\/fr\/wp-json\/wp\/v2\/media\/3350"}],"wp:attachment":[{"href":"https:\/\/fintecnic.eu\/fr\/wp-json\/wp\/v2\/media?parent=5851"}],"curies":[{"name":"wp","href":"https:\/\/api.w.org\/{rel}","templated":true}]}}