{"id":5847,"date":"2021-07-06T14:54:25","date_gmt":"2021-07-06T12:54:25","guid":{"rendered":"https:\/\/fintecnic.eu\/?page_id=5847"},"modified":"2024-01-06T22:47:56","modified_gmt":"2024-01-06T21:47:56","slug":"volet-roulant-de-renovation","status":"publish","type":"page","link":"https:\/\/fintecnic.eu\/fr\/volets\/volet-roulant-de-renovation\/","title":{"rendered":"Volet roulant de r\u00e9novation"},"content":{"rendered":"<section id=\"\" class=\"side_image acf-block  acf-block-id-block_2ba5b0e7a847c7a49a180ef53ee468de acf-block--mb acf-block--mt\">\n        <div class=\"container\">\n        <div class=\"row side_image__row\">\n            <div class=\"col-12 col-lg-10 offset-lg-1\">\n                <div class=\"row\">\n                    <div class=\"col-12 col-md-4 \">\n                        <img decoding=\"async\" class=\"side_image__img\" src=\"https:\/\/fintecnic.eu\/app\/uploads\/2021\/07\/avvolgibile-da-restauro-dalla-polonia.webp\" alt=\"\" loading=\"lazy\">\n                    <\/div>\n                    <div class=\"col-12 col-md-8 \">\n                        <div class=\"side_image__description description\"><p>&#8220;Les architectes pr\u00e9voient d\u00e9j\u00e0 dans les b\u00e2timents modernes des situations o\u00f9 le remplacement des volets sera n\u00e9cessaire. Le syst\u00e8me de volets SDZ, \u00e9galement connu sous le nom de syst\u00e8me de volets de r\u00e9novation, est principalement destin\u00e9 \u00e0 \u00eatre utilis\u00e9 dans des b\u00e2timents existants o\u00f9 l&#8217;on souhaite remplacer d&#8217;anciens volets par un mod\u00e8le plus r\u00e9cent, mais il convient \u00e9galement partout o\u00f9 des fen\u00eatres \u00e0 niche de r\u00e9novation et des volets sont utilis\u00e9s. La longueur de la niche de r\u00e9novation est adapt\u00e9e au type de niche du cadre de la fen\u00eatre.<\/p>\n<p>Les volets SDZ utilisent des solutions de montage modernes, et la conception sp\u00e9cialement con\u00e7ue du syst\u00e8me SDZ permet une installation rapide et non invasive du produit sur des surfaces existantes.&#8221;<\/p>\n<\/div>\n                    <\/div>\n                <\/div>\n            <\/div>\n        <\/div>\n    <\/div>\n\n<\/section>\n\n\n\n<section id=\"\" class=\"files_block image_tabs acf-block  acf-block-id-block_1d81a19c9346cf65487192f2dfa96e3f acf-block--mb acf-block--mt\">\n\n    <div class=\"container\">\n        <div class=\"row\">\n            <div class=\"col-12 col-md-10 offset-md-1\">\n\n                            \n\n\n\n                                    <div data-tabs class=\"files_block__tabs\">\n                        <div data-tabs-container class=\"files_block__tabs__buttons\"><\/div>\n                        \n                            <div data-tab=\"Galerie\" class=\"image_tabs__content\">\n\n                                <div class=\"row\">\n\n                                                                            \n                                        \n                                            <a href=\"https:\/\/fintecnic.eu\/app\/uploads\/2021\/07\/cassonetto-monoblocco-da-montare-dalla-polonia-1.jpg\" data-fancybox=\"tab-0\" data-caption=\"\" class=\"col-12 col-sm-6 col-md-4 image_tabs__content__item\">\n                                                <figure>\n                                                    <img decoding=\"async\" src=\"https:\/\/fintecnic.eu\/app\/uploads\/2021\/07\/cassonetto-monoblocco-da-montare-dalla-polonia-1-500x259-c-default.jpg\" alt=\"\">\n                                                    <figcaption><\/figcaption>\n                                                <\/figure>\n                                            <\/a>\n                                        \n                                                                            \n                                        \n                                            <a href=\"https:\/\/fintecnic.eu\/app\/uploads\/2021\/07\/cassonetto-monoblocco-da-montare-dalla-polonia-2.jpg\" data-fancybox=\"tab-0\" data-caption=\"\" class=\"col-12 col-sm-6 col-md-4 image_tabs__content__item\">\n                                                <figure>\n                                                    <img decoding=\"async\" src=\"https:\/\/fintecnic.eu\/app\/uploads\/2021\/07\/cassonetto-monoblocco-da-montare-dalla-polonia-2-500x259-c-default.jpg\" alt=\"\">\n                                                    <figcaption><\/figcaption>\n                                                <\/figure>\n                                            <\/a>\n                                        \n                                                                            \n                                        \n                                            <a href=\"https:\/\/fintecnic.eu\/app\/uploads\/2021\/07\/cassonetto-monoblocco-da-montare-dalla-polonia-3.jpg\" data-fancybox=\"tab-0\" data-caption=\"\" class=\"col-12 col-sm-6 col-md-4 image_tabs__content__item\">\n                                                <figure>\n                                                    <img decoding=\"async\" src=\"https:\/\/fintecnic.eu\/app\/uploads\/2021\/07\/cassonetto-monoblocco-da-montare-dalla-polonia-3-500x259-c-default.jpg\" alt=\"\">\n                                                    <figcaption><\/figcaption>\n                                                <\/figure>\n                                            <\/a>\n                                        \n                                                                            \n                                        \n                                            <a href=\"https:\/\/fintecnic.eu\/app\/uploads\/2021\/07\/cassonetto-monoblocco-da-montare-dalla-polonia-4.jpg\" data-fancybox=\"tab-0\" data-caption=\"\" class=\"col-12 col-sm-6 col-md-4 image_tabs__content__item\">\n                                                <figure>\n                                                    <img decoding=\"async\" src=\"https:\/\/fintecnic.eu\/app\/uploads\/2021\/07\/cassonetto-monoblocco-da-montare-dalla-polonia-4-500x259-c-default.jpg\" alt=\"\">\n                                                    <figcaption><\/figcaption>\n                                                <\/figure>\n                                            <\/a>\n                                        \n                                    \n                                    \n                                                                    <\/div>\n\n\n                            <\/div>\n\n                                            <\/div>\n                \n\n            <\/div>\n        <\/div>\n    <\/div>\n\n<\/section>\n\n","protected":false},"excerpt":{"rendered":"","protected":false},"author":3,"featured_media":3264,"parent":5841,"menu_order":0,"comment_status":"closed","ping_status":"closed","template":"pages\/product-single.php","meta":[],"acf":[],"_links":{"self":[{"href":"https:\/\/fintecnic.eu\/fr\/wp-json\/wp\/v2\/pages\/5847"}],"collection":[{"href":"https:\/\/fintecnic.eu\/fr\/wp-json\/wp\/v2\/pages"}],"about":[{"href":"https:\/\/fintecnic.eu\/fr\/wp-json\/wp\/v2\/types\/page"}],"author":[{"embeddable":true,"href":"https:\/\/fintecnic.eu\/fr\/wp-json\/wp\/v2\/users\/3"}],"replies":[{"embeddable":true,"href":"https:\/\/fintecnic.eu\/fr\/wp-json\/wp\/v2\/comments?post=5847"}],"version-history":[{"count":3,"href":"https:\/\/fintecnic.eu\/fr\/wp-json\/wp\/v2\/pages\/5847\/revisions"}],"predecessor-version":[{"id":5850,"href":"https:\/\/fintecnic.eu\/fr\/wp-json\/wp\/v2\/pages\/5847\/revisions\/5850"}],"up":[{"embeddable":true,"href":"https:\/\/fintecnic.eu\/fr\/wp-json\/wp\/v2\/pages\/5841"}],"wp:featuredmedia":[{"embeddable":true,"href":"https:\/\/fintecnic.eu\/fr\/wp-json\/wp\/v2\/media\/3264"}],"wp:attachment":[{"href":"https:\/\/fintecnic.eu\/fr\/wp-json\/wp\/v2\/media?parent=5847"}],"curies":[{"name":"wp","href":"https:\/\/api.w.org\/{rel}","templated":true}]}}