{"id":5843,"date":"2021-07-06T15:18:41","date_gmt":"2021-07-06T13:18:41","guid":{"rendered":"https:\/\/fintecnic.eu\/?page_id=5843"},"modified":"2024-01-06T22:44:30","modified_gmt":"2024-01-06T21:44:30","slug":"volet-roulant-encastre","status":"publish","type":"page","link":"https:\/\/fintecnic.eu\/fr\/volets\/volet-roulant-encastre\/","title":{"rendered":"Volet roulant encastr\u00e9"},"content":{"rendered":"<section id=\"\" class=\"title_description acf-block  acf-block-id-block_c2c1c9f5ea93bcd0a2055908c08ef1fb acf-block--mb acf-block--mt\">\n\n            <div class=\"container\">\n    <div class=\"row\">\n        <div class=\"col-12 col-lg-10 offset-lg-1\">\n                        \n\n    <div class=\"description title_description__description\"><p>Les volets roulants con\u00e7us dans un syst\u00e8me encastr\u00e9 sont destin\u00e9s \u00e0 \u00eatre utilis\u00e9s dans les nouveaux b\u00e2timents ainsi que dans ceux d\u00e9j\u00e0 existants. Les volets roulants des syst\u00e8mes SP et SP-E s&#8217;int\u00e8grent \u00e0 la fa\u00e7ade du b\u00e2timent et en font partie int\u00e9grante. Les couleurs du mat\u00e9riau, des r\u00e9visions et des rails peuvent \u00eatre assorties aux fen\u00eatres.<\/p>\n<ul>\n<li>Divers types de teintes<\/li>\n<li>Plusieurs types de rails<\/li>\n<li>Hautes performances thermiques<\/li>\n<\/ul>\n<\/div>\n        <\/div>\n    <\/div>\n<\/div>    \n<\/section>\n\n\n\n<section id=\"\" class=\"files_block image_tabs acf-block  acf-block-id-block_671f25352e6d16c30db1e938b3ee0f35 acf-block--mb acf-block--mt\">\n\n    <div class=\"container\">\n        <div class=\"row\">\n            <div class=\"col-12 col-md-10 offset-md-1\">\n\n                            \n\n\n\n                                    <div data-tabs class=\"files_block__tabs\">\n                        <div data-tabs-container class=\"files_block__tabs__buttons\"><\/div>\n                        \n                            <div data-tab=\"Mod\u00e8les\" class=\"image_tabs__content\">\n\n                                <div class=\"row\">\n\n                                                                            \n                                        \n                                            <a href=\"https:\/\/fintecnic.eu\/app\/uploads\/2021\/07\/xmedium_avvolgibile-a-incasso-con-zanzariera.jpg.pagespeed.ic_.YEuvW26IQU.webp\" data-fancybox=\"tab-0\" data-caption=\"\" class=\"col-12 col-sm-6 col-md-4 image_tabs__content__item\">\n                                                <figure>\n                                                    <img decoding=\"async\" src=\"https:\/\/fintecnic.eu\/app\/uploads\/2021\/07\/xmedium_avvolgibile-a-incasso-con-zanzariera.jpg.pagespeed.ic_.YEuvW26IQU-500x259-c-default.webp\" alt=\"\">\n                                                    <figcaption><\/figcaption>\n                                                <\/figure>\n                                            <\/a>\n                                        \n                                                                            \n                                        \n                                            <a href=\"https:\/\/fintecnic.eu\/app\/uploads\/2021\/07\/xmedium_avvolgibile-a-incasso.jpg.pagespeed.ic_.FzUblQszPt.webp\" data-fancybox=\"tab-0\" data-caption=\"\" class=\"col-12 col-sm-6 col-md-4 image_tabs__content__item\">\n                                                <figure>\n                                                    <img decoding=\"async\" src=\"https:\/\/fintecnic.eu\/app\/uploads\/2021\/07\/xmedium_avvolgibile-a-incasso.jpg.pagespeed.ic_.FzUblQszPt-500x259-c-default.webp\" alt=\"\">\n                                                    <figcaption><\/figcaption>\n                                                <\/figure>\n                                            <\/a>\n                                        \n                                    \n                                    \n                                                                    <\/div>\n\n\n                            <\/div>\n\n                                            <\/div>\n                \n\n            <\/div>\n        <\/div>\n    <\/div>\n\n<\/section>\n\n","protected":false},"excerpt":{"rendered":"","protected":false},"author":3,"featured_media":1422,"parent":5841,"menu_order":0,"comment_status":"closed","ping_status":"closed","template":"pages\/product-single.php","meta":[],"acf":[],"_links":{"self":[{"href":"https:\/\/fintecnic.eu\/fr\/wp-json\/wp\/v2\/pages\/5843"}],"collection":[{"href":"https:\/\/fintecnic.eu\/fr\/wp-json\/wp\/v2\/pages"}],"about":[{"href":"https:\/\/fintecnic.eu\/fr\/wp-json\/wp\/v2\/types\/page"}],"author":[{"embeddable":true,"href":"https:\/\/fintecnic.eu\/fr\/wp-json\/wp\/v2\/users\/3"}],"replies":[{"embeddable":true,"href":"https:\/\/fintecnic.eu\/fr\/wp-json\/wp\/v2\/comments?post=5843"}],"version-history":[{"count":3,"href":"https:\/\/fintecnic.eu\/fr\/wp-json\/wp\/v2\/pages\/5843\/revisions"}],"predecessor-version":[{"id":5846,"href":"https:\/\/fintecnic.eu\/fr\/wp-json\/wp\/v2\/pages\/5843\/revisions\/5846"}],"up":[{"embeddable":true,"href":"https:\/\/fintecnic.eu\/fr\/wp-json\/wp\/v2\/pages\/5841"}],"wp:featuredmedia":[{"embeddable":true,"href":"https:\/\/fintecnic.eu\/fr\/wp-json\/wp\/v2\/media\/1422"}],"wp:attachment":[{"href":"https:\/\/fintecnic.eu\/fr\/wp-json\/wp\/v2\/media?parent=5843"}],"curies":[{"name":"wp","href":"https:\/\/api.w.org\/{rel}","templated":true}]}}