{"id":4712,"date":"2021-07-07T17:57:29","date_gmt":"2021-07-07T15:57:29","guid":{"rendered":"https:\/\/fintecnic.eu\/?page_id=4712"},"modified":"2023-09-13T11:07:35","modified_gmt":"2023-09-13T09:07:35","slug":"pleated-mosquito-nets","status":"publish","type":"page","link":"https:\/\/fintecnic.eu\/en\/mosquito-nets\/pleated-mosquito-nets\/","title":{"rendered":"Pleated mosquito nets"},"content":{"rendered":"<section id=\"\" class=\"side_image acf-block  acf-block-id-block_3f6023fda1d3d08b636da84e2f40b843 acf-block--mb acf-block--mt\">\n        <div class=\"container\">\n        <div class=\"row side_image__row\">\n            <div class=\"col-12 col-lg-10 offset-lg-1\">\n                <div class=\"row\">\n                    <div class=\"col-12 col-md-4 \">\n                        <img decoding=\"async\" class=\"side_image__img\" src=\"https:\/\/fintecnic.eu\/app\/uploads\/2021\/07\/zanzariere-plissettata-fintecnic-dalla-polonia-.webp\" alt=\"\" loading=\"lazy\">\n                    <\/div>\n                    <div class=\"col-12 col-md-8 \">\n                        <div class=\"side_image__description description\"><p>La zanzariera plissettata \u00e8 una soluzione che si consiglia di utilizzare in luoghi dove ci sono vetrate di grandi dimensioni, ad esempio, pu\u00f2 essere una porta di uscita per una terrazza.<\/p>\n<p>Una zanzariera plissettata con una struttura modulare consente di piegarla in un sistema a singolo o doppio battente. Inoltre, una zanzariera plissettata dalla Polonia pu\u00f2 scorrere all&#8217;interno o solo su un lato, il che \u00e8 estremamente comodo e pratico. La struttura bassa della soglia facilita il passaggio e soprattutto, non costituisce un ostacolo per le persone anziane o gli utenti di sedie a rotelle.<\/p>\n<p>La nostra zanzariera plissettata dalla Polonia \u00e8 anche caratterizzata da uno smontaggio molto semplice e dal rilascio rapido del prodotto, che pu\u00f2 quindi essere perfettamente protetto per il periodo invernale, quando la zanzariera non servir\u00e0 pi\u00f9.<\/p>\n<p>Le zanzariere plissettate possono anche essere montate nella nicchia della finestra, e possono anche essere attaccate al telaio della finestra o alla facciata dell&#8217;edificio, utilizzando telai di porte appositamente progettati.<\/p>\n<\/div>\n                    <\/div>\n                <\/div>\n            <\/div>\n        <\/div>\n    <\/div>\n\n<\/section>\n\n\n\n<section id=\"\" class=\"files_block image_tabs acf-block  acf-block-id-block_df03db3ac4cd3aa7306d2938a7f9f530 acf-block--mb acf-block--mt\">\n\n    <div class=\"container\">\n        <div class=\"row\">\n            <div class=\"col-12 col-md-10 offset-md-1\">\n\n                            \n\n\n\n                                    <div data-tabs class=\"files_block__tabs\">\n                        <div data-tabs-container class=\"files_block__tabs__buttons\"><\/div>\n                        \n                            <div data-tab=\"Galeria\" class=\"image_tabs__content\">\n\n                                <div class=\"row\">\n\n                                                                            \n                                        \n                                            <a href=\"https:\/\/fintecnic.eu\/app\/uploads\/2021\/07\/zanzariere-plissettata-fintecnic-dalla-polonia-galeria-.jpg\" data-fancybox=\"tab-0\" data-caption=\"\" class=\"col-12 col-sm-6 col-md-4 image_tabs__content__item\">\n                                                <figure>\n                                                    <img decoding=\"async\" src=\"https:\/\/fintecnic.eu\/app\/uploads\/2021\/07\/zanzariere-plissettata-fintecnic-dalla-polonia-galeria--500x259-c-default.jpg\" alt=\"\">\n                                                    <figcaption><\/figcaption>\n                                                <\/figure>\n                                            <\/a>\n                                        \n                                                                            \n                                        \n                                            <a href=\"https:\/\/fintecnic.eu\/app\/uploads\/2021\/07\/zanzariere-plissettata-dalla-polonia-fintecnic.jpg\" data-fancybox=\"tab-0\" data-caption=\"\" class=\"col-12 col-sm-6 col-md-4 image_tabs__content__item\">\n                                                <figure>\n                                                    <img decoding=\"async\" src=\"https:\/\/fintecnic.eu\/app\/uploads\/2021\/07\/zanzariere-plissettata-dalla-polonia-fintecnic-500x259-c-default.jpg\" alt=\"\">\n                                                    <figcaption><\/figcaption>\n                                                <\/figure>\n                                            <\/a>\n                                        \n                                                                            \n                                        \n                                            <a href=\"https:\/\/fintecnic.eu\/app\/uploads\/2021\/07\/zanzariere-pilssetta-dalla-polonia-fintecnic.jpg\" data-fancybox=\"tab-0\" data-caption=\"\" class=\"col-12 col-sm-6 col-md-4 image_tabs__content__item\">\n                                                <figure>\n                                                    <img decoding=\"async\" src=\"https:\/\/fintecnic.eu\/app\/uploads\/2021\/07\/zanzariere-pilssetta-dalla-polonia-fintecnic-500x259-c-default.jpg\" alt=\"\">\n                                                    <figcaption><\/figcaption>\n                                                <\/figure>\n                                            <\/a>\n                                        \n                                    \n                                    \n                                                                    <\/div>\n\n\n                            <\/div>\n\n                                            <\/div>\n                \n\n            <\/div>\n        <\/div>\n    <\/div>\n\n<\/section>\n\n","protected":false},"excerpt":{"rendered":"","protected":false},"author":3,"featured_media":3651,"parent":4699,"menu_order":0,"comment_status":"closed","ping_status":"closed","template":"pages\/product-single.php","meta":[],"acf":[],"_links":{"self":[{"href":"https:\/\/fintecnic.eu\/en\/wp-json\/wp\/v2\/pages\/4712"}],"collection":[{"href":"https:\/\/fintecnic.eu\/en\/wp-json\/wp\/v2\/pages"}],"about":[{"href":"https:\/\/fintecnic.eu\/en\/wp-json\/wp\/v2\/types\/page"}],"author":[{"embeddable":true,"href":"https:\/\/fintecnic.eu\/en\/wp-json\/wp\/v2\/users\/3"}],"replies":[{"embeddable":true,"href":"https:\/\/fintecnic.eu\/en\/wp-json\/wp\/v2\/comments?post=4712"}],"version-history":[{"count":1,"href":"https:\/\/fintecnic.eu\/en\/wp-json\/wp\/v2\/pages\/4712\/revisions"}],"predecessor-version":[{"id":4713,"href":"https:\/\/fintecnic.eu\/en\/wp-json\/wp\/v2\/pages\/4712\/revisions\/4713"}],"up":[{"embeddable":true,"href":"https:\/\/fintecnic.eu\/en\/wp-json\/wp\/v2\/pages\/4699"}],"wp:featuredmedia":[{"embeddable":true,"href":"https:\/\/fintecnic.eu\/en\/wp-json\/wp\/v2\/media\/3651"}],"wp:attachment":[{"href":"https:\/\/fintecnic.eu\/en\/wp-json\/wp\/v2\/media?parent=4712"}],"curies":[{"name":"wp","href":"https:\/\/api.w.org\/{rel}","templated":true}]}}