{"id":4710,"date":"2021-07-07T18:20:25","date_gmt":"2021-07-07T16:20:25","guid":{"rendered":"https:\/\/fintecnic.eu\/?page_id=4710"},"modified":"2023-09-13T11:05:23","modified_gmt":"2023-09-13T09:05:23","slug":"mosquito-nets-for-doors","status":"publish","type":"page","link":"https:\/\/fintecnic.eu\/en\/mosquito-nets\/mosquito-nets-for-doors\/","title":{"rendered":"Mosquito nets for doors"},"content":{"rendered":"<section id=\"\" class=\"side_image acf-block  acf-block-id-block_ec9855aa21ea73c913cf52dfe58be80d acf-block--mb acf-block--mt\">\n        <div class=\"container\">\n        <div class=\"row side_image__row\">\n            <div class=\"col-12 col-lg-10 offset-lg-1\">\n                <div class=\"row\">\n                    <div class=\"col-12 col-md-4 \">\n                        <img decoding=\"async\" class=\"side_image__img\" src=\"https:\/\/fintecnic.eu\/app\/uploads\/2021\/07\/xmini_zanzariera-per-la-porta-polonia-fintecnic-foto-4.jpg.pagespeed.ic_.9SPLCwfdPR.webp\" alt=\"\" loading=\"lazy\">\n                    <\/div>\n                    <div class=\"col-12 col-md-8 \">\n                        <div class=\"side_image__description description\"><p><strong>Le zanzariere per porte<\/strong> garantiscono un buon sonno durante la notte, mentre le porte del balcone possono rimanere completamente aperte durante le caldi notti estive. Questo Vi permette di godervi la fresca brezza e l&#8217;aria fresca ogni sera, senza preoccuparvi delle zanzare e di altri insetti.<\/p>\n<p>Nell&#8217;assortimento del nostro negozio Fintecnic, offriamo zanzariere uniche dalla Polonia, caratterizzate da prestazioni eccellenti e resistenza alle condizioni atmosferiche. Il telaio della zanzariera per porte \u00e8 realizzato in estruso di alluminio stampato a freddo. Grazie a ci\u00f2, l&#8217;intera zanzariera \u00e8 molto pi\u00f9 resistente e si appoggia alle porte del balcone in modo affidabile. La nostra zanzariera per porte dalla Polonia \u00e8 resistente ai danni, molto facile da installare ed \u00e8 un investimento per molte stagioni. Quattro colori popolari da scegliere!<\/p>\n<\/div>\n                    <\/div>\n                <\/div>\n            <\/div>\n        <\/div>\n    <\/div>\n\n<\/section>\n\n\n\n<section id=\"\" class=\"files_block image_tabs acf-block  acf-block-id-block_202698a5137fa0dd42f1641e40c2d784 acf-block--mb acf-block--mt\">\n\n    <div class=\"container\">\n        <div class=\"row\">\n            <div class=\"col-12 col-md-10 offset-md-1\">\n\n                            \n\n\n\n                                    <div data-tabs class=\"files_block__tabs\">\n                        <div data-tabs-container class=\"files_block__tabs__buttons\"><\/div>\n                        \n                            <div data-tab=\"Zanzariere Fintecnic Galeria\" class=\"image_tabs__content\">\n\n                                <div class=\"row\">\n\n                                                                            \n                                        \n                                            <a href=\"https:\/\/fintecnic.eu\/app\/uploads\/2021\/07\/zanzariera-per-la-porta-polonia-fintecnic-foto-1.jpg\" data-fancybox=\"tab-0\" data-caption=\"\" class=\"col-12 col-sm-6 col-md-4 image_tabs__content__item\">\n                                                <figure>\n                                                    <img decoding=\"async\" src=\"https:\/\/fintecnic.eu\/app\/uploads\/2021\/07\/zanzariera-per-la-porta-polonia-fintecnic-foto-1-500x259-c-default.jpg\" alt=\"\">\n                                                    <figcaption><\/figcaption>\n                                                <\/figure>\n                                            <\/a>\n                                        \n                                                                            \n                                        \n                                            <a href=\"https:\/\/fintecnic.eu\/app\/uploads\/2021\/07\/zanzariera-per-la-porta-polonia-fintecnic-foto-2.jpg\" data-fancybox=\"tab-0\" data-caption=\"\" class=\"col-12 col-sm-6 col-md-4 image_tabs__content__item\">\n                                                <figure>\n                                                    <img decoding=\"async\" src=\"https:\/\/fintecnic.eu\/app\/uploads\/2021\/07\/zanzariera-per-la-porta-polonia-fintecnic-foto-2-500x259-c-default.jpg\" alt=\"\">\n                                                    <figcaption><\/figcaption>\n                                                <\/figure>\n                                            <\/a>\n                                        \n                                                                            \n                                        \n                                            <a href=\"https:\/\/fintecnic.eu\/app\/uploads\/2021\/07\/zanzariera-per-la-porta-polonia-fintecnic-foto-3.jpg\" data-fancybox=\"tab-0\" data-caption=\"\" class=\"col-12 col-sm-6 col-md-4 image_tabs__content__item\">\n                                                <figure>\n                                                    <img decoding=\"async\" src=\"https:\/\/fintecnic.eu\/app\/uploads\/2021\/07\/zanzariera-per-la-porta-polonia-fintecnic-foto-3-500x259-c-default.jpg\" alt=\"\">\n                                                    <figcaption><\/figcaption>\n                                                <\/figure>\n                                            <\/a>\n                                        \n                                    \n                                    \n                                                                    <\/div>\n\n\n                            <\/div>\n\n                        \n                            <div data-tab=\"Colori Ral Zanzariere Per La Porte\" class=\"image_tabs__content\">\n\n                                <div class=\"row\">\n\n                                                                            \n                                                                                    <a href=\"https:\/\/fintecnic.eu\/app\/uploads\/2021\/07\/campionari-ral-zanzariere-per-la-porte-fintecnic-finestre-dalla-polonia1-scaled.jpg\" data-fancybox=\"tab-1\" data-caption=\"\" class=\"col-12 image_tabs__content__item\">\n                                                <figure>\n                                                    <img decoding=\"async\" src=\"https:\/\/fintecnic.eu\/app\/uploads\/2021\/07\/campionari-ral-zanzariere-per-la-porte-fintecnic-finestre-dalla-polonia1-scaled.jpg\" alt=\"\">\n                                                    <figcaption><\/figcaption>\n                                                <\/figure>\n                                            <\/a>\n                                        \n                                    \n                                    \n                                                                    <\/div>\n\n\n                            <\/div>\n\n                                            <\/div>\n                \n\n            <\/div>\n        <\/div>\n    <\/div>\n\n<\/section>\n\n","protected":false},"excerpt":{"rendered":"","protected":false},"author":3,"featured_media":3687,"parent":4699,"menu_order":0,"comment_status":"closed","ping_status":"closed","template":"pages\/product-single.php","meta":[],"acf":[],"_links":{"self":[{"href":"https:\/\/fintecnic.eu\/en\/wp-json\/wp\/v2\/pages\/4710"}],"collection":[{"href":"https:\/\/fintecnic.eu\/en\/wp-json\/wp\/v2\/pages"}],"about":[{"href":"https:\/\/fintecnic.eu\/en\/wp-json\/wp\/v2\/types\/page"}],"author":[{"embeddable":true,"href":"https:\/\/fintecnic.eu\/en\/wp-json\/wp\/v2\/users\/3"}],"replies":[{"embeddable":true,"href":"https:\/\/fintecnic.eu\/en\/wp-json\/wp\/v2\/comments?post=4710"}],"version-history":[{"count":1,"href":"https:\/\/fintecnic.eu\/en\/wp-json\/wp\/v2\/pages\/4710\/revisions"}],"predecessor-version":[{"id":4711,"href":"https:\/\/fintecnic.eu\/en\/wp-json\/wp\/v2\/pages\/4710\/revisions\/4711"}],"up":[{"embeddable":true,"href":"https:\/\/fintecnic.eu\/en\/wp-json\/wp\/v2\/pages\/4699"}],"wp:featuredmedia":[{"embeddable":true,"href":"https:\/\/fintecnic.eu\/en\/wp-json\/wp\/v2\/media\/3687"}],"wp:attachment":[{"href":"https:\/\/fintecnic.eu\/en\/wp-json\/wp\/v2\/media?parent=4710"}],"curies":[{"name":"wp","href":"https:\/\/api.w.org\/{rel}","templated":true}]}}