{"id":4708,"date":"2021-07-07T18:32:26","date_gmt":"2021-07-07T16:32:26","guid":{"rendered":"https:\/\/fintecnic.eu\/?page_id=4708"},"modified":"2023-09-13T11:03:16","modified_gmt":"2023-09-13T09:03:16","slug":"fixed-mosquito-nets","status":"publish","type":"page","link":"https:\/\/fintecnic.eu\/en\/mosquito-nets\/fixed-mosquito-nets\/","title":{"rendered":"Fixed mosquito nets"},"content":{"rendered":"<section id=\"\" class=\"side_image acf-block  acf-block-id-block_607f6eed17c04e0cef90f3e90d896821 acf-block--mb acf-block--mt\">\n        <div class=\"container\">\n        <div class=\"row side_image__row\">\n            <div class=\"col-12 col-lg-10 offset-lg-1\">\n                <div class=\"row\">\n                    <div class=\"col-12 col-md-4 \">\n                        <img decoding=\"async\" class=\"side_image__img\" src=\"https:\/\/fintecnic.eu\/app\/uploads\/2021\/07\/zanzariera-fissa-dalla-polonia-fintecnic-.webp\" alt=\"\" loading=\"lazy\">\n                    <\/div>\n                    <div class=\"col-12 col-md-8 \">\n                        <div class=\"side_image__description description\"><p>Di dimensioni perfettamente ridotte (in 1 mm), questa \u00e8 una zanzariera Fissa dalla Polonia, con una rete contro gli insetti, che \u00e8 un ostacolo insormontabile per gli insetti che spesso entrano nelle stanze quando la finestra \u00e8 socchiusa. La zanzariera fissa ha una rete realizzata in fibra di vetro molto resistente e durevole, con un diametro di circa 1 mm. \u00c8 una solida barriera per zanzare, zecche, mosche e anche piccoli moscerini.<\/p>\n<p>La nostra zanzariera polacca \u00e8 caratterizzata da un&#8217;alta qualit\u00e0 di lavorazione. Il telaio \u00e8 realizzato in alluminio estruso, grazie al quale \u00e8 altamente resistente alla flessione, e a condizioni meteorologiche difficili o anche il passare del tempo. L&#8217;alluminio pressato, rispetto ai materiali utilizzati da altri produttori, \u00e8 uno dei materiali pi\u00f9 durevoli utilizzati per la produzione di zanzariere, grazie al quale garantisce affidabilit\u00e0 e durata per molti anni. \u00c8 possibile scegliere una delle cinque impiallacciature disponibili o un colore RAL proprio su richiesta, in modo che la zanzariera a battente si adatti perfettamente alla finestra.<\/p>\n<\/div>\n                    <\/div>\n                <\/div>\n            <\/div>\n        <\/div>\n    <\/div>\n\n<\/section>\n\n\n\n<section id=\"\" class=\"files_block image_tabs acf-block  acf-block-id-block_8cce476ed75055cca951ca788702c994 acf-block--mb acf-block--mt\">\n\n    <div class=\"container\">\n        <div class=\"row\">\n            <div class=\"col-12 col-md-10 offset-md-1\">\n\n                            \n\n\n\n                                    <div data-tabs class=\"files_block__tabs\">\n                        <div data-tabs-container class=\"files_block__tabs__buttons\"><\/div>\n                        \n                            <div data-tab=\"Zanzariere Fisse Fintecnic Galeria\" class=\"image_tabs__content\">\n\n                                <div class=\"row\">\n\n                                                                            \n                                        \n                                            <a href=\"https:\/\/fintecnic.eu\/app\/uploads\/2021\/07\/zanzariera-fissa-nel-telaio-polonia-fintecnic-foto-6.jpg\" data-fancybox=\"tab-0\" data-caption=\"\" class=\"col-12 col-sm-6 col-md-4 image_tabs__content__item\">\n                                                <figure>\n                                                    <img decoding=\"async\" src=\"https:\/\/fintecnic.eu\/app\/uploads\/2021\/07\/zanzariera-fissa-nel-telaio-polonia-fintecnic-foto-6-500x259-c-default.jpg\" alt=\"\">\n                                                    <figcaption><\/figcaption>\n                                                <\/figure>\n                                            <\/a>\n                                        \n                                                                            \n                                        \n                                            <a href=\"https:\/\/fintecnic.eu\/app\/uploads\/2021\/07\/zanzariera-fissa-nel-telaio-polonia-fintecnic-foto-7.jpg\" data-fancybox=\"tab-0\" data-caption=\"\" class=\"col-12 col-sm-6 col-md-4 image_tabs__content__item\">\n                                                <figure>\n                                                    <img decoding=\"async\" src=\"https:\/\/fintecnic.eu\/app\/uploads\/2021\/07\/zanzariera-fissa-nel-telaio-polonia-fintecnic-foto-7-500x259-c-default.jpg\" alt=\"\">\n                                                    <figcaption><\/figcaption>\n                                                <\/figure>\n                                            <\/a>\n                                        \n                                    \n                                    \n                                                                    <\/div>\n\n\n                            <\/div>\n\n                        \n                            <div data-tab=\"Colori Ral Zanzariere Fisse\" class=\"image_tabs__content\">\n\n                                <div class=\"row\">\n\n                                                                            \n                                                                                    <a href=\"https:\/\/fintecnic.eu\/app\/uploads\/2021\/07\/campionari-ral-zanzariere-fisse-fintecnic-finestre-dalla-polonia-scaled.jpg\" data-fancybox=\"tab-1\" data-caption=\"\" class=\"col-12 image_tabs__content__item\">\n                                                <figure>\n                                                    <img decoding=\"async\" src=\"https:\/\/fintecnic.eu\/app\/uploads\/2021\/07\/campionari-ral-zanzariere-fisse-fintecnic-finestre-dalla-polonia-scaled.jpg\" alt=\"\">\n                                                    <figcaption><\/figcaption>\n                                                <\/figure>\n                                            <\/a>\n                                        \n                                    \n                                    \n                                                                    <\/div>\n\n\n                            <\/div>\n\n                        \n                            <div data-tab=\"Pellicole Zanzariere Fisse\" class=\"image_tabs__content\">\n\n                                <div class=\"row\">\n\n                                                                            \n                                        \n                                            <a href=\"https:\/\/fintecnic.eu\/app\/uploads\/2021\/07\/zanzariera-fissa-colore-antracite-ral-7016-fintecnic-finestre-dalla-polonia-1.jpg\" data-fancybox=\"tab-2\" data-caption=\"\" class=\"col-12 col-sm-6 col-md-4 image_tabs__content__item\">\n                                                <figure>\n                                                    <img decoding=\"async\" src=\"https:\/\/fintecnic.eu\/app\/uploads\/2021\/07\/zanzariera-fissa-colore-antracite-ral-7016-fintecnic-finestre-dalla-polonia-1-500x259-c-default.jpg\" alt=\"\">\n                                                    <figcaption><\/figcaption>\n                                                <\/figure>\n                                            <\/a>\n                                        \n                                                                            \n                                        \n                                            <a href=\"https:\/\/fintecnic.eu\/app\/uploads\/2021\/07\/zanzariera-fissa-colore-bianco-ral-9016-fintecnic-finestre-dalla-polonia-1.jpg\" data-fancybox=\"tab-2\" data-caption=\"\" class=\"col-12 col-sm-6 col-md-4 image_tabs__content__item\">\n                                                <figure>\n                                                    <img decoding=\"async\" src=\"https:\/\/fintecnic.eu\/app\/uploads\/2021\/07\/zanzariera-fissa-colore-bianco-ral-9016-fintecnic-finestre-dalla-polonia-1-500x259-c-default.jpg\" alt=\"\">\n                                                    <figcaption><\/figcaption>\n                                                <\/figure>\n                                            <\/a>\n                                        \n                                                                            \n                                        \n                                            <a href=\"https:\/\/fintecnic.eu\/app\/uploads\/2021\/07\/zanzariera-fissa-colore-marrone-scuro-ral-8017-fintecnic-finestre-dalla-polonia-1.jpg\" data-fancybox=\"tab-2\" data-caption=\"\" class=\"col-12 col-sm-6 col-md-4 image_tabs__content__item\">\n                                                <figure>\n                                                    <img decoding=\"async\" src=\"https:\/\/fintecnic.eu\/app\/uploads\/2021\/07\/zanzariera-fissa-colore-marrone-scuro-ral-8017-fintecnic-finestre-dalla-polonia-1-500x259-c-default.jpg\" alt=\"\">\n                                                    <figcaption><\/figcaption>\n                                                <\/figure>\n                                            <\/a>\n                                        \n                                                                            \n                                        \n                                            <a href=\"https:\/\/fintecnic.eu\/app\/uploads\/2021\/07\/zanzariera-fissa-colore-mogano-fintecnic-finestre-dalla-polonia.jpg\" data-fancybox=\"tab-2\" data-caption=\"\" class=\"col-12 col-sm-6 col-md-4 image_tabs__content__item\">\n                                                <figure>\n                                                    <img decoding=\"async\" src=\"https:\/\/fintecnic.eu\/app\/uploads\/2021\/07\/zanzariera-fissa-colore-mogano-fintecnic-finestre-dalla-polonia-500x259-c-default.jpg\" alt=\"\">\n                                                    <figcaption><\/figcaption>\n                                                <\/figure>\n                                            <\/a>\n                                        \n                                                                            \n                                        \n                                            <a href=\"https:\/\/fintecnic.eu\/app\/uploads\/2021\/07\/zanzariera-fissa-colore-noce-fintecnic-finestre-dalla-polonia-1.jpg\" data-fancybox=\"tab-2\" data-caption=\"\" class=\"col-12 col-sm-6 col-md-4 image_tabs__content__item\">\n                                                <figure>\n                                                    <img decoding=\"async\" src=\"https:\/\/fintecnic.eu\/app\/uploads\/2021\/07\/zanzariera-fissa-colore-noce-fintecnic-finestre-dalla-polonia-1-500x259-c-default.jpg\" alt=\"\">\n                                                    <figcaption><\/figcaption>\n                                                <\/figure>\n                                            <\/a>\n                                        \n                                                                            \n                                        \n                                            <a href=\"https:\/\/fintecnic.eu\/app\/uploads\/2021\/07\/zanzariera-fissa-colore-rovere-gold-dorato-fintecnic-finestre-dalla-polonia-1.jpg\" data-fancybox=\"tab-2\" data-caption=\"\" class=\"col-12 col-sm-6 col-md-4 image_tabs__content__item\">\n                                                <figure>\n                                                    <img decoding=\"async\" src=\"https:\/\/fintecnic.eu\/app\/uploads\/2021\/07\/zanzariera-fissa-colore-rovere-gold-dorato-fintecnic-finestre-dalla-polonia-1-500x259-c-default.jpg\" alt=\"\">\n                                                    <figcaption><\/figcaption>\n                                                <\/figure>\n                                            <\/a>\n                                        \n                                    \n                                    \n                                                                    <\/div>\n\n\n                            <\/div>\n\n                                            <\/div>\n                \n\n            <\/div>\n        <\/div>\n    <\/div>\n\n<\/section>\n\n","protected":false},"excerpt":{"rendered":"","protected":false},"author":3,"featured_media":3699,"parent":4699,"menu_order":0,"comment_status":"closed","ping_status":"closed","template":"pages\/product-single.php","meta":[],"acf":[],"_links":{"self":[{"href":"https:\/\/fintecnic.eu\/en\/wp-json\/wp\/v2\/pages\/4708"}],"collection":[{"href":"https:\/\/fintecnic.eu\/en\/wp-json\/wp\/v2\/pages"}],"about":[{"href":"https:\/\/fintecnic.eu\/en\/wp-json\/wp\/v2\/types\/page"}],"author":[{"embeddable":true,"href":"https:\/\/fintecnic.eu\/en\/wp-json\/wp\/v2\/users\/3"}],"replies":[{"embeddable":true,"href":"https:\/\/fintecnic.eu\/en\/wp-json\/wp\/v2\/comments?post=4708"}],"version-history":[{"count":1,"href":"https:\/\/fintecnic.eu\/en\/wp-json\/wp\/v2\/pages\/4708\/revisions"}],"predecessor-version":[{"id":4709,"href":"https:\/\/fintecnic.eu\/en\/wp-json\/wp\/v2\/pages\/4708\/revisions\/4709"}],"up":[{"embeddable":true,"href":"https:\/\/fintecnic.eu\/en\/wp-json\/wp\/v2\/pages\/4699"}],"wp:featuredmedia":[{"embeddable":true,"href":"https:\/\/fintecnic.eu\/en\/wp-json\/wp\/v2\/media\/3699"}],"wp:attachment":[{"href":"https:\/\/fintecnic.eu\/en\/wp-json\/wp\/v2\/media?parent=4708"}],"curies":[{"name":"wp","href":"https:\/\/api.w.org\/{rel}","templated":true}]}}