{"id":4705,"date":"2021-07-07T18:17:55","date_gmt":"2021-07-07T16:17:55","guid":{"rendered":"https:\/\/fintecnic.eu\/?page_id=4705"},"modified":"2023-09-13T11:00:30","modified_gmt":"2023-09-13T09:00:30","slug":"roll-up-mosquito-nets","status":"publish","type":"page","link":"https:\/\/fintecnic.eu\/en\/mosquito-nets\/roll-up-mosquito-nets\/","title":{"rendered":"Roll-up mosquito nets"},"content":{"rendered":"<section id=\"\" class=\"side_image acf-block  acf-block-id-block_a90125c3e5d5d971d20c43dae9907dbc acf-block--mb acf-block--mt\">\n        <div class=\"container\">\n        <div class=\"row side_image__row\">\n            <div class=\"col-12 col-lg-10 offset-lg-1\">\n                <div class=\"row\">\n                    <div class=\"col-12 col-md-4 \">\n                        <img decoding=\"async\" class=\"side_image__img\" src=\"https:\/\/fintecnic.eu\/app\/uploads\/2021\/07\/xmini_zanzariera-avvolgibile-dalla-polonia-fintecnic-foto-4.jpg.pagespeed.ic_.eMhgA8AYRp.webp\" alt=\"\" loading=\"lazy\">\n                    <\/div>\n                    <div class=\"col-12 col-md-8 \">\n                        <div class=\"side_image__description description\"><p><strong>Le zanzariere avvolgibili<\/strong> dalla Polonia sono realizzate in alluminio, per cui sono estremamente resistenti e soprattutto, resistenti alle condizioni meteorologiche difficili, ad esempio piogge e forti venti. Una zanzariera avvolgibile \u00e8 un prodotto che protegge efficacemente la tua casa o il tuo appartamento dagli insetti. La zanzariera dovrebbe essere montata nel vano esterno della finestra, di solito sul telaio della finestra stessa. Il vantaggio di una zanzariera avvolgibile \u00e8 che pu\u00f2 essere tirata su e gi\u00f9 velocemente e facilmente, se necessario.<\/p>\n<p>Il pesino inferiore e la guida delle zanzare sono dotati di una guarnizione a spazzola che garantisce una perfetta tenuta. La cassetta della zanzariera avvolgibile della Polonia \u00e8 imbullonata al telaio della finestra. Cassette e guide sono disponibili in vari colori: bianco, marrone scuro, grigio antracite, noce, rovere dorato.<\/p>\n<\/div>\n                    <\/div>\n                <\/div>\n            <\/div>\n        <\/div>\n    <\/div>\n\n<\/section>\n\n\n\n<section id=\"\" class=\"files_block image_tabs acf-block  acf-block-id-block_64ae2d960e33171792d4fc72eada02f5 acf-block--mb acf-block--mt\">\n\n    <div class=\"container\">\n        <div class=\"row\">\n            <div class=\"col-12 col-md-10 offset-md-1\">\n\n                            \n\n\n\n                                    <div data-tabs class=\"files_block__tabs\">\n                        <div data-tabs-container class=\"files_block__tabs__buttons\"><\/div>\n                        \n                            <div data-tab=\"Zanzariere Avvolgibile Fintecnic Galeria\" class=\"image_tabs__content\">\n\n                                <div class=\"row\">\n\n                                                                            \n                                        \n                                            <a href=\"https:\/\/fintecnic.eu\/app\/uploads\/2021\/07\/xbig_zanzariera-avvolgibile-dalla-polonia-fintecnic-foto-1.jpg.pagespeed.ic_.4_l7EwV8es.webp\" data-fancybox=\"tab-0\" data-caption=\"\" class=\"col-12 col-sm-6 col-md-4 image_tabs__content__item\">\n                                                <figure>\n                                                    <img decoding=\"async\" src=\"https:\/\/fintecnic.eu\/app\/uploads\/2021\/07\/xbig_zanzariera-avvolgibile-dalla-polonia-fintecnic-foto-1.jpg.pagespeed.ic_.4_l7EwV8es-500x259-c-default.webp\" alt=\"\">\n                                                    <figcaption><\/figcaption>\n                                                <\/figure>\n                                            <\/a>\n                                        \n                                                                            \n                                        \n                                            <a href=\"https:\/\/fintecnic.eu\/app\/uploads\/2021\/07\/xbig_zanzariera-avvolgibile-dalla-polonia-fintecnic-foto-2.jpg.pagespeed.ic_.mbYQfq6ySk.webp\" data-fancybox=\"tab-0\" data-caption=\"\" class=\"col-12 col-sm-6 col-md-4 image_tabs__content__item\">\n                                                <figure>\n                                                    <img decoding=\"async\" src=\"https:\/\/fintecnic.eu\/app\/uploads\/2021\/07\/xbig_zanzariera-avvolgibile-dalla-polonia-fintecnic-foto-2.jpg.pagespeed.ic_.mbYQfq6ySk-500x259-c-default.webp\" alt=\"\">\n                                                    <figcaption><\/figcaption>\n                                                <\/figure>\n                                            <\/a>\n                                        \n                                                                            \n                                        \n                                            <a href=\"https:\/\/fintecnic.eu\/app\/uploads\/2021\/07\/xbig_zanzariera-avvolgibile-dalla-polonia-fintecnic-foto-3.jpg.pagespeed.ic_.-qgOaLaPA8.webp\" data-fancybox=\"tab-0\" data-caption=\"\" class=\"col-12 col-sm-6 col-md-4 image_tabs__content__item\">\n                                                <figure>\n                                                    <img decoding=\"async\" src=\"https:\/\/fintecnic.eu\/app\/uploads\/2021\/07\/xbig_zanzariera-avvolgibile-dalla-polonia-fintecnic-foto-3.jpg.pagespeed.ic_.-qgOaLaPA8-500x259-c-default.webp\" alt=\"\">\n                                                    <figcaption><\/figcaption>\n                                                <\/figure>\n                                            <\/a>\n                                        \n                                    \n                                    \n                                                                    <\/div>\n\n\n                            <\/div>\n\n                        \n                            <div data-tab=\"Pellicole Zanzariere Fisse\" class=\"image_tabs__content\">\n\n                                <div class=\"row\">\n\n                                                                            \n                                        \n                                            <a href=\"https:\/\/fintecnic.eu\/app\/uploads\/2021\/07\/zanzariera-fissa-colore-antracite-ral-7016-fintecnic-finestre-dalla-polonia.jpg\" data-fancybox=\"tab-1\" data-caption=\"\" class=\"col-12 col-sm-6 col-md-4 image_tabs__content__item\">\n                                                <figure>\n                                                    <img decoding=\"async\" src=\"https:\/\/fintecnic.eu\/app\/uploads\/2021\/07\/zanzariera-fissa-colore-antracite-ral-7016-fintecnic-finestre-dalla-polonia-500x259-c-default.jpg\" alt=\"\">\n                                                    <figcaption><\/figcaption>\n                                                <\/figure>\n                                            <\/a>\n                                        \n                                                                            \n                                        \n                                            <a href=\"https:\/\/fintecnic.eu\/app\/uploads\/2021\/07\/zanzariera-fissa-colore-bianco-ral-9016-fintecnic-finestre-dalla-polonia.jpg\" data-fancybox=\"tab-1\" data-caption=\"\" class=\"col-12 col-sm-6 col-md-4 image_tabs__content__item\">\n                                                <figure>\n                                                    <img decoding=\"async\" src=\"https:\/\/fintecnic.eu\/app\/uploads\/2021\/07\/zanzariera-fissa-colore-bianco-ral-9016-fintecnic-finestre-dalla-polonia-500x259-c-default.jpg\" alt=\"\">\n                                                    <figcaption><\/figcaption>\n                                                <\/figure>\n                                            <\/a>\n                                        \n                                                                            \n                                        \n                                            <a href=\"https:\/\/fintecnic.eu\/app\/uploads\/2021\/07\/zanzariera-fissa-colore-marrone-scuro-ral-8017-fintecnic-finestre-dalla-polonia.jpg\" data-fancybox=\"tab-1\" data-caption=\"\" class=\"col-12 col-sm-6 col-md-4 image_tabs__content__item\">\n                                                <figure>\n                                                    <img decoding=\"async\" src=\"https:\/\/fintecnic.eu\/app\/uploads\/2021\/07\/zanzariera-fissa-colore-marrone-scuro-ral-8017-fintecnic-finestre-dalla-polonia-500x259-c-default.jpg\" alt=\"\">\n                                                    <figcaption><\/figcaption>\n                                                <\/figure>\n                                            <\/a>\n                                        \n                                                                            \n                                        \n                                            <a href=\"https:\/\/fintecnic.eu\/app\/uploads\/2021\/07\/zanzariera-fissa-colore-noce-fintecnic-finestre-dalla-polonia.jpg\" data-fancybox=\"tab-1\" data-caption=\"\" class=\"col-12 col-sm-6 col-md-4 image_tabs__content__item\">\n                                                <figure>\n                                                    <img decoding=\"async\" src=\"https:\/\/fintecnic.eu\/app\/uploads\/2021\/07\/zanzariera-fissa-colore-noce-fintecnic-finestre-dalla-polonia-500x259-c-default.jpg\" alt=\"\">\n                                                    <figcaption><\/figcaption>\n                                                <\/figure>\n                                            <\/a>\n                                        \n                                                                            \n                                        \n                                            <a href=\"https:\/\/fintecnic.eu\/app\/uploads\/2021\/07\/zanzariera-fissa-colore-rovere-gold-dorato-fintecnic-finestre-dalla-polonia.jpg\" data-fancybox=\"tab-1\" data-caption=\"\" class=\"col-12 col-sm-6 col-md-4 image_tabs__content__item\">\n                                                <figure>\n                                                    <img decoding=\"async\" src=\"https:\/\/fintecnic.eu\/app\/uploads\/2021\/07\/zanzariera-fissa-colore-rovere-gold-dorato-fintecnic-finestre-dalla-polonia-500x259-c-default.jpg\" alt=\"\">\n                                                    <figcaption><\/figcaption>\n                                                <\/figure>\n                                            <\/a>\n                                        \n                                    \n                                    \n                                                                    <\/div>\n\n\n                            <\/div>\n\n                                            <\/div>\n                \n\n            <\/div>\n        <\/div>\n    <\/div>\n\n<\/section>\n\n","protected":false},"excerpt":{"rendered":"","protected":false},"author":3,"featured_media":3667,"parent":4699,"menu_order":0,"comment_status":"closed","ping_status":"closed","template":"pages\/product-single.php","meta":[],"acf":[],"_links":{"self":[{"href":"https:\/\/fintecnic.eu\/en\/wp-json\/wp\/v2\/pages\/4705"}],"collection":[{"href":"https:\/\/fintecnic.eu\/en\/wp-json\/wp\/v2\/pages"}],"about":[{"href":"https:\/\/fintecnic.eu\/en\/wp-json\/wp\/v2\/types\/page"}],"author":[{"embeddable":true,"href":"https:\/\/fintecnic.eu\/en\/wp-json\/wp\/v2\/users\/3"}],"replies":[{"embeddable":true,"href":"https:\/\/fintecnic.eu\/en\/wp-json\/wp\/v2\/comments?post=4705"}],"version-history":[{"count":1,"href":"https:\/\/fintecnic.eu\/en\/wp-json\/wp\/v2\/pages\/4705\/revisions"}],"predecessor-version":[{"id":4706,"href":"https:\/\/fintecnic.eu\/en\/wp-json\/wp\/v2\/pages\/4705\/revisions\/4706"}],"up":[{"embeddable":true,"href":"https:\/\/fintecnic.eu\/en\/wp-json\/wp\/v2\/pages\/4699"}],"wp:featuredmedia":[{"embeddable":true,"href":"https:\/\/fintecnic.eu\/en\/wp-json\/wp\/v2\/media\/3667"}],"wp:attachment":[{"href":"https:\/\/fintecnic.eu\/en\/wp-json\/wp\/v2\/media?parent=4705"}],"curies":[{"name":"wp","href":"https:\/\/api.w.org\/{rel}","templated":true}]}}