{"id":4703,"date":"2021-07-07T18:13:46","date_gmt":"2021-07-07T16:13:46","guid":{"rendered":"https:\/\/fintecnic.eu\/?page_id=4703"},"modified":"2023-09-13T10:57:41","modified_gmt":"2023-09-13T08:57:41","slug":"sliding-mosquito-net","status":"publish","type":"page","link":"https:\/\/fintecnic.eu\/en\/mosquito-nets\/sliding-mosquito-net\/","title":{"rendered":"Sliding mosquito net"},"content":{"rendered":"<section id=\"\" class=\"side_image acf-block  acf-block-id-block_2624ef20f498dd574f25142d213013ce acf-block--mb acf-block--mt\">\n        <div class=\"container\">\n        <div class=\"row side_image__row\">\n            <div class=\"col-12 col-lg-10 offset-lg-1\">\n                <div class=\"row\">\n                    <div class=\"col-12 col-md-4 \">\n                        <img decoding=\"async\" class=\"side_image__img\" src=\"https:\/\/fintecnic.eu\/app\/uploads\/2021\/07\/zanzariere-scorrevole-fintecnic-dalla-polonia-.jpg.pagespeed.ic_.08LFwEmtDe.webp\" alt=\"\" loading=\"lazy\">\n                    <\/div>\n                    <div class=\"col-12 col-md-8 \">\n                        <div class=\"side_image__description description\"><p>La zanzariera scorrevole \u00e8 una barriera protettiva ideale per la nostra casa. Protegge il nostro interno da insetti indesiderabili che sono fastidiosi ed entrano all&#8217;interno facilmente. Installate una zanzariera polacca disponibile su Fintecnice, esattamente dove avete grandi vetrate scorrevoli, terrazze, finestre o giardini d&#8217;inverno, e potrete godervi l&#8217;aria fresca e il suono dell&#8217;estate in qualsiasi momento del giorno o della notte.<\/p>\n<p>Grazie al sistema scorrevole della zanzariera, \u00e8 possibile creare dimensioni molto grandi del suo battente, senza sacrificare qualit\u00e0 e funzionalit\u00e0. La zanzariera polacca scorrevole \u00e8 sottile e stabile durante l&#8217;uso. Inoltre, \u00e8 disponibile in una variet\u00e0 di colori RAL.<\/p>\n<\/div>\n                    <\/div>\n                <\/div>\n            <\/div>\n        <\/div>\n    <\/div>\n\n<\/section>\n\n\n\n<div class=\"wp-block-image\">\n<figure class=\"aligncenter size-large\"><img decoding=\"async\" src=\"https:\/\/fintecnic.eu\/app\/uploads\/2021\/07\/xbig_zanzariere-scorrevole-dalla-polonia-fintecnic.jpg.pagespeed.ic_.IcKDRbC6iI.webp\" alt=\"\" class=\"wp-image-1848\"\/><\/figure><\/div>","protected":false},"excerpt":{"rendered":"","protected":false},"author":3,"featured_media":3661,"parent":4699,"menu_order":0,"comment_status":"closed","ping_status":"closed","template":"pages\/product-single.php","meta":[],"acf":[],"_links":{"self":[{"href":"https:\/\/fintecnic.eu\/en\/wp-json\/wp\/v2\/pages\/4703"}],"collection":[{"href":"https:\/\/fintecnic.eu\/en\/wp-json\/wp\/v2\/pages"}],"about":[{"href":"https:\/\/fintecnic.eu\/en\/wp-json\/wp\/v2\/types\/page"}],"author":[{"embeddable":true,"href":"https:\/\/fintecnic.eu\/en\/wp-json\/wp\/v2\/users\/3"}],"replies":[{"embeddable":true,"href":"https:\/\/fintecnic.eu\/en\/wp-json\/wp\/v2\/comments?post=4703"}],"version-history":[{"count":1,"href":"https:\/\/fintecnic.eu\/en\/wp-json\/wp\/v2\/pages\/4703\/revisions"}],"predecessor-version":[{"id":4704,"href":"https:\/\/fintecnic.eu\/en\/wp-json\/wp\/v2\/pages\/4703\/revisions\/4704"}],"up":[{"embeddable":true,"href":"https:\/\/fintecnic.eu\/en\/wp-json\/wp\/v2\/pages\/4699"}],"wp:featuredmedia":[{"embeddable":true,"href":"https:\/\/fintecnic.eu\/en\/wp-json\/wp\/v2\/media\/3661"}],"wp:attachment":[{"href":"https:\/\/fintecnic.eu\/en\/wp-json\/wp\/v2\/media?parent=4703"}],"curies":[{"name":"wp","href":"https:\/\/api.w.org\/{rel}","templated":true}]}}