{"id":4701,"date":"2021-07-07T17:52:48","date_gmt":"2021-07-07T15:52:48","guid":{"rendered":"https:\/\/fintecnic.eu\/?page_id=4701"},"modified":"2023-09-13T10:56:07","modified_gmt":"2023-09-13T08:56:07","slug":"anti-smog-nets","status":"publish","type":"page","link":"https:\/\/fintecnic.eu\/en\/mosquito-nets\/anti-smog-nets\/","title":{"rendered":"ANTI-SMOG nets"},"content":{"rendered":"<section id=\"\" class=\"side_image acf-block  acf-block-id-block_9e0ff2e7f476c1bc450323711443ff96 acf-block--mb acf-block--mt\">\n        <div class=\"container\">\n        <div class=\"row side_image__row\">\n            <div class=\"col-12 col-lg-10 offset-lg-1\">\n                <div class=\"row\">\n                    <div class=\"col-12 col-md-4 \">\n                        <img decoding=\"async\" class=\"side_image__img\" src=\"https:\/\/fintecnic.eu\/app\/uploads\/2021\/07\/zanzariera-fissa-fintecnic-dalla-polonia-.webp\" alt=\"\" loading=\"lazy\">\n                    <\/div>\n                    <div class=\"col-12 col-md-8 \">\n                        <div class=\"side_image__description description\"><p>La rete anti-smog \u00e8 una soluzione ideale per i pollini nell&#8217;aria, che sono stati qualificati dall&#8217;Organizzazione Mondiale della Sanit\u00e0 come uno dei fattori pi\u00f9 seri che possono causare il cancro. Lo smog, la polvere e altri microrganismi che respiriamo con l&#8217;aria, possono seriamente compromettere la nostra salute, danneggiando irrimediabilmente il nostro organismo. Lo smog che uccide \u00e8 senza dubbio un problema globale. Abbiamo deciso di affrontarlo e agire razionalmente! Alla nostra offerta abbiamo introdotto le reti anti-smog dalla Polonia, che sono state create sulla base di una tecnologia innovativa e brevettata.<\/p>\n<p>Grazie alle reti anti-smog siamo sicuri che l&#8217;aria inquinata non entrer\u00e0 al nostro interno. Quindi \u00e8 possibile ventilare facilmente la casa, anche quando la concentrazione di polvere sospesa \u00e8 superiore alla norma. La rete anti-smog dalla Polonia \u00e8 una soluzione per chiunque voglia prendersi cura della propria salute e del proprio benessere.<\/p>\n<p>Le griglie anti-smog proteggono da:<\/p>\n<ul>\n<li>smog,<\/li>\n<li>funghi,<\/li>\n<li>sale marino,<\/li>\n<li>aerosol,<\/li>\n<li>gas di scarico,<\/li>\n<li>polvere,<\/li>\n<li>spore vegetali,<\/li>\n<li>polline,<\/li>\n<li>acari,<\/li>\n<li>insetti.<\/li>\n<\/ul>\n<p>&nbsp;<\/p>\n<p>Le reti anti-smog dalla Polonia sono una protezione ideale contro lo smog in inverno. In primavera la rete diventa una soluzione per tutti i soggetti allergici, mentre in estate funge da zanzariera tradizionale, che protegge l&#8217;appartamento dagli insetti. Le normali membrane antipolvere proteggono solo contro spore vegetali, pollini, acari e insetti. La soluzione proposta dalla nostra azienda Fintecnic, realizzata in nanofibra, grazie alla densit\u00e0 delle fibre, dimostra la massima efficienza. Il funzionamento delle reti \u00e8 stato confermato da test di filtrazione indipendenti effettuati dal Laboratorio di Ricerca SZU di Brno.<\/p>\n<p>Le reti anti-smog dalla Polonia, sono raccomandate soprattutto per le persone che vivono in aree che indicano un alto grado d\u2019inquinamento dell&#8217;aria, e per le persone che soffrono di allergie. Le reti sono adatte per il montaggio sia su finestre, porte e sistemi di ventilazione.<\/p>\n<p>Mantengono le loro propriet\u00e0 di filtrazione per 3 anni. Sono anche resistenti all&#8217;acqua ed estremamente semplici da mantenere pulite. Se si sporcano, basta sciacquarle con acqua.<\/p>\n<\/div>\n                    <\/div>\n                <\/div>\n            <\/div>\n        <\/div>\n    <\/div>\n\n<\/section>\n\n\n\n\n<p><\/p>\n","protected":false},"excerpt":{"rendered":"","protected":false},"author":3,"featured_media":3647,"parent":4699,"menu_order":0,"comment_status":"closed","ping_status":"closed","template":"pages\/product-single.php","meta":[],"acf":[],"_links":{"self":[{"href":"https:\/\/fintecnic.eu\/en\/wp-json\/wp\/v2\/pages\/4701"}],"collection":[{"href":"https:\/\/fintecnic.eu\/en\/wp-json\/wp\/v2\/pages"}],"about":[{"href":"https:\/\/fintecnic.eu\/en\/wp-json\/wp\/v2\/types\/page"}],"author":[{"embeddable":true,"href":"https:\/\/fintecnic.eu\/en\/wp-json\/wp\/v2\/users\/3"}],"replies":[{"embeddable":true,"href":"https:\/\/fintecnic.eu\/en\/wp-json\/wp\/v2\/comments?post=4701"}],"version-history":[{"count":1,"href":"https:\/\/fintecnic.eu\/en\/wp-json\/wp\/v2\/pages\/4701\/revisions"}],"predecessor-version":[{"id":4702,"href":"https:\/\/fintecnic.eu\/en\/wp-json\/wp\/v2\/pages\/4701\/revisions\/4702"}],"up":[{"embeddable":true,"href":"https:\/\/fintecnic.eu\/en\/wp-json\/wp\/v2\/pages\/4699"}],"wp:featuredmedia":[{"embeddable":true,"href":"https:\/\/fintecnic.eu\/en\/wp-json\/wp\/v2\/media\/3647"}],"wp:attachment":[{"href":"https:\/\/fintecnic.eu\/en\/wp-json\/wp\/v2\/media?parent=4701"}],"curies":[{"name":"wp","href":"https:\/\/api.w.org\/{rel}","templated":true}]}}