{"id":4664,"date":"2021-07-05T14:50:20","date_gmt":"2021-07-05T12:50:20","guid":{"rendered":"https:\/\/fintecnic.eu\/?page_id=4664"},"modified":"2023-09-13T08:45:17","modified_gmt":"2023-09-13T06:45:17","slug":"door-accessories","status":"publish","type":"page","link":"https:\/\/fintecnic.eu\/en\/doors\/door-accessories\/","title":{"rendered":"Door accessories"},"content":{"rendered":"<section id=\"\" class=\"side_image acf-block  acf-block-id-block_241bfe1a58ecdab731765b1bdc393bab acf-block--mb acf-block--mt\">\n        <div class=\"container\">\n        <div class=\"row side_image__row\">\n            <div class=\"col-12 col-lg-10 offset-lg-1\">\n                <div class=\"row\">\n                    <div class=\"col-12 col-md-4 \">\n                        <img decoding=\"async\" class=\"side_image__img\" src=\"https:\/\/fintecnic.eu\/app\/uploads\/2021\/07\/accessori-per-porte-fintecnic-polonia.webp\" alt=\"\" loading=\"lazy\">\n                    <\/div>\n                    <div class=\"col-12 col-md-8 \">\n                        <div class=\"side_image__description description\"><p>Porte d&#8217;ingresso in alluminio &#8211; ricca gamma di colori dei profili, possibilit\u00e0 di costruzione praticamente illimitate, possibilit\u00e0 di scelta tra vari riempimenti; queste possibilit\u00e0 fanno\u00a0 che potrete realizzare la finitura della vostra casa secondo il vostro gusto.<\/p>\n<p>&nbsp;<\/p>\n<p>La superficie dei profili degli infissi in alluminio pu\u00f2 essere verniciata a polvere o anodizzata.<\/p>\n<\/div>\n                    <\/div>\n                <\/div>\n            <\/div>\n        <\/div>\n    <\/div>\n\n<\/section>\n\n\n\n<section id=\"\" class=\"files_block image_tabs acf-block  acf-block-id-block_3fb114539b493d8e37bd0b62109c28b1 acf-block--mb acf-block--mt\">\n\n    <div class=\"container\">\n        <div class=\"row\">\n            <div class=\"col-12 col-md-10 offset-md-1\">\n\n                            \n\n\n\n                                    <div data-tabs class=\"files_block__tabs\">\n                        <div data-tabs-container class=\"files_block__tabs__buttons\"><\/div>\n                        \n                            <div data-tab=\"Accessori per porte\" class=\"image_tabs__content\">\n\n                                <div class=\"row\">\n\n                                                                            \n                                        \n                                            <a href=\"https:\/\/fintecnic.eu\/app\/uploads\/2021\/07\/accessori-per-porte-fintecnic-polonia-1.jpg\" data-fancybox=\"tab-0\" data-caption=\"\" class=\"col-12 col-sm-6 col-md-4 image_tabs__content__item\">\n                                                <figure>\n                                                    <img decoding=\"async\" src=\"https:\/\/fintecnic.eu\/app\/uploads\/2021\/07\/accessori-per-porte-fintecnic-polonia-1-500x259-c-default.jpg\" alt=\"\">\n                                                    <figcaption><\/figcaption>\n                                                <\/figure>\n                                            <\/a>\n                                        \n                                                                            \n                                        \n                                            <a href=\"https:\/\/fintecnic.eu\/app\/uploads\/2021\/07\/accessori-per-porte-fintecnic-polonia-2.jpg\" data-fancybox=\"tab-0\" data-caption=\"\" class=\"col-12 col-sm-6 col-md-4 image_tabs__content__item\">\n                                                <figure>\n                                                    <img decoding=\"async\" src=\"https:\/\/fintecnic.eu\/app\/uploads\/2021\/07\/accessori-per-porte-fintecnic-polonia-2-500x259-c-default.jpg\" alt=\"\">\n                                                    <figcaption><\/figcaption>\n                                                <\/figure>\n                                            <\/a>\n                                        \n                                                                            \n                                        \n                                            <a href=\"https:\/\/fintecnic.eu\/app\/uploads\/2021\/07\/accessori-per-porte-fintecnic-polonia-3.jpg\" data-fancybox=\"tab-0\" data-caption=\"\" class=\"col-12 col-sm-6 col-md-4 image_tabs__content__item\">\n                                                <figure>\n                                                    <img decoding=\"async\" src=\"https:\/\/fintecnic.eu\/app\/uploads\/2021\/07\/accessori-per-porte-fintecnic-polonia-3-500x259-c-default.jpg\" alt=\"\">\n                                                    <figcaption><\/figcaption>\n                                                <\/figure>\n                                            <\/a>\n                                        \n                                                                            \n                                        \n                                            <a href=\"https:\/\/fintecnic.eu\/app\/uploads\/2021\/07\/accessori-per-porte-fintecnic-polonia-4.jpg\" data-fancybox=\"tab-0\" data-caption=\"\" class=\"col-12 col-sm-6 col-md-4 image_tabs__content__item\">\n                                                <figure>\n                                                    <img decoding=\"async\" src=\"https:\/\/fintecnic.eu\/app\/uploads\/2021\/07\/accessori-per-porte-fintecnic-polonia-4-500x259-c-default.jpg\" alt=\"\">\n                                                    <figcaption><\/figcaption>\n                                                <\/figure>\n                                            <\/a>\n                                        \n                                                                            \n                                        \n                                            <a href=\"https:\/\/fintecnic.eu\/app\/uploads\/2021\/07\/accessori-per-porte-fintecnic-polonia-5.jpg\" data-fancybox=\"tab-0\" data-caption=\"\" class=\"col-12 col-sm-6 col-md-4 image_tabs__content__item\">\n                                                <figure>\n                                                    <img decoding=\"async\" src=\"https:\/\/fintecnic.eu\/app\/uploads\/2021\/07\/accessori-per-porte-fintecnic-polonia-5-500x259-c-default.jpg\" alt=\"\">\n                                                    <figcaption><\/figcaption>\n                                                <\/figure>\n                                            <\/a>\n                                        \n                                                                            \n                                        \n                                            <a href=\"https:\/\/fintecnic.eu\/app\/uploads\/2021\/07\/accessori-per-porte-fintecnic-polonia-6.jpg\" data-fancybox=\"tab-0\" data-caption=\"\" class=\"col-12 col-sm-6 col-md-4 image_tabs__content__item\">\n                                                <figure>\n                                                    <img decoding=\"async\" src=\"https:\/\/fintecnic.eu\/app\/uploads\/2021\/07\/accessori-per-porte-fintecnic-polonia-6-500x259-c-default.jpg\" alt=\"\">\n                                                    <figcaption><\/figcaption>\n                                                <\/figure>\n                                            <\/a>\n                                        \n                                                                            \n                                        \n                                            <a href=\"https:\/\/fintecnic.eu\/app\/uploads\/2021\/07\/accessori-per-porte-fintecnic-polonia-7.jpg\" data-fancybox=\"tab-0\" data-caption=\"\" class=\"col-12 col-sm-6 col-md-4 image_tabs__content__item\">\n                                                <figure>\n                                                    <img decoding=\"async\" src=\"https:\/\/fintecnic.eu\/app\/uploads\/2021\/07\/accessori-per-porte-fintecnic-polonia-7-500x259-c-default.jpg\" alt=\"\">\n                                                    <figcaption><\/figcaption>\n                                                <\/figure>\n                                            <\/a>\n                                        \n                                                                            \n                                        \n                                            <a href=\"https:\/\/fintecnic.eu\/app\/uploads\/2021\/07\/accessori-per-porte-fintecnic-polonia-8.jpg\" data-fancybox=\"tab-0\" data-caption=\"\" class=\"col-12 col-sm-6 col-md-4 image_tabs__content__item\">\n                                                <figure>\n                                                    <img decoding=\"async\" src=\"https:\/\/fintecnic.eu\/app\/uploads\/2021\/07\/accessori-per-porte-fintecnic-polonia-8-500x259-c-default.jpg\" alt=\"\">\n                                                    <figcaption><\/figcaption>\n                                                <\/figure>\n                                            <\/a>\n                                        \n                                                                            \n                                        \n                                            <a href=\"https:\/\/fintecnic.eu\/app\/uploads\/2021\/07\/accessori-per-porte-fintecnic-polonia-9.jpg\" data-fancybox=\"tab-0\" data-caption=\"\" class=\"col-12 col-sm-6 col-md-4 image_tabs__content__item\">\n                                                <figure>\n                                                    <img decoding=\"async\" src=\"https:\/\/fintecnic.eu\/app\/uploads\/2021\/07\/accessori-per-porte-fintecnic-polonia-9-500x259-c-default.jpg\" alt=\"\">\n                                                    <figcaption><\/figcaption>\n                                                <\/figure>\n                                            <\/a>\n                                        \n                                                                            \n                                        \n                                            <a href=\"https:\/\/fintecnic.eu\/app\/uploads\/2021\/07\/accessori-per-porte-fintecnic-polonia-10.jpg\" data-fancybox=\"tab-0\" data-caption=\"\" class=\"col-12 col-sm-6 col-md-4 image_tabs__content__item\">\n                                                <figure>\n                                                    <img decoding=\"async\" src=\"https:\/\/fintecnic.eu\/app\/uploads\/2021\/07\/accessori-per-porte-fintecnic-polonia-10-500x259-c-default.jpg\" alt=\"\">\n                                                    <figcaption><\/figcaption>\n                                                <\/figure>\n                                            <\/a>\n                                        \n                                                                            \n                                        \n                                            <a href=\"https:\/\/fintecnic.eu\/app\/uploads\/2021\/07\/accessori-per-porte-fintecnic-polonia-11.jpg\" data-fancybox=\"tab-0\" data-caption=\"\" class=\"col-12 col-sm-6 col-md-4 image_tabs__content__item\">\n                                                <figure>\n                                                    <img decoding=\"async\" src=\"https:\/\/fintecnic.eu\/app\/uploads\/2021\/07\/accessori-per-porte-fintecnic-polonia-11-500x259-c-default.jpg\" alt=\"\">\n                                                    <figcaption><\/figcaption>\n                                                <\/figure>\n                                            <\/a>\n                                        \n                                                                            \n                                        \n                                            <a href=\"https:\/\/fintecnic.eu\/app\/uploads\/2021\/07\/accessori-per-porte-fintecnic-polonia-12.jpg\" data-fancybox=\"tab-0\" data-caption=\"\" class=\"col-12 col-sm-6 col-md-4 image_tabs__content__item\">\n                                                <figure>\n                                                    <img decoding=\"async\" src=\"https:\/\/fintecnic.eu\/app\/uploads\/2021\/07\/accessori-per-porte-fintecnic-polonia-12-500x259-c-default.jpg\" alt=\"\">\n                                                    <figcaption><\/figcaption>\n                                                <\/figure>\n                                            <\/a>\n                                        \n                                                                            \n                                        \n                                            <a href=\"https:\/\/fintecnic.eu\/app\/uploads\/2021\/07\/accessori-per-porte-fintecnic-polonia-13.jpg\" data-fancybox=\"tab-0\" data-caption=\"\" class=\"col-12 col-sm-6 col-md-4 image_tabs__content__item\">\n                                                <figure>\n                                                    <img decoding=\"async\" src=\"https:\/\/fintecnic.eu\/app\/uploads\/2021\/07\/accessori-per-porte-fintecnic-polonia-13-500x259-c-default.jpg\" alt=\"\">\n                                                    <figcaption><\/figcaption>\n                                                <\/figure>\n                                            <\/a>\n                                        \n                                    \n                                    \n                                                                    <\/div>\n\n\n                            <\/div>\n\n                                            <\/div>\n                \n\n            <\/div>\n        <\/div>\n    <\/div>\n\n<\/section>\n\n","protected":false},"excerpt":{"rendered":"","protected":false},"author":3,"featured_media":2495,"parent":4662,"menu_order":0,"comment_status":"closed","ping_status":"closed","template":"pages\/product-single.php","meta":[],"acf":[],"_links":{"self":[{"href":"https:\/\/fintecnic.eu\/en\/wp-json\/wp\/v2\/pages\/4664"}],"collection":[{"href":"https:\/\/fintecnic.eu\/en\/wp-json\/wp\/v2\/pages"}],"about":[{"href":"https:\/\/fintecnic.eu\/en\/wp-json\/wp\/v2\/types\/page"}],"author":[{"embeddable":true,"href":"https:\/\/fintecnic.eu\/en\/wp-json\/wp\/v2\/users\/3"}],"replies":[{"embeddable":true,"href":"https:\/\/fintecnic.eu\/en\/wp-json\/wp\/v2\/comments?post=4664"}],"version-history":[{"count":1,"href":"https:\/\/fintecnic.eu\/en\/wp-json\/wp\/v2\/pages\/4664\/revisions"}],"predecessor-version":[{"id":4665,"href":"https:\/\/fintecnic.eu\/en\/wp-json\/wp\/v2\/pages\/4664\/revisions\/4665"}],"up":[{"embeddable":true,"href":"https:\/\/fintecnic.eu\/en\/wp-json\/wp\/v2\/pages\/4662"}],"wp:featuredmedia":[{"embeddable":true,"href":"https:\/\/fintecnic.eu\/en\/wp-json\/wp\/v2\/media\/2495"}],"wp:attachment":[{"href":"https:\/\/fintecnic.eu\/en\/wp-json\/wp\/v2\/media?parent=4664"}],"curies":[{"name":"wp","href":"https:\/\/api.w.org\/{rel}","templated":true}]}}