{"id":4648,"date":"2021-07-16T16:27:16","date_gmt":"2021-07-16T14:27:16","guid":{"rendered":"https:\/\/fintecnic.eu\/?page_id=4648"},"modified":"2023-09-12T21:43:40","modified_gmt":"2023-09-12T19:43:40","slug":"fintecnic-franchising","status":"publish","type":"page","link":"https:\/\/fintecnic.eu\/en\/partner\/fintecnic-franchising\/","title":{"rendered":"Fintecnic Franchising"},"content":{"rendered":"<section id=\"\" class=\"title_description_image acf-block  acf-block-id-block_8a2f7e649eb9173c7c9295a1fc67d9e4 acf-block--mb acf-block--mt\">\n\n        \n    <div class=\"container\">\n        <div class=\"row\">\n            <div class=\"col-12 col-md-10 offset-md-1\">\n\n                <div class=\"title_description_image__heading\">\n                    <div class=\"title_description_image__heading__left\">\n\n                                \n\n\n                    <\/div>\n\n                                            <a href=\"#block_8a2f7e649eb9173c7c9295a1fc67d9e4\" class=\"title_description_image__heading__btn btn-oval-gray\"><i class=\"fal fa-arrow-down\"><\/i><\/a>\n                                    <\/div>\n\n            <\/div>\n        <\/div>\n\n                    <div class=\"row\">\n                <div class=\"col-12\">\n                    <div class=\"title_description_image__img\" id=\"block_8a2f7e649eb9173c7c9295a1fc67d9e4\">\n                                                <img decoding=\"async\" src=\"https:\/\/fintecnic.eu\/app\/uploads\/2021\/07\/xfintecnic-finestre-dalla-polonia-premium-partner.jpg.pagespeed.ic_.FWHqhxjiAd-1460x820-c-default.webp\" alt=\"\" loading=\"lazy\"\n                             srcset=\"\n                                    https:\/\/fintecnic.eu\/app\/uploads\/2021\/07\/xfintecnic-finestre-dalla-polonia-premium-partner.jpg.pagespeed.ic_.FWHqhxjiAd-365x205-c-default.webp 365w,\n                                    https:\/\/fintecnic.eu\/app\/uploads\/2021\/07\/xfintecnic-finestre-dalla-polonia-premium-partner.jpg.pagespeed.ic_.FWHqhxjiAd-730x410-c-default.webp 730w,\n                                    https:\/\/fintecnic.eu\/app\/uploads\/2021\/07\/xfintecnic-finestre-dalla-polonia-premium-partner.jpg.pagespeed.ic_.FWHqhxjiAd-1460x820-c-default.webp 1460w,\n                                    https:\/\/fintecnic.eu\/app\/uploads\/2021\/07\/xfintecnic-finestre-dalla-polonia-premium-partner.jpg.pagespeed.ic_.FWHqhxjiAd-2920x1640-c-default.webp 2920w\"\n                        >\n                    <\/div>\n                <\/div>\n            <\/div>\n            <\/div>\n\n<\/section>\n\n\n\n<section id=\"\" class=\"title_description acf-block  acf-block-id-block_d7ddf935aa9a43e7c47278dcaacc2bdf acf-block--mb acf-block--mt\">\n\n            <div class=\"container\">\n    <div class=\"row\">\n        <div class=\"col-12 col-lg-10 offset-lg-1\">\n                        \n    <h2 class=\"title_description__title title\">Fintecnic Premium Partner Finestre In Pvc Dalla Polonia<\/h2>\n\n    <div class=\"description title_description__description\"><p><strong>Offerta di cooperazione in franchising<\/strong><\/p>\n<p>FinTecnic \u00e8 una societ\u00e0 che si sta sviluppando in modo dinamico sul mercato polacco delle porte e finestre. Grazie alle competenze acquisite negli anni nella vendita, gestione\u00a0e promozione dei prodotti offerti, e soprattutto alla conoscenza del settore delle finestre, vogliamo sviluppare ulteriormente la nostra azienda attraverso la cooperazione in franchising.<\/p>\n<p><strong>Chi stiamo cercando per la cooperazione?<\/strong><br \/>\nIl franchising \u00e8 un ottimo modo per gestire la propria attivit\u00e0 con un marchio ben noto ai clienti. Stiamo cercando per la collaborazione, persone provenienti da tutta Italia, che sarebbero in grado di gestire un&#8217;impresa in modo indipendente in conformit\u00e0 con i principi del franchising gi\u00e0 stabiliti, che abbiano un capitale adeguato, cos\u00ec come la volont\u00e0 e l&#8217;entusiasmo per il lavoro. Apprezziamo l&#8217;esperienza nella gestione della propria attivit\u00e0, tuttavia, grazie alle nostre conoscenze e competenze, aiuteremo anche i principianti al di fuori dal settore delle finestre.<\/p>\n<p><strong>Termini interessanti di cooperazione e altro ancora<\/strong><br \/>\nCome parte della cooperazione in franchising, proponiamo soluzioni aziendali moderne che soddisfino ogni franchisee. Vorremmo trasmettere ai nostri partner la nostra conoscenza di falegnameria e le competenze acquisite nel corso degli anni nella gestione della propria attivit\u00e0 sotto forma di formazione adeguata, cio\u00e8 il cosiddetto know-how. Inoltre, offriamo<\/p>\n<p>esclusivit\u00e0 per la regione di 50-100 mila residenti<br \/>\n&#8211; preventivo di progettazione del salone<br \/>\n&#8211; marcatura di base del punto vendita<br \/>\n&#8211; biglietto da visita individuale sul nostro sito web,<br \/>\n&#8211; supporto marketing,<br \/>\n&#8211; attivit\u00e0 di pubbliche relazioni nei media locali, nella stampa e nei portali di settore<\/p>\n<p><strong>Cosa ci aspettiamo dai nostri partner in franchising?<\/strong><br \/>\nOltre alla volont\u00e0 e all&#8217;entusiasmo per lavorare nella propria attivit\u00e0, oltre a creare l&#8217;immagine della nostra azienda, dai potenziali partner ci aspettiamo, soprattutto, uno spazio commerciale di 40-120 mq con una localizzazione attraente. Inoltre, saranno necessari i contanti per coprire i costi di ristrutturazione e adeguamento, che ammonter\u00e0 a diverse migliaia di euro secondo le dimensioni, nonch\u00e9 dello stato del locale posseduto. Al fine di soddisfare le aspettative dei nostri partner in franchising, siamo in grado di offrire un credito commerciale per i beni necessari per avviare l\u2019attivit\u00e0.<\/p>\n<p><strong>Vi invitiamo cordialmente alla cooperazione.<\/strong><\/p>\n<p><strong>Servizo Clienti:\u00a0<\/strong><\/p>\n<p>cell. <a href=\"tel:0048 881 952 330\">0048 881 952 330<\/a><\/p>\n<\/div>\n        <\/div>\n    <\/div>\n<\/div>    \n<\/section>\n\n","protected":false},"excerpt":{"rendered":"","protected":false},"author":3,"featured_media":0,"parent":4644,"menu_order":0,"comment_status":"closed","ping_status":"closed","template":"pages\/product-single.php","meta":[],"acf":[],"_links":{"self":[{"href":"https:\/\/fintecnic.eu\/en\/wp-json\/wp\/v2\/pages\/4648"}],"collection":[{"href":"https:\/\/fintecnic.eu\/en\/wp-json\/wp\/v2\/pages"}],"about":[{"href":"https:\/\/fintecnic.eu\/en\/wp-json\/wp\/v2\/types\/page"}],"author":[{"embeddable":true,"href":"https:\/\/fintecnic.eu\/en\/wp-json\/wp\/v2\/users\/3"}],"replies":[{"embeddable":true,"href":"https:\/\/fintecnic.eu\/en\/wp-json\/wp\/v2\/comments?post=4648"}],"version-history":[{"count":1,"href":"https:\/\/fintecnic.eu\/en\/wp-json\/wp\/v2\/pages\/4648\/revisions"}],"predecessor-version":[{"id":4649,"href":"https:\/\/fintecnic.eu\/en\/wp-json\/wp\/v2\/pages\/4648\/revisions\/4649"}],"up":[{"embeddable":true,"href":"https:\/\/fintecnic.eu\/en\/wp-json\/wp\/v2\/pages\/4644"}],"wp:attachment":[{"href":"https:\/\/fintecnic.eu\/en\/wp-json\/wp\/v2\/media?parent=4648"}],"curies":[{"name":"wp","href":"https:\/\/api.w.org\/{rel}","templated":true}]}}