{"id":4631,"date":"2021-04-09T09:46:26","date_gmt":"2021-04-09T07:46:26","guid":{"rendered":"https:\/\/fintecnic.eu\/?page_id=4631"},"modified":"2023-09-12T21:22:43","modified_gmt":"2023-09-12T19:22:43","slug":"montage","status":"publish","type":"page","link":"https:\/\/fintecnic.eu\/en\/montage\/","title":{"rendered":"Montage"},"content":{"rendered":"<section id=\"\" class=\"title_description_image title_description_video acf-block  acf-block-id-block_2d47afbdd487b37005748581c353ac60 acf-block--mb acf-block--mt\">\n\n                                    \n    <div class=\"container\">\n        <div class=\"row\">\n            <div class=\"col-12 col-md-10 offset-md-1\">\n\n                <div class=\"title_description_image__heading\">\n                    <div class=\"title_description_image__heading__left\">\n\n                                \n    <span class=\"title_description_image__title_small title-small\">Monta\u017c<\/span>\n    <h2 class=\"title_description_image__title title\">Nawet najlepsze okna nie spe\u0142ni\u0105 swojej roli bez prawid\u0142owego monta\u017cu.<\/h2>\n\n    <div class=\"paragraph title_description_image__description\">Prawid\u0142owy monta\u017c okien uzyskujemy poprzez zabezpieczenie pianki poliuretanowej, tj. wykonanie dodatkowego uszczelnienia od strony wewn\u0119trznej i zewn\u0119trznej z\u0142\u0105cza okiennego b\u0105d\u017a te\u017c zastosowanie wielofunkcyjnej, impregnowanej ta\u015bmy rozpr\u0119\u017cnej &#8211; jednego produktu spe\u0142niaj\u0105cego wymagania we wszystkich trzech warstwach uszczelnienia zarazem.<\/div>\n\n                    <\/div>\n\n                                            <a href=\"#block_2d47afbdd487b37005748581c353ac60\" class=\"title_description_image__heading__btn btn-oval-gray\"><i class=\"fal fa-arrow-down\"><\/i><\/a>\n                                    <\/div>\n\n            <\/div>\n        <\/div>\n\n        \t\t\t<div class=\"row\">\n\t\t\t\t<div class=\"col-12\">\n\t\t\t\t\t<div id=\"block_2d47afbdd487b37005748581c353ac60\" class=\"video_section__video\" data-video=\"https:\/\/fintecnic.eu\/app\/uploads\/2021\/04\/FinTecnic_lores_2_FINAL.mov\">\n\t\t\t\t\t\t\t\t\t\t\t\t\t\t\t\t\t<div class=\"cover\">\n\t\t\t\t\t\t\t<img decoding=\"async\" class=\"video_section__video__cover\" width=\"1210\" height=\"678\" src=\"https:\/\/fintecnic.eu\/app\/uploads\/2021\/04\/video_section-scaled-1210x678-c-default.webp\" loading=\"lazy\" alt=\"\" srcset=\"\n\t\t\t\t\t\t\t\thttps:\/\/fintecnic.eu\/app\/uploads\/2021\/04\/video_section-scaled-605x339-c-default.webp 605w,\n\t\t\t\t\t\t\t\thttps:\/\/fintecnic.eu\/app\/uploads\/2021\/04\/video_section-scaled-1210x678-c-default.webp 1210w,\n\t\t\t\t\t\t\t\thttps:\/\/fintecnic.eu\/app\/uploads\/2021\/04\/video_section-scaled-2420x1356-c-default.webp 2420w\n\t\t\t\t\t\t\t\">\n\t\t\t\t\t\t<\/div>\n\n\t\t\t\t\t\t<button class=\"video_section__video__play\" aria-label=\"\" data-video-play>\n\t\t\t\t\t\t\t<i class=\"fas fa-play\"><\/i>\n\t\t\t\t\t\t<\/button>\n\t\t\t\t\t\t\t\t\t<\/div>\n\t\t\t<\/div>\n            <\/div>\n\n<\/section>\n\n","protected":false},"excerpt":{"rendered":"","protected":false},"author":3,"featured_media":0,"parent":0,"menu_order":0,"comment_status":"closed","ping_status":"closed","template":"","meta":[],"acf":[],"_links":{"self":[{"href":"https:\/\/fintecnic.eu\/en\/wp-json\/wp\/v2\/pages\/4631"}],"collection":[{"href":"https:\/\/fintecnic.eu\/en\/wp-json\/wp\/v2\/pages"}],"about":[{"href":"https:\/\/fintecnic.eu\/en\/wp-json\/wp\/v2\/types\/page"}],"author":[{"embeddable":true,"href":"https:\/\/fintecnic.eu\/en\/wp-json\/wp\/v2\/users\/3"}],"replies":[{"embeddable":true,"href":"https:\/\/fintecnic.eu\/en\/wp-json\/wp\/v2\/comments?post=4631"}],"version-history":[{"count":1,"href":"https:\/\/fintecnic.eu\/en\/wp-json\/wp\/v2\/pages\/4631\/revisions"}],"predecessor-version":[{"id":4632,"href":"https:\/\/fintecnic.eu\/en\/wp-json\/wp\/v2\/pages\/4631\/revisions\/4632"}],"wp:attachment":[{"href":"https:\/\/fintecnic.eu\/en\/wp-json\/wp\/v2\/media?parent=4631"}],"curies":[{"name":"wp","href":"https:\/\/api.w.org\/{rel}","templated":true}]}}