{"id":4487,"date":"2021-07-06T15:27:20","date_gmt":"2021-07-06T13:27:20","guid":{"rendered":"https:\/\/fintecnic.eu\/?page_id=4487"},"modified":"2023-09-12T12:31:30","modified_gmt":"2023-09-12T10:31:30","slug":"torino","status":"publish","type":"page","link":"https:\/\/fintecnic.eu\/en\/windows\/pvc-windows\/torino\/","title":{"rendered":"Torino"},"content":{"rendered":"<section id=\"\" class=\"title_description acf-block  acf-block-id-block_a62e7c28200793a0a987a8b18f457c75 acf-block--mb acf-block--mt\">\n\n            <div class=\"container\">\n    <div class=\"row\">\n        <div class=\"col-12 col-lg-10 offset-lg-1\">\n                        \n\n    <div class=\"description title_description__description\"><h2>PVC Windows in Turin<\/h2>\n<p>PVC windows have dominated the window market for many years, and with their popularity they have overtaken aluminium and wooden windows. They have many advantages, so it is not surprising that they are the most frequently chosen type of windows not only in Poland.<\/p>\n<p>PVC windows are above all durable. Buying them is a significant investment and saving. This type of window is characterised by its high resistance, so choosing them ensures that we do not have to plan to exchange windows for new ones for many years. It could also be said that they are the most insulated windows, effectively protecting rooms from noise and heat loss. By having the most energy-efficient windows, we do not have to consume as much heat, so the cost of heating could be a repayment of the amount we spend on PVC windows from Poland.<\/p>\n<h2>PVC windows from Poland in Turin<\/h2>\n<p>.<br \/>\nWe are a window company located in \u0141\u00f3d\u017a that offers a wide range of window products. We have PVC windows, aluminium or wooden windows from well-known brands such as Salamander, Aluplast or even Aluprof. Apart from windows, we also have doors and windowsills in our offer.<\/p>\n<p>Thanks to the excellent location of our company Fintecnic, we offer the brand PVC windows Turin to customers from Turin and beyond. We handle every order professionally and as a priority, offering advice and help in the event of problems with the choice of our products.<\/p>\n<p>At Fintecnic, we focus above all on service. We remain at your disposal and are happy to answer all your questions. We are aware that purchasing windows may be a difficult decision because a wide range causes customers to be unsure of their needs and requirements. The windows from our assortment are tested, durable and of high quality.<\/p>\n<p>We cooperate with well-known and popular profile manufacturers, including with Salamander and Aluplast, who produce PVC profiles for customers in Turin, choosing only durable and safe materials.<\/p>\n<h2>Fintecnic &#8211; extensive assortment<\/h2>\n<p>.<br \/>\nOur company is constantly developing and we are expanding our assortment with new, proven products. Our customers gladly choose not only windows from Poland, but also doors and shutters.<\/p>\n<p>We distinguish ourselves above all by our wide and advantageous offer. Besides the fact that we have branded products, we supply them at very good prices. We want our customers to be the most satisfied and to be able to choose practical and elegant PVC windows, and also aluminium windows from Poland regardless of cost. We cordially invite you to follow our assortment and purchase high-quality PVC windows from Turin. We guarantee fast order fulfilment.<\/p>\n<\/div>\n        <\/div>\n    <\/div>\n<\/div>    \n<\/section>\n\n\n\n<section id=\"\" class=\"files_block image_tabs acf-block  acf-block-id-block_01a438e0d1ace1a445fde1d7f27af34c acf-block--mb acf-block--mt\">\n\n    <div class=\"container\">\n        <div class=\"row\">\n            <div class=\"col-12 col-md-10 offset-md-1\">\n\n                            \n\n\n\n                                    <div data-tabs class=\"files_block__tabs\">\n                        <div data-tabs-container class=\"files_block__tabs__buttons\"><\/div>\n                        \n                            <div data-tab=\"Gallery\" class=\"image_tabs__content\">\n\n                                <div class=\"row\">\n\n                                                                            \n                                                                                    <a href=\"https:\/\/fintecnic.eu\/app\/uploads\/2021\/07\/finestre-pvc-torino-fintecnic.jpg\" data-fancybox=\"tab-0\" data-caption=\"\" class=\"col-12 image_tabs__content__item\">\n                                                <figure>\n                                                    <img decoding=\"async\" src=\"https:\/\/fintecnic.eu\/app\/uploads\/2021\/07\/finestre-pvc-torino-fintecnic.jpg\" alt=\"\">\n                                                    <figcaption><\/figcaption>\n                                                <\/figure>\n                                            <\/a>\n                                        \n                                    \n                                    \n                                                                    <\/div>\n\n\n                            <\/div>\n\n                                            <\/div>\n                \n\n            <\/div>\n        <\/div>\n    <\/div>\n\n<\/section>\n\n","protected":false},"excerpt":{"rendered":"","protected":false},"author":3,"featured_media":3345,"parent":4147,"menu_order":0,"comment_status":"closed","ping_status":"closed","template":"pages\/product-single.php","meta":[],"acf":[],"_links":{"self":[{"href":"https:\/\/fintecnic.eu\/en\/wp-json\/wp\/v2\/pages\/4487"}],"collection":[{"href":"https:\/\/fintecnic.eu\/en\/wp-json\/wp\/v2\/pages"}],"about":[{"href":"https:\/\/fintecnic.eu\/en\/wp-json\/wp\/v2\/types\/page"}],"author":[{"embeddable":true,"href":"https:\/\/fintecnic.eu\/en\/wp-json\/wp\/v2\/users\/3"}],"replies":[{"embeddable":true,"href":"https:\/\/fintecnic.eu\/en\/wp-json\/wp\/v2\/comments?post=4487"}],"version-history":[{"count":3,"href":"https:\/\/fintecnic.eu\/en\/wp-json\/wp\/v2\/pages\/4487\/revisions"}],"predecessor-version":[{"id":4490,"href":"https:\/\/fintecnic.eu\/en\/wp-json\/wp\/v2\/pages\/4487\/revisions\/4490"}],"up":[{"embeddable":true,"href":"https:\/\/fintecnic.eu\/en\/wp-json\/wp\/v2\/pages\/4147"}],"wp:featuredmedia":[{"embeddable":true,"href":"https:\/\/fintecnic.eu\/en\/wp-json\/wp\/v2\/media\/3345"}],"wp:attachment":[{"href":"https:\/\/fintecnic.eu\/en\/wp-json\/wp\/v2\/media?parent=4487"}],"curies":[{"name":"wp","href":"https:\/\/api.w.org\/{rel}","templated":true}]}}