{"id":4430,"date":"2021-04-09T13:25:58","date_gmt":"2021-04-09T11:25:58","guid":{"rendered":"https:\/\/fintecnic.eu\/?page_id=4430"},"modified":"2023-10-06T10:23:31","modified_gmt":"2023-10-06T08:23:31","slug":"contact","status":"publish","type":"page","link":"https:\/\/fintecnic.eu\/en\/contact\/","title":{"rendered":"Contact"},"content":{"rendered":"<section id=\"\" class=\"title_description acf-block  acf-block-id-block_3b9b556ec2d83d8a3050870d40fe8c1f acf-block--mb acf-block--mt\">\n\n            <div class=\"container\">\n    <div class=\"row\">\n        <div class=\"col-12 col-lg-10 offset-lg-1\">\n                        \n    <span class=\"title_description__title_small title-small\">Contact Fintecnic<\/span>\n    <h2 class=\"title_description__title title\">Contact our specialists<\/h2>\n\n    <div class=\"description title_description__description\"><p>Do you have questions or need expert advice? Contact us using the contact form below, come to our office in Aleksandr\u00f3w \u0141\u00f3dzki, call or write to our specialists directly.<\/p>\n<\/div>\n        <\/div>\n    <\/div>\n<\/div>    \n<\/section>\n\n\n\n<section id=\"\" class=\"title_description acf-block  acf-block-id-block_84862cfaa98eae5af3ed9e0394361c6a acf-block--mb acf-block--mt\">\n\n            <div class=\"container\">\n    <div class=\"row\">\n        <div class=\"col-12 col-lg-10 offset-lg-1\">\n                        \n    <span class=\"title_description__title_small title-small\">Company data<\/span>\n\n    <div class=\"description title_description__description\"><p>FinTecnic<br \/>\nBrukowa 8 Kl. A II floor<br \/>\n(industrial zone)<br \/>\n91-341 \u0141\u00f3d\u017a, Poland<\/p>\n<p>NIP (partita IVA) &#8211; PL 7322207070<\/p>\n<p>Current account: 02 2490 0005 0000 4600 7687 5121 (EURO)<\/p>\n<p>Current account for configurator: 04 2490 0005 0000 4600 1874 9290  (EURO)<\/p>\n<p>Tel: <a href=\"tel:0048 42 279 62 24\">0048 42 279 62 24<\/a><br \/>\ne-mail: <a href=\"mailto:italia@fintecnic.eu\">italia@fintecnic.eu<\/a><\/p>\n<\/div>\n        <\/div>\n    <\/div>\n<\/div>    \n<\/section>\n\n\n\n<section id=\"\" class=\"title_description acf-block  acf-block-id-block_0c077a78d5c3821767d3197617180890 acf-block--mb acf-block--mt\">\n\n            <div class=\"container\">\n    <div class=\"row\">\n        <div class=\"col-12 col-lg-10 offset-lg-1\">\n                        \n    <span class=\"title_description__title_small title-small\">Quotations<\/span>\n\n    <div class=\"description title_description__description\"><p>e-mail: <a href=\"mailto:preventivi@fintecnic.eu\">preventivi@fintecnic.eu<\/a><\/p>\n<\/div>\n        <\/div>\n    <\/div>\n<\/div>    \n<\/section>\n\n\n\n<section id=\"\" class=\"title_description acf-block  acf-block-id-block_0afef4fba89f5154032974a931c8a647 acf-block--mb acf-block--mt\">\n\n            <div class=\"container\">\n    <div class=\"row\">\n        <div class=\"col-12 col-lg-10 offset-lg-1\">\n                        \n    <span class=\"title_description__title_small title-small\">Orders<\/span>\n\n    <div class=\"description title_description__description\"><p>e-mail: <a href=\"mailto:ordini@fintecnic.eu\">ordini@fintecnic.eu<\/a><\/p>\n<\/div>\n        <\/div>\n    <\/div>\n<\/div>    \n<\/section>\n\n\n\n<section id=\"\" class=\"title_description acf-block  acf-block-id-block_841b4480b9f1ad360759e345391fff14 acf-block--mb acf-block--mt\">\n\n            <div class=\"container\">\n    <div class=\"row\">\n        <div class=\"col-12 col-lg-10 offset-lg-1\">\n                        \n    <span class=\"title_description__title_small title-small\">Accounting<\/span>\n\n    <div class=\"description title_description__description\"><p>e-mail: <a href=\"mailto:contabilita@fintecnic.eu\">contabilita@fintecnic.eu<\/a><\/p>\n<\/div>\n        <\/div>\n    <\/div>\n<\/div>    \n<\/section>\n\n\n\n<section id=\"\" class=\"title_description acf-block  acf-block-id-block_41162ceb8930c6ccf2645ae78d84933d acf-block--mb acf-block--mt\">\n\n            <div class=\"container\">\n    <div class=\"row\">\n        <div class=\"col-12 col-lg-10 offset-lg-1\">\n                        \n    <span class=\"title_description__title_small title-small\">Customer Service<\/span>\n\n    <div class=\"description title_description__description\"><p>mobile. <a href=\"tel:0048 881 952 330\">0048 881 952 330<\/a>  mobile. <a href=\"tel:0048 881 093 768\">0048 881 093 768<\/a><br \/>\ne-mail: <a href=\"mailto:italia@fintecnic.eu\">italia@fintecnic.eu<\/a><br \/>\nskype: fintecnic.eu<\/p>\n<\/div>\n        <\/div>\n    <\/div>\n<\/div>    \n<\/section>\n\n\n\n<section id=\"\" class=\"title_description acf-block  acf-block-id-block_bd9e49520c163d16755ab8cf62d91a35 acf-block--mb acf-block--mt\">\n\n            <div class=\"container\">\n    <div class=\"row\">\n        <div class=\"col-12 col-lg-10 offset-lg-1\">\n                        \n    <span class=\"title_description__title_small title-small\">Working hours<\/span>\n\n    <div class=\"description title_description__description\"><p>Monday\/Friday 9.00 &#8211; 17.00<\/p>\n<\/div>\n        <\/div>\n    <\/div>\n<\/div>    \n<\/section>\n\n\n\n<section id=\"\" class=\"title_description acf-block  acf-block-id-block_c8a8cbf0f64cae6680c7f6b79666d289 acf-block--mb acf-block--mt\">\n\n            <div class=\"container\">\n    <div class=\"row\">\n        <div class=\"col-12 col-lg-10 offset-lg-1\">\n                        \n    <h2 class=\"title_description__title title\">Sales Representative Centre-South<\/h2>\n\n    <div class=\"description title_description__description\"><p>Sebastian Belzyt<\/p>\n<p>Tel: <a href=\"tel:+39 349 159 88 93\">+39 349 159 88 93<\/a><br \/>\ne-mail: <a href=\"mailto:s.belzyt@fintecnic.eu\">s.belzyt@fintecnic.eu<\/a><\/p>\n<\/div>\n        <\/div>\n    <\/div>\n<\/div>    \n<\/section>\n\n\n\n<section id=\"\" class=\"files_block acf-block  acf-block-id-block_d9fbb00a9f35c5eca4f3dc0040c851ec acf-block--mb acf-block--mt\">\n\n    <div class=\"container\">\n        <div class=\"row\">\n            <div class=\"col-12 col-md-10 offset-md-1\">\n\n                            \n\n\n                                <div data-tabs class=\"files_block__tabs\">\n                    <div data-tabs-container class=\"files_block__tabs__buttons files_block__tabs__buttons--hidden\"><\/div>\n                    \n                        <div data-tab=\"\" class=\"files_block__tabs__content\">\n\n                                                            <a href=\"https:\/\/fintecnic.eu\/app\/uploads\/2021\/07\/modulo_di_richiesta.pdf\" download class=\"files_block__file\" aria-label=\"Download FinTecnic application form\">\n                                    <span class=\"files_block__file__title\">FinTecnic application form<\/span>\n                                    <span class=\"files_block__file__download\">Scaricare il file<\/span>\n                                <\/a>\n                            \n                        <\/div>\n                                    <\/div>\n                            <\/div>\n        <\/div>\n    <\/div>\n\n<\/section>\n\n\n\n<section id=\"\" class=\"files_block image_tabs acf-block  acf-block-id-block_e4bd98b38d643b1206fd5031da8c7253 acf-block--mb acf-block--mt\">\n\n    <div class=\"container\">\n        <div class=\"row\">\n            <div class=\"col-12 col-md-10 offset-md-1\">\n\n                            \n    <span class=\"files_block__title_small title-small\">BOLOGNA &#8211; ARREDI E INFISSI DI CALABRESE<\/span>\n    <h2 class=\"files_block__title title\">FINTECNIC PREMIUM PARTNER<\/h2>\n\n\n\n                                    <div data-tabs class=\"files_block__tabs\">\n                        <div data-tabs-container class=\"files_block__tabs__buttons\"><\/div>\n                        \n                            <div data-tab=\"Company data\" class=\"image_tabs__content\">\n\n                                <div class=\"row\">\n\n                                    \n                                                                            <div class=\"col-12\">\n                                            <div class=\"description\">Our company has been present in Bologna since 1999.<br \/>\r\nWe work thanks to the quality of our products, the professionalism of our staff and the precious technical consultancy<br \/>\r\nWho accompanies the customer until the end of the work with assistance and punctuality.<br \/>\r\nWe take care of tax deduction procedures.<br \/>\r\nWe try to provide a complete service, at a good price, freeing the customer from any bureaucratic commitment.<br \/>\r\nWe create PVC, PVC\/ALUMINIUM, WOOD AND ALUMINUM frames, INTERNAL DOORS, SHUTTERS, MOSQUITO NETS,<br \/>\r\nARMORED DOORS, SECURITY GATES AND FURNISHING ACCESSORIES.<br \/>\r\n<br \/>\r\nOur showroom is in Bologna in Via Bellaria 42\/A. 40139 Bologna<br \/>\r\n<br \/>\r\nTel. <a href=\"tel:+39 0512815854\">+39 0512815854<\/a><\/div>\n                                        <\/div>\n                                    \n                                                                    <\/div>\n\n\n                            <\/div>\n\n                        \n                            <div data-tab=\"Photos\" class=\"image_tabs__content\">\n\n                                <div class=\"row\">\n\n                                                                            \n                                        \n                                            <a href=\"https:\/\/fintecnic.eu\/app\/uploads\/2021\/07\/persiane-in-alluminio-bologna-calabrese-infissi.jpg\" data-fancybox=\"tab-1\" data-caption=\"\" class=\"col-12 col-sm-6 col-md-4 image_tabs__content__item\">\n                                                <figure>\n                                                    <img decoding=\"async\" src=\"https:\/\/fintecnic.eu\/app\/uploads\/2021\/07\/persiane-in-alluminio-bologna-calabrese-infissi-500x259-c-default.jpg\" alt=\"\">\n                                                    <figcaption><\/figcaption>\n                                                <\/figure>\n                                            <\/a>\n                                        \n                                                                            \n                                        \n                                            <a href=\"https:\/\/fintecnic.eu\/app\/uploads\/2021\/07\/infissi-e-finestre-pvc-bologna-calabrese-infissi.jpg\" data-fancybox=\"tab-1\" data-caption=\"\" class=\"col-12 col-sm-6 col-md-4 image_tabs__content__item\">\n                                                <figure>\n                                                    <img decoding=\"async\" src=\"https:\/\/fintecnic.eu\/app\/uploads\/2021\/07\/infissi-e-finestre-pvc-bologna-calabrese-infissi-500x259-c-default.jpg\" alt=\"\">\n                                                    <figcaption><\/figcaption>\n                                                <\/figure>\n                                            <\/a>\n                                        \n                                                                            \n                                        \n                                            <a href=\"https:\/\/fintecnic.eu\/app\/uploads\/2021\/07\/finestre-pvc-bologna-calabrese-infissi.jpg\" data-fancybox=\"tab-1\" data-caption=\"\" class=\"col-12 col-sm-6 col-md-4 image_tabs__content__item\">\n                                                <figure>\n                                                    <img decoding=\"async\" src=\"https:\/\/fintecnic.eu\/app\/uploads\/2021\/07\/finestre-pvc-bologna-calabrese-infissi-500x259-c-default.jpg\" alt=\"\">\n                                                    <figcaption><\/figcaption>\n                                                <\/figure>\n                                            <\/a>\n                                        \n                                                                            \n                                        \n                                            <a href=\"https:\/\/fintecnic.eu\/app\/uploads\/2021\/07\/finestre-e-infissi-pvc-bologna-calabrese-infissi.jpg\" data-fancybox=\"tab-1\" data-caption=\"\" class=\"col-12 col-sm-6 col-md-4 image_tabs__content__item\">\n                                                <figure>\n                                                    <img decoding=\"async\" src=\"https:\/\/fintecnic.eu\/app\/uploads\/2021\/07\/finestre-e-infissi-pvc-bologna-calabrese-infissi-500x259-c-default.jpg\" alt=\"\">\n                                                    <figcaption><\/figcaption>\n                                                <\/figure>\n                                            <\/a>\n                                        \n                                                                            \n                                        \n                                            <a href=\"https:\/\/fintecnic.eu\/app\/uploads\/2021\/07\/finestre-alluminio-bologna-calabrese-infissi.jpg\" data-fancybox=\"tab-1\" data-caption=\"\" class=\"col-12 col-sm-6 col-md-4 image_tabs__content__item\">\n                                                <figure>\n                                                    <img decoding=\"async\" src=\"https:\/\/fintecnic.eu\/app\/uploads\/2021\/07\/finestre-alluminio-bologna-calabrese-infissi-500x259-c-default.jpg\" alt=\"\">\n                                                    <figcaption><\/figcaption>\n                                                <\/figure>\n                                            <\/a>\n                                        \n                                                                            \n                                        \n                                            <a href=\"https:\/\/fintecnic.eu\/app\/uploads\/2021\/07\/cassonetti-da-restauro-bologna-calabrese-infissi.jpg\" data-fancybox=\"tab-1\" data-caption=\"\" class=\"col-12 col-sm-6 col-md-4 image_tabs__content__item\">\n                                                <figure>\n                                                    <img decoding=\"async\" src=\"https:\/\/fintecnic.eu\/app\/uploads\/2021\/07\/cassonetti-da-restauro-bologna-calabrese-infissi-500x259-c-default.jpg\" alt=\"\">\n                                                    <figcaption><\/figcaption>\n                                                <\/figure>\n                                            <\/a>\n                                        \n                                    \n                                    \n                                                                    <\/div>\n\n\n                            <\/div>\n\n                        \n                            <div data-tab=\"Maps\" class=\"image_tabs__content\">\n\n                                <div class=\"row\">\n\n                                    \n                                                                            <div class=\"col-12\">\n                                            <div class=\"description\"><iframe src=\"https:\/\/www.google.com\/maps\/embed?pb=!1m18!1m12!1m3!1d2846.9439372719476!2d11.388700199999999!3d44.4753219!2m3!1f0!2f0!3f0!3m2!1i1024!2i768!4f13.1!3m3!1m2!1s0x477e2b1987d40a73%3A0x8ff69a93e4b45c50!2sVia%20Bellaria%2C%2042%2C%2040139%20Bologna%20BO%2C%20Italia!5e0!3m2!1sit!2spl!4v1685435472698!5m2!1sit!2spl\" width=\"100%\" height=\"450\" style=\"border:0;\" allowfullscreen=\"\" loading=\"lazy\" referrerpolicy=\"no-referrer-when-downgrade\"><\/iframe><\/div>\n                                        <\/div>\n                                    \n                                                                    <\/div>\n\n\n                            <\/div>\n\n                                            <\/div>\n                \n\n            <\/div>\n        <\/div>\n    <\/div>\n\n<\/section>\n\n","protected":false},"excerpt":{"rendered":"","protected":false},"author":3,"featured_media":0,"parent":0,"menu_order":0,"comment_status":"closed","ping_status":"closed","template":"","meta":[],"acf":[],"_links":{"self":[{"href":"https:\/\/fintecnic.eu\/en\/wp-json\/wp\/v2\/pages\/4430"}],"collection":[{"href":"https:\/\/fintecnic.eu\/en\/wp-json\/wp\/v2\/pages"}],"about":[{"href":"https:\/\/fintecnic.eu\/en\/wp-json\/wp\/v2\/types\/page"}],"author":[{"embeddable":true,"href":"https:\/\/fintecnic.eu\/en\/wp-json\/wp\/v2\/users\/3"}],"replies":[{"embeddable":true,"href":"https:\/\/fintecnic.eu\/en\/wp-json\/wp\/v2\/comments?post=4430"}],"version-history":[{"count":2,"href":"https:\/\/fintecnic.eu\/en\/wp-json\/wp\/v2\/pages\/4430\/revisions"}],"predecessor-version":[{"id":4935,"href":"https:\/\/fintecnic.eu\/en\/wp-json\/wp\/v2\/pages\/4430\/revisions\/4935"}],"wp:attachment":[{"href":"https:\/\/fintecnic.eu\/en\/wp-json\/wp\/v2\/media?parent=4430"}],"curies":[{"name":"wp","href":"https:\/\/api.w.org\/{rel}","templated":true}]}}